{"id":4938,"date":"2019-09-12T10:05:44","date_gmt":"2020-01-20T23:35:50","guid":{"rendered":"https:\/\/kfucoidan.com\/product\/%e6%b5%b7%e3%81%ae%e9%9b%ab%e3%83%95%e3%82%b3%e3%82%a4%e3%83%80%e3%83%b3-%e3%83%91%e3%82%a6%e3%83%80%e3%83%bc%e3%82%bf%e3%82%a4%e3%83%97\/"},"modified":"2021-01-21T14:21:58","modified_gmt":"2021-01-21T22:21:58","slug":"powder","status":"publish","type":"product","link":"https:\/\/www.kfucoidan.com\/vi\/product\/powder\/","title":{"rendered":"Fucoidan D\u1ea1ng B\u1ed9t"},"content":{"rendered":"","protected":false},"excerpt":{"rendered":"<p><!-- \/.item-detail --><span class=\"item-num\">K\u00fd hi\u1ec7u s\u1ea3n ph\u1ea9m: KS1<\/span><\/p>\n<div id=\"item-powder\" class=\"item-detail\">\n<p class=\"item-intro\">Fucoidan Mix AG (Th\u00e0nh ph\u1ea7n \u0111\u1ed9c quy\u1ec1n c\u00f3 trong s\u1ea3n ph\u1ea9m UMI NO SHIZUKU, pha tr\u1ed9n gi\u1eefa Fucoidan t\u1eeb t\u1ea3o n\u00e2u Mozuku, Fucoidan t\u1eeb t\u1ea3o n\u00e2u Mekabu v\u00e0 chi\u1ebft xu\u1ea5t n\u1ea5m Agaricus) theo t\u1ef7 l\u1ec7 \u0111\u1ed9c quy\u1ec1n, k\u1ebft h\u1ee3p v\u1edbi l\u00e1 l\u00faa m\u1ea1ch non, tr\u00e0 xanh v\u00e0 men bia \u0111\u1ec3 t\u1ea1o n\u00ean s\u1ea3n ph\u1ea9m d\u1ec5 ti\u00eau h\u00f3a. Theo h\u01b0\u1edbng d\u1eabn chung, h\u00e3y u\u1ed1ng 1-2 g\u00f3i m\u1ed7i ng\u00e0y, 1 g\u00f3i  c\u00f3 th\u1ec3 h\u00f2a tan trong 100-150cc n\u01b0\u1edbc.<\/p>\n<div class=\"item-description\">\n<p><span class=\"item-quantity\">Th\u00e0nh ph\u1ea7n: 45g (1.5g \u00d7 <span class=\"size is-inline\">30 g\u00f3i<\/span>)<\/span><br \/>\n<span class=\"item-fucoidan has-text-black\">H\u00e0m l\u01b0\u1ee3ng Fucoidan: 100mg \/ g\u00f3i<\/span><\/p>\n<div class=\"columns is-multiline\">\n<div class=\"column is-5\" data-delighter=\"\">\nTh\u00e0nh ph\u1ea7n ch\u00ednh<\/p>\n<ul>\n<li>\u30fbFucoidan Mix AG<\/li>\n<li>\u30fbL\u00e1 l\u00faa m\u1ea1ch non<\/li>\n<li>\u30fbTr\u00e0 xanh<\/li>\n<li>\u30fbMen bia<\/li>\n<\/ul>\n<p>&nbsp;\n<\/p><\/div>\n<div class=\"column is-5\" data-delighter=\"\">\n    <img decoding=\"async\" src=\"\/wp-content\/uploads\/2019\/09\/AG-FINAL.jpg\" alt=\"Fucoidan Mix AG\" class=\"fm-ag\" style=\"width:50%;\">\n<\/div>\n<\/div>\n<p><!--a class=\"has-text-black modal-button\" rel=\"noopener noreferrer\" data-target=\"modal-bis\">Supplement Facts<\/a--><\/p>\n<div id=\"modal-bis\" class=\"modal\">\n<div class=\"modal-background\"><\/div>\n<div class=\"modal-content\">\n<p class=\"image is-4by3\"><img decoding=\"async\" style=\"width: 724px; height: 624px;\" src=\"\/wp-content\/uploads\/2019\/09\/Powder_SupplementsFacts.jpg\" alt=\"Fucoidan powder supplement\"><\/p>\n<\/div>\n<p>&nbsp;<\/p>\n<\/div>\n<\/div>\n<div class=\"item-price\">\n<div class=\"table-scroll\">\n<h4 class=\"discount\">Chi\u1ebft Kh\u1ea5u<\/h4>\n<table class=\"table is-fullwidth is-striped table-discount\">\n<thead>\n<tr>\n<th>S\u1ed1 l\u01b0\u1ee3ng <!--(<span class=\"unit is-inline\">h\u1ed9p<\/span>)--><\/th>\n<th colspan=\"2\">\n<p style=\"margin-left: 5.5em;\">\u0110\u01a1n gi\u00e1<\/p>\n<\/th>\n<th><\/th>\n<\/tr>\n<\/thead>\n<tbody>\n<tr>\n<td>1-2 h\u1ed9p<\/td>\n<td><\/td>\n<td class=\"table-itemprice\">[iconic_product_price id=\"298\"]<small class=\"has-text-black has-text-weight-light\"> \/<span class=\"unit\"> h\u1ed9p<\/span><\/small><\/td>\n<td><\/td>\n<\/tr>\n<tr>\n<td>3-5 h\u1ed9p<\/td>\n<td class=\"has-text-right\"><del class=\"has-text-black has-text-weight-light\"><small>$80.00<\/small><\/del><\/td>\n<td class=\"table-itemprice\">$70.00<small class=\"has-text-black has-text-weight-light\"> \/ h\u1ed9p<\/small> <b class=\"has-text-black has-text-weight-light\">(Gi\u1ea3m $10)<\/b>\n<\/td>\n<td><\/td>\n<\/tr>\n<\/tbody>\n<\/table>\n<p class=\"discount-msg\"><a href=\"[vd_link]\">Vui l\u00f2ng li\u00ean h\u1ec7 v\u1edbi ch\u00fang t\u00f4i<br \/>\u0111\u1ec3 \u0111\u1eb7t h\u00e0ng v\u1edbi s\u1ed1 l\u01b0\u1ee3ng nhi\u1ec1u h\u01a1n 6 h\u1ed9p<\/a><\/p>\n<\/div>\n<\/div>\n<\/div>\n","protected":false},"featured_media":215490,"comment_status":"closed","ping_status":"closed","template":"","meta":[],"product_brand":[],"product_cat":[95],"product_tag":[],"class_list":{"0":"post-4938","1":"product","2":"type-product","3":"status-publish","4":"has-post-thumbnail","6":"product_cat-powd-caps-vi","8":"first","9":"instock","10":"taxable","11":"shipping-taxable","12":"purchasable","13":"product-type-simple"},"yoast_head":"<!-- This site is optimized with the Yoast SEO plugin v24.4 - https:\/\/yoast.com\/wordpress\/plugins\/seo\/ -->\n<title>Fucoidan D\u1ea1ng B\u1ed9t - Fucoidan Supplement from Okinawa, Made in Japan<\/title>\n<meta name=\"robots\" content=\"index, follow, max-snippet:-1, max-image-preview:large, max-video-preview:-1\" \/>\n<link rel=\"canonical\" href=\"https:\/\/www.kfucoidan.com\/vi\/product\/powder\/\" \/>\n<meta property=\"og:locale\" content=\"vi_VN\" \/>\n<meta property=\"og:type\" content=\"article\" \/>\n<meta property=\"og:title\" content=\"Fucoidan D\u1ea1ng B\u1ed9t - Fucoidan Supplement from Okinawa, Made in Japan\" \/>\n<meta property=\"og:description\" content=\"K\u00fd hi\u1ec7u s\u1ea3n ph\u1ea9m: KS1   Fucoidan Mix AG (Th\u00e0nh ph\u1ea7n \u0111\u1ed9c quy\u1ec1n c\u00f3 trong s\u1ea3n ph\u1ea9m UMI NO SHIZUKU, pha tr\u1ed9n gi\u1eefa Fucoidan t\u1eeb t\u1ea3o n\u00e2u Mozuku, Fucoidan t\u1eeb t\u1ea3o n\u00e2u Mekabu v\u00e0 chi\u1ebft xu\u1ea5t n\u1ea5m Agaricus) theo t\u1ef7 l\u1ec7 \u0111\u1ed9c quy\u1ec1n, k\u1ebft h\u1ee3p v\u1edbi l\u00e1 l\u00faa m\u1ea1ch non, tr\u00e0 xanh v\u00e0 men bia \u0111\u1ec3 t\u1ea1o n\u00ean s\u1ea3n ph\u1ea9m d\u1ec5 ti\u00eau h\u00f3a. Theo h\u01b0\u1edbng d\u1eabn chung, h\u00e3y u\u1ed1ng 1-2 g\u00f3i m\u1ed7i ng\u00e0y, 1 g\u00f3i c\u00f3 th\u1ec3 h\u00f2a tan trong 100-150cc n\u01b0\u1edbc.    Th\u00e0nh ph\u1ea7n: 45g (1.5g \u00d7 30 g\u00f3i) H\u00e0m l\u01b0\u1ee3ng Fucoidan: 100mg \/ g\u00f3i     Th\u00e0nh ph\u1ea7n ch\u00ednh    \u30fbFucoidan Mix AG   \u30fbL\u00e1 l\u00faa m\u1ea1ch non   \u30fbTr\u00e0 xanh   \u30fbMen bia  &nbsp;               &nbsp;      Chi\u1ebft Kh\u1ea5u    S\u1ed1 l\u01b0\u1ee3ng  \u0110\u01a1n gi\u00e1      1-2 h\u1ed9p   \/ h\u1ed9p    3-5 h\u1ed9p $80.00 $70.00 \/ h\u1ed9p (Gi\u1ea3m $10)      Vui l\u00f2ng li\u00ean h\u1ec7 v\u1edbi ch\u00fang t\u00f4i\u0111\u1ec3 \u0111\u1eb7t h\u00e0ng v\u1edbi s\u1ed1 l\u01b0\u1ee3ng nhi\u1ec1u h\u01a1n 6 h\u1ed9p\" \/>\n<meta property=\"og:url\" content=\"https:\/\/www.kfucoidan.com\/vi\/product\/powder\/\" \/>\n<meta property=\"og:site_name\" content=\"Fucoidan Supplement from Okinawa, Made in Japan\" \/>\n<meta property=\"article:publisher\" content=\"https:\/\/www.facebook.com\/kfucoidan\" \/>\n<meta property=\"article:modified_time\" content=\"2021-01-21T22:21:58+00:00\" \/>\n<meta property=\"og:image\" content=\"https:\/\/www.kfucoidan.com\/wp-content\/uploads\/2019\/09\/Powder_1-01.jpg\" \/>\n\t<meta property=\"og:image:width\" content=\"1250\" \/>\n\t<meta property=\"og:image:height\" content=\"1250\" \/>\n\t<meta property=\"og:image:type\" content=\"image\/jpeg\" \/>\n<meta name=\"twitter:card\" content=\"summary_large_image\" \/>\n<meta name=\"twitter:site\" content=\"@kfucoidan\" \/>\n<script type=\"application\/ld+json\" class=\"yoast-schema-graph\">{\"@context\":\"https:\/\/schema.org\",\"@graph\":[{\"@type\":\"WebPage\",\"@id\":\"https:\/\/www.kfucoidan.com\/vi\/product\/powder\/\",\"url\":\"https:\/\/www.kfucoidan.com\/vi\/product\/powder\/\",\"name\":\"Fucoidan D\u1ea1ng B\u1ed9t - Fucoidan Supplement from Okinawa, Made in Japan\",\"isPartOf\":{\"@id\":\"https:\/\/www.kfucoidan.com\/#website\"},\"primaryImageOfPage\":{\"@id\":\"https:\/\/www.kfucoidan.com\/vi\/product\/powder\/#primaryimage\"},\"image\":{\"@id\":\"https:\/\/www.kfucoidan.com\/vi\/product\/powder\/#primaryimage\"},\"thumbnailUrl\":\"https:\/\/www.kfucoidan.com\/wp-content\/uploads\/2019\/09\/Powder_1-01.jpg\",\"datePublished\":\"2020-01-20T23:35:50+00:00\",\"dateModified\":\"2021-01-21T22:21:58+00:00\",\"breadcrumb\":{\"@id\":\"https:\/\/www.kfucoidan.com\/vi\/product\/powder\/#breadcrumb\"},\"inLanguage\":\"vi\",\"potentialAction\":[{\"@type\":\"ReadAction\",\"target\":[\"https:\/\/www.kfucoidan.com\/vi\/product\/powder\/\"]}]},{\"@type\":\"ImageObject\",\"inLanguage\":\"vi\",\"@id\":\"https:\/\/www.kfucoidan.com\/vi\/product\/powder\/#primaryimage\",\"url\":\"https:\/\/www.kfucoidan.com\/wp-content\/uploads\/2019\/09\/Powder_1-01.jpg\",\"contentUrl\":\"https:\/\/www.kfucoidan.com\/wp-content\/uploads\/2019\/09\/Powder_1-01.jpg\",\"width\":1250,\"height\":1250,\"caption\":\"Fucoidan powder supplement, Umi No Shizuku\"},{\"@type\":\"BreadcrumbList\",\"@id\":\"https:\/\/www.kfucoidan.com\/vi\/product\/powder\/#breadcrumb\",\"itemListElement\":[{\"@type\":\"ListItem\",\"position\":1,\"name\":\"Home\",\"item\":\"https:\/\/www.kfucoidan.com\/\"},{\"@type\":\"ListItem\",\"position\":2,\"name\":\"Fucoidan D\u1ea1ng B\u1ed9t\"}]},{\"@type\":\"WebSite\",\"@id\":\"https:\/\/www.kfucoidan.com\/#website\",\"url\":\"https:\/\/www.kfucoidan.com\/\",\"name\":\"Fucoidan Supplement from Okinawa, Made in Japan\",\"description\":\"Best Fucoidan and Agaricus mushroom supplement for immune support\",\"publisher\":{\"@id\":\"https:\/\/www.kfucoidan.com\/#organization\"},\"potentialAction\":[{\"@type\":\"SearchAction\",\"target\":{\"@type\":\"EntryPoint\",\"urlTemplate\":\"https:\/\/www.kfucoidan.com\/?s={search_term_string}\"},\"query-input\":{\"@type\":\"PropertyValueSpecification\",\"valueRequired\":true,\"valueName\":\"search_term_string\"}}],\"inLanguage\":\"vi\"},{\"@type\":\"Organization\",\"@id\":\"https:\/\/www.kfucoidan.com\/#organization\",\"name\":\"Fucoidan Umi No shizuku\",\"url\":\"https:\/\/www.kfucoidan.com\/\",\"logo\":{\"@type\":\"ImageObject\",\"inLanguage\":\"vi\",\"@id\":\"https:\/\/www.kfucoidan.com\/#\/schema\/logo\/image\/\",\"url\":\"https:\/\/www.kfucoidan.com\/wp-content\/uploads\/2020\/08\/logo.jpg\",\"contentUrl\":\"https:\/\/www.kfucoidan.com\/wp-content\/uploads\/2020\/08\/logo.jpg\",\"width\":960,\"height\":960,\"caption\":\"Fucoidan Umi No shizuku\"},\"image\":{\"@id\":\"https:\/\/www.kfucoidan.com\/#\/schema\/logo\/image\/\"},\"sameAs\":[\"https:\/\/www.facebook.com\/kfucoidan\",\"https:\/\/x.com\/kfucoidan\",\"https:\/\/www.instagram.com\/kfucoidan\/\",\"https:\/\/www.youtube.com\/channel\/UCJ6f6KE078t9bLQpmYwdiEw\"]}]}<\/script>\n<!-- \/ Yoast SEO plugin. -->","yoast_head_json":{"title":"Fucoidan D\u1ea1ng B\u1ed9t - Fucoidan Supplement from Okinawa, Made in Japan","robots":{"index":"index","follow":"follow","max-snippet":"max-snippet:-1","max-image-preview":"max-image-preview:large","max-video-preview":"max-video-preview:-1"},"canonical":"https:\/\/www.kfucoidan.com\/vi\/product\/powder\/","og_locale":"vi_VN","og_type":"article","og_title":"Fucoidan D\u1ea1ng B\u1ed9t - Fucoidan Supplement from Okinawa, Made in Japan","og_description":"K\u00fd hi\u1ec7u s\u1ea3n ph\u1ea9m: KS1   Fucoidan Mix AG (Th\u00e0nh ph\u1ea7n \u0111\u1ed9c quy\u1ec1n c\u00f3 trong s\u1ea3n ph\u1ea9m UMI NO SHIZUKU, pha tr\u1ed9n gi\u1eefa Fucoidan t\u1eeb t\u1ea3o n\u00e2u Mozuku, Fucoidan t\u1eeb t\u1ea3o n\u00e2u Mekabu v\u00e0 chi\u1ebft xu\u1ea5t n\u1ea5m Agaricus) theo t\u1ef7 l\u1ec7 \u0111\u1ed9c quy\u1ec1n, k\u1ebft h\u1ee3p v\u1edbi l\u00e1 l\u00faa m\u1ea1ch non, tr\u00e0 xanh v\u00e0 men bia \u0111\u1ec3 t\u1ea1o n\u00ean s\u1ea3n ph\u1ea9m d\u1ec5 ti\u00eau h\u00f3a. Theo h\u01b0\u1edbng d\u1eabn chung, h\u00e3y u\u1ed1ng 1-2 g\u00f3i m\u1ed7i ng\u00e0y, 1 g\u00f3i c\u00f3 th\u1ec3 h\u00f2a tan trong 100-150cc n\u01b0\u1edbc.    Th\u00e0nh ph\u1ea7n: 45g (1.5g \u00d7 30 g\u00f3i) H\u00e0m l\u01b0\u1ee3ng Fucoidan: 100mg \/ g\u00f3i     Th\u00e0nh ph\u1ea7n ch\u00ednh    \u30fbFucoidan Mix AG   \u30fbL\u00e1 l\u00faa m\u1ea1ch non   \u30fbTr\u00e0 xanh   \u30fbMen bia  &nbsp;               &nbsp;      Chi\u1ebft Kh\u1ea5u    S\u1ed1 l\u01b0\u1ee3ng  \u0110\u01a1n gi\u00e1      1-2 h\u1ed9p   \/ h\u1ed9p    3-5 h\u1ed9p $80.00 $70.00 \/ h\u1ed9p (Gi\u1ea3m $10)      Vui l\u00f2ng li\u00ean h\u1ec7 v\u1edbi ch\u00fang t\u00f4i\u0111\u1ec3 \u0111\u1eb7t h\u00e0ng v\u1edbi s\u1ed1 l\u01b0\u1ee3ng nhi\u1ec1u h\u01a1n 6 h\u1ed9p","og_url":"https:\/\/www.kfucoidan.com\/vi\/product\/powder\/","og_site_name":"Fucoidan Supplement from Okinawa, Made in Japan","article_publisher":"https:\/\/www.facebook.com\/kfucoidan","article_modified_time":"2021-01-21T22:21:58+00:00","og_image":[{"width":1250,"height":1250,"url":"https:\/\/www.kfucoidan.com\/wp-content\/uploads\/2019\/09\/Powder_1-01.jpg","type":"image\/jpeg"}],"twitter_card":"summary_large_image","twitter_site":"@kfucoidan","schema":{"@context":"https:\/\/schema.org","@graph":[{"@type":"WebPage","@id":"https:\/\/www.kfucoidan.com\/vi\/product\/powder\/","url":"https:\/\/www.kfucoidan.com\/vi\/product\/powder\/","name":"Fucoidan D\u1ea1ng B\u1ed9t - Fucoidan Supplement from Okinawa, Made in Japan","isPartOf":{"@id":"https:\/\/www.kfucoidan.com\/#website"},"primaryImageOfPage":{"@id":"https:\/\/www.kfucoidan.com\/vi\/product\/powder\/#primaryimage"},"image":{"@id":"https:\/\/www.kfucoidan.com\/vi\/product\/powder\/#primaryimage"},"thumbnailUrl":"https:\/\/www.kfucoidan.com\/wp-content\/uploads\/2019\/09\/Powder_1-01.jpg","datePublished":"2020-01-20T23:35:50+00:00","dateModified":"2021-01-21T22:21:58+00:00","breadcrumb":{"@id":"https:\/\/www.kfucoidan.com\/vi\/product\/powder\/#breadcrumb"},"inLanguage":"vi","potentialAction":[{"@type":"ReadAction","target":["https:\/\/www.kfucoidan.com\/vi\/product\/powder\/"]}]},{"@type":"ImageObject","inLanguage":"vi","@id":"https:\/\/www.kfucoidan.com\/vi\/product\/powder\/#primaryimage","url":"https:\/\/www.kfucoidan.com\/wp-content\/uploads\/2019\/09\/Powder_1-01.jpg","contentUrl":"https:\/\/www.kfucoidan.com\/wp-content\/uploads\/2019\/09\/Powder_1-01.jpg","width":1250,"height":1250,"caption":"Fucoidan powder supplement, Umi No Shizuku"},{"@type":"BreadcrumbList","@id":"https:\/\/www.kfucoidan.com\/vi\/product\/powder\/#breadcrumb","itemListElement":[{"@type":"ListItem","position":1,"name":"Home","item":"https:\/\/www.kfucoidan.com\/"},{"@type":"ListItem","position":2,"name":"Fucoidan D\u1ea1ng B\u1ed9t"}]},{"@type":"WebSite","@id":"https:\/\/www.kfucoidan.com\/#website","url":"https:\/\/www.kfucoidan.com\/","name":"Fucoidan Supplement from Okinawa, Made in Japan","description":"Best Fucoidan and Agaricus mushroom supplement for immune support","publisher":{"@id":"https:\/\/www.kfucoidan.com\/#organization"},"potentialAction":[{"@type":"SearchAction","target":{"@type":"EntryPoint","urlTemplate":"https:\/\/www.kfucoidan.com\/?s={search_term_string}"},"query-input":{"@type":"PropertyValueSpecification","valueRequired":true,"valueName":"search_term_string"}}],"inLanguage":"vi"},{"@type":"Organization","@id":"https:\/\/www.kfucoidan.com\/#organization","name":"Fucoidan Umi No shizuku","url":"https:\/\/www.kfucoidan.com\/","logo":{"@type":"ImageObject","inLanguage":"vi","@id":"https:\/\/www.kfucoidan.com\/#\/schema\/logo\/image\/","url":"https:\/\/www.kfucoidan.com\/wp-content\/uploads\/2020\/08\/logo.jpg","contentUrl":"https:\/\/www.kfucoidan.com\/wp-content\/uploads\/2020\/08\/logo.jpg","width":960,"height":960,"caption":"Fucoidan Umi No shizuku"},"image":{"@id":"https:\/\/www.kfucoidan.com\/#\/schema\/logo\/image\/"},"sameAs":["https:\/\/www.facebook.com\/kfucoidan","https:\/\/x.com\/kfucoidan","https:\/\/www.instagram.com\/kfucoidan\/","https:\/\/www.youtube.com\/channel\/UCJ6f6KE078t9bLQpmYwdiEw"]}]}},"_links":{"self":[{"href":"https:\/\/www.kfucoidan.com\/vi\/wp-json\/wp\/v2\/product\/4938","targetHints":{"allow":["GET"]}}],"collection":[{"href":"https:\/\/www.kfucoidan.com\/vi\/wp-json\/wp\/v2\/product"}],"about":[{"href":"https:\/\/www.kfucoidan.com\/vi\/wp-json\/wp\/v2\/types\/product"}],"replies":[{"embeddable":true,"href":"https:\/\/www.kfucoidan.com\/vi\/wp-json\/wp\/v2\/comments?post=4938"}],"wp:featuredmedia":[{"embeddable":true,"href":"https:\/\/www.kfucoidan.com\/vi\/wp-json\/wp\/v2\/media\/215490"}],"wp:attachment":[{"href":"https:\/\/www.kfucoidan.com\/vi\/wp-json\/wp\/v2\/media?parent=4938"}],"wp:term":[{"taxonomy":"product_brand","embeddable":true,"href":"https:\/\/www.kfucoidan.com\/vi\/wp-json\/wp\/v2\/product_brand?post=4938"},{"taxonomy":"product_cat","embeddable":true,"href":"https:\/\/www.kfucoidan.com\/vi\/wp-json\/wp\/v2\/product_cat?post=4938"},{"taxonomy":"product_tag","embeddable":true,"href":"https:\/\/www.kfucoidan.com\/vi\/wp-json\/wp\/v2\/product_tag?post=4938"}],"curies":[{"name":"wp","href":"https:\/\/api.w.org\/{rel}","templated":true}]}}