{"id":4931,"date":"2019-09-12T10:42:11","date_gmt":"2020-01-20T23:30:48","guid":{"rendered":"https:\/\/kfucoidan.com\/product\/%e6%b5%b7%e3%81%ae%e9%9b%ab%e3%83%95%e3%82%b3%e3%82%a4%e3%83%80%e3%83%b3-%e3%82%ab%e3%83%97%e3%82%bb%e3%83%ab%e3%82%bf%e3%82%a4%e3%83%97\/"},"modified":"2021-01-21T14:20:59","modified_gmt":"2021-01-21T22:20:59","slug":"capsule","status":"publish","type":"product","link":"https:\/\/www.kfucoidan.com\/vi\/product\/capsule\/","title":{"rendered":"Fucoidan Lo\u1ea1i Vi\u00ean Nang"},"content":{"rendered":"","protected":false},"excerpt":{"rendered":"<p><!-- \/.item-detail --><span class=\"item-num\">k\u00fd hi\u1ec7u s\u1ea3n ph\u1ea9m: KS2<\/span><\/p>\n<div class=\"item-detail\" id=\"item-capsule\">\n<p class=\"item-intro\">\n Nguy\u00ean ch\u1ea5t Fucoidan Mix AG, s\u1ea3n ph\u1ea9m \u0111\u01b0\u1ee3c l\u00e0m d\u01b0\u1edbi d\u1ea1ng vi\u00ean nang g\u1ed1c th\u1ef1c v\u1eadt d\u1ec5 ti\u00eau h\u00f3a. C\u00f3 th\u1ec3 d\u1ec5 d\u00e0ng \u0111i\u1ec1u ch\u1ec9nh l\u01b0\u1ee3ng h\u1ea5p th\u1ee5 b\u1eb1ng c\u00e1ch u\u1ed1ng v\u00e0i vi\u00ean trong su\u1ed1t c\u1ea3 ng\u00e0y. (H\u00e0m l\u01b0\u1ee3ng Fucoidan: 212.5 mg\/ vi\u00ean nang) Theo h\u01b0\u1edbng d\u1eabn chung, 3-5 vi\u00ean m\u1ed7i ng\u00e0y, kh\u00f4ng c\u1ea7n nhai.\n                                    <\/p>\n<div class=\"item-description\">\n<p>\n                                            <span class=\"item-quantity\">Th\u00e0nh ph\u1ea7n: (310mg \u00d7 <span class=\"size is-inline\">120 vi\u00ean<\/span>)<\/span><br \/>\n                                            <span class=\"item-fucoidan has-text-black\">H\u00e0m l\u01b0\u1ee3ng Fucoidan: 212.5mg\/ vi\u00ean<\/span>\n                                            <\/p>\n<div class=\"columns is-multiline\">\n<div class=\"column is-5\" data-delighter=\"\">\n<span>Th\u00e0nh ph\u1ea7n ch\u00ednh<\/p>\n<ul>\n<li>\u30fbFucoidan Mix AG<\/li>\n<li>\u30fbVi\u00ean nang g\u1ed1c th\u1ef1c v\u1eadt<\/li>\n<\/ul>\n<\/div>\n<div class=\"column is-5\" data-delighter=\"\">\n    <img decoding=\"async\" src=\"\/wp-content\/uploads\/2019\/09\/AG-FINAL.jpg\" alt=\"Fucoidan Mix AG\" class=\"fm-ag\" style=\"width:50%;\">\n<\/div>\n<\/div>\n<p>                                         <\/span><\/p>\n<p>  <!--a class=\"has-text-black modal-button\" data-target=\"modal-bis2\" rel=\"noopener noreferrer\">Supplement Facts<\/a-->           <\/p>\n<div id=\"modal-bis2\" class=\"modal\">\n<div class=\"modal-background\"><\/div>\n<div class=\"modal-content\">\n<p class=\"image is-4by3\">\n      <img decoding=\"async\" src=\"\/wp-content\/uploads\/2019\/09\/Capsule_SupplementsFacts.jpg\" alt=\"\" style=\"width: 572px;height: 637px;\">\n    <\/p>\n<\/p><\/div>\n<p>  <button class=\"modal-close is-large\" aria-label=\"close\"><\/button>\n<\/div>\n<\/div>\n<div class=\"item-price\">\n<div class=\"table-scroll\">\n<h4 class=\"discount\">Chi\u1ebft Kh\u1ea5u<\/h4>\n<table class=\"table is-fullwidth is-striped table-discount\">\n<thead>\n<tr>\n<th>S\u1ed1 l\u01b0\u1ee3ng <!--(<span class=\"unit is-inline\">chai<\/span>)--><\/th>\n<th colspan=\"2\">\n<p style=\"margin-left: 5.5em;\">\u0110\u01a1n gi\u00e1<\/p>\n<\/th>\n<th><\/th>\n<\/tr>\n<\/thead>\n<tbody>\n<tr>\n<td>1-2 chai<\/td>\n<td><\/td>\n<td class=\"table-itemprice\">[iconic_product_price id=\"301\"]<small class=\"has-text-black has-text-weight-light\">\/<span class=\"unit\"> chai<\/span><\/small><\/td>\n<\/tr>\n<tr>\n<td>3-5 chai<\/td>\n<td class=\"has-text-right\"><del class=\"has-text-black has-text-weight-light\"><small>$330.00<\/small><\/del> <\/td>\n<td class=\"table-itemprice\">$300.00<small class=\"has-text-black has-text-weight-light\">\/ chai<\/small> <b class=\"has-text-black has-text-weight-light\">(Gi\u1ea3m $30)<\/b><\/td>\n<\/tr>\n<p><!--tr>\n\n\n<td>6 \u2013 11chai<\/td>\n\n\n\n\n<td class=\"has-text-right\"><del class=\"has-text-black has-text-weight-light\"><small>$330<\/small><\/del><\/td>\n\n\n\n\n<td class=\"table-itemprice\">$270<small class=\"has-text-black has-text-weight-light\">\/ chai<\/small> <b class=\"has-text-black has-text-weight-light\">($60 OFF)<\/b><\/td>\n\n\n<\/tr>\n\n\n\n\n<tr>\n\n\n<td>12 \u2013 23chai<\/td>\n\n\n\n\n<td class=\"has-text-right\"><del class=\"has-text-black has-text-weight-light\"><small>$330<\/small><\/del><\/td>\n\n\n\n\n<td class=\"table-itemprice\">$260<small class=\"has-text-black has-text-weight-light\">\/chai<\/small> <b class=\"has-text-black has-text-weight-light\">($70 OFF)<\/b><\/td>\n\n\n<\/tr>\n\n\n\n\n<tr>\n\n\n<td>24 tr\u1edf l\u00ean<\/td>\n\n\n\n\n<td class=\"has-text-right\"><del class=\"has-text-black has-text-weight-light\"><small>$330<\/small><\/del><\/td>\n\n\n\n\n<td class=\"table-itemprice\">$250<small class=\"has-text-black has-text-weight-light\">\/chai<\/small> <b class=\"has-text-black has-text-weight-light\">($80 OFF)<\/b><\/td>\n\n\n<\/tr-->\n<\/tbody>\n<\/table>\n<p class=\"discount-msg\"><a href=\"[vd_link]\">Vui l\u00f2ng li\u00ean h\u1ec7 v\u1edbi ch\u00fang t\u00f4i<br \/>\u0111\u1ec3 \u0111\u1eb7t h\u00e0ng v\u1edbi s\u1ed1 l\u01b0\u1ee3ng nhi\u1ec1u h\u01a1n 6 h\u1ed9p<\/a><\/p>\n<\/div>\n<\/div>\n<\/div>\n","protected":false},"featured_media":124942,"comment_status":"closed","ping_status":"closed","template":"","meta":[],"product_brand":[],"product_cat":[95],"product_tag":[],"class_list":{"0":"post-4931","1":"product","2":"type-product","3":"status-publish","4":"has-post-thumbnail","6":"product_cat-powd-caps-vi","8":"first","9":"instock","10":"taxable","11":"shipping-taxable","12":"purchasable","13":"product-type-simple"},"yoast_head":"<!-- This site is optimized with the Yoast SEO plugin v24.4 - https:\/\/yoast.com\/wordpress\/plugins\/seo\/ -->\n<title>Fucoidan Lo\u1ea1i Vi\u00ean Nang - Fucoidan Supplement from Okinawa, Made in Japan<\/title>\n<meta name=\"robots\" content=\"index, follow, max-snippet:-1, max-image-preview:large, max-video-preview:-1\" \/>\n<link rel=\"canonical\" href=\"https:\/\/www.kfucoidan.com\/vi\/product\/capsule\/\" \/>\n<meta property=\"og:locale\" content=\"vi_VN\" \/>\n<meta property=\"og:type\" content=\"article\" \/>\n<meta property=\"og:title\" content=\"Fucoidan Lo\u1ea1i Vi\u00ean Nang - Fucoidan Supplement from Okinawa, Made in Japan\" \/>\n<meta property=\"og:description\" content=\"k\u00fd hi\u1ec7u s\u1ea3n ph\u1ea9m: KS2     Nguy\u00ean ch\u1ea5t Fucoidan Mix AG, s\u1ea3n ph\u1ea9m \u0111\u01b0\u1ee3c l\u00e0m d\u01b0\u1edbi d\u1ea1ng vi\u00ean nang g\u1ed1c th\u1ef1c v\u1eadt d\u1ec5 ti\u00eau h\u00f3a. C\u00f3 th\u1ec3 d\u1ec5 d\u00e0ng \u0111i\u1ec1u ch\u1ec9nh l\u01b0\u1ee3ng h\u1ea5p th\u1ee5 b\u1eb1ng c\u00e1ch u\u1ed1ng v\u00e0i vi\u00ean trong su\u1ed1t c\u1ea3 ng\u00e0y. (H\u00e0m l\u01b0\u1ee3ng Fucoidan: 212.5 mg\/ vi\u00ean nang) Theo h\u01b0\u1edbng d\u1eabn chung, 3-5 vi\u00ean m\u1ed7i ng\u00e0y, kh\u00f4ng c\u1ea7n nhai.                                            Th\u00e0nh ph\u1ea7n: (310mg \u00d7 120 vi\u00ean)                       H\u00e0m l\u01b0\u1ee3ng Fucoidan: 212.5mg\/ vi\u00ean                                                  Th\u00e0nh ph\u1ea7n ch\u00ednh  \u30fbFucoidan Mix AG \u30fbVi\u00ean nang g\u1ed1c th\u1ef1c v\u1eadt                                                                 Chi\u1ebft Kh\u1ea5u    S\u1ed1 l\u01b0\u1ee3ng  \u0110\u01a1n gi\u00e1      1-2 chai  \/ chai   3-5 chai $330.00  $300.00\/ chai (Gi\u1ea3m $30)     Vui l\u00f2ng li\u00ean h\u1ec7 v\u1edbi ch\u00fang t\u00f4i\u0111\u1ec3 \u0111\u1eb7t h\u00e0ng v\u1edbi s\u1ed1 l\u01b0\u1ee3ng nhi\u1ec1u h\u01a1n 6 h\u1ed9p\" \/>\n<meta property=\"og:url\" content=\"https:\/\/www.kfucoidan.com\/vi\/product\/capsule\/\" \/>\n<meta property=\"og:site_name\" content=\"Fucoidan Supplement from Okinawa, Made in Japan\" \/>\n<meta property=\"article:publisher\" content=\"https:\/\/www.facebook.com\/kfucoidan\" \/>\n<meta property=\"article:modified_time\" content=\"2021-01-21T22:20:59+00:00\" \/>\n<meta property=\"og:image\" content=\"https:\/\/www.kfucoidan.com\/wp-content\/uploads\/2019\/09\/SQ-Drink-Bottle-Wood-1.jpg\" \/>\n\t<meta property=\"og:image:width\" content=\"640\" \/>\n\t<meta property=\"og:image:height\" content=\"640\" \/>\n\t<meta property=\"og:image:type\" content=\"image\/jpeg\" \/>\n<meta name=\"twitter:card\" content=\"summary_large_image\" \/>\n<meta name=\"twitter:site\" content=\"@kfucoidan\" \/>\n<script type=\"application\/ld+json\" class=\"yoast-schema-graph\">{\"@context\":\"https:\/\/schema.org\",\"@graph\":[{\"@type\":\"WebPage\",\"@id\":\"https:\/\/www.kfucoidan.com\/vi\/product\/capsule\/\",\"url\":\"https:\/\/www.kfucoidan.com\/vi\/product\/capsule\/\",\"name\":\"Fucoidan Lo\u1ea1i Vi\u00ean Nang - Fucoidan Supplement from Okinawa, Made in Japan\",\"isPartOf\":{\"@id\":\"https:\/\/www.kfucoidan.com\/#website\"},\"primaryImageOfPage\":{\"@id\":\"https:\/\/www.kfucoidan.com\/vi\/product\/capsule\/#primaryimage\"},\"image\":{\"@id\":\"https:\/\/www.kfucoidan.com\/vi\/product\/capsule\/#primaryimage\"},\"thumbnailUrl\":\"https:\/\/www.kfucoidan.com\/wp-content\/uploads\/2019\/09\/SQ-Drink-Bottle-Wood-1.jpg\",\"datePublished\":\"2020-01-20T23:30:48+00:00\",\"dateModified\":\"2021-01-21T22:20:59+00:00\",\"breadcrumb\":{\"@id\":\"https:\/\/www.kfucoidan.com\/vi\/product\/capsule\/#breadcrumb\"},\"inLanguage\":\"vi\",\"potentialAction\":[{\"@type\":\"ReadAction\",\"target\":[\"https:\/\/www.kfucoidan.com\/vi\/product\/capsule\/\"]}]},{\"@type\":\"ImageObject\",\"inLanguage\":\"vi\",\"@id\":\"https:\/\/www.kfucoidan.com\/vi\/product\/capsule\/#primaryimage\",\"url\":\"https:\/\/www.kfucoidan.com\/wp-content\/uploads\/2019\/09\/SQ-Drink-Bottle-Wood-1.jpg\",\"contentUrl\":\"https:\/\/www.kfucoidan.com\/wp-content\/uploads\/2019\/09\/SQ-Drink-Bottle-Wood-1.jpg\",\"width\":640,\"height\":640,\"caption\":\"Fucoidan liquid supplement, Umi No Shizuku\"},{\"@type\":\"BreadcrumbList\",\"@id\":\"https:\/\/www.kfucoidan.com\/vi\/product\/capsule\/#breadcrumb\",\"itemListElement\":[{\"@type\":\"ListItem\",\"position\":1,\"name\":\"Home\",\"item\":\"https:\/\/www.kfucoidan.com\/\"},{\"@type\":\"ListItem\",\"position\":2,\"name\":\"Fucoidan Lo\u1ea1i Vi\u00ean Nang\"}]},{\"@type\":\"WebSite\",\"@id\":\"https:\/\/www.kfucoidan.com\/#website\",\"url\":\"https:\/\/www.kfucoidan.com\/\",\"name\":\"Fucoidan Supplement from Okinawa, Made in Japan\",\"description\":\"Best Fucoidan and Agaricus mushroom supplement for immune support\",\"publisher\":{\"@id\":\"https:\/\/www.kfucoidan.com\/#organization\"},\"potentialAction\":[{\"@type\":\"SearchAction\",\"target\":{\"@type\":\"EntryPoint\",\"urlTemplate\":\"https:\/\/www.kfucoidan.com\/?s={search_term_string}\"},\"query-input\":{\"@type\":\"PropertyValueSpecification\",\"valueRequired\":true,\"valueName\":\"search_term_string\"}}],\"inLanguage\":\"vi\"},{\"@type\":\"Organization\",\"@id\":\"https:\/\/www.kfucoidan.com\/#organization\",\"name\":\"Fucoidan Umi No shizuku\",\"url\":\"https:\/\/www.kfucoidan.com\/\",\"logo\":{\"@type\":\"ImageObject\",\"inLanguage\":\"vi\",\"@id\":\"https:\/\/www.kfucoidan.com\/#\/schema\/logo\/image\/\",\"url\":\"https:\/\/www.kfucoidan.com\/wp-content\/uploads\/2020\/08\/logo.jpg\",\"contentUrl\":\"https:\/\/www.kfucoidan.com\/wp-content\/uploads\/2020\/08\/logo.jpg\",\"width\":960,\"height\":960,\"caption\":\"Fucoidan Umi No shizuku\"},\"image\":{\"@id\":\"https:\/\/www.kfucoidan.com\/#\/schema\/logo\/image\/\"},\"sameAs\":[\"https:\/\/www.facebook.com\/kfucoidan\",\"https:\/\/x.com\/kfucoidan\",\"https:\/\/www.instagram.com\/kfucoidan\/\",\"https:\/\/www.youtube.com\/channel\/UCJ6f6KE078t9bLQpmYwdiEw\"]}]}<\/script>\n<!-- \/ Yoast SEO plugin. -->","yoast_head_json":{"title":"Fucoidan Lo\u1ea1i Vi\u00ean Nang - Fucoidan Supplement from Okinawa, Made in Japan","robots":{"index":"index","follow":"follow","max-snippet":"max-snippet:-1","max-image-preview":"max-image-preview:large","max-video-preview":"max-video-preview:-1"},"canonical":"https:\/\/www.kfucoidan.com\/vi\/product\/capsule\/","og_locale":"vi_VN","og_type":"article","og_title":"Fucoidan Lo\u1ea1i Vi\u00ean Nang - Fucoidan Supplement from Okinawa, Made in Japan","og_description":"k\u00fd hi\u1ec7u s\u1ea3n ph\u1ea9m: KS2     Nguy\u00ean ch\u1ea5t Fucoidan Mix AG, s\u1ea3n ph\u1ea9m \u0111\u01b0\u1ee3c l\u00e0m d\u01b0\u1edbi d\u1ea1ng vi\u00ean nang g\u1ed1c th\u1ef1c v\u1eadt d\u1ec5 ti\u00eau h\u00f3a. C\u00f3 th\u1ec3 d\u1ec5 d\u00e0ng \u0111i\u1ec1u ch\u1ec9nh l\u01b0\u1ee3ng h\u1ea5p th\u1ee5 b\u1eb1ng c\u00e1ch u\u1ed1ng v\u00e0i vi\u00ean trong su\u1ed1t c\u1ea3 ng\u00e0y. (H\u00e0m l\u01b0\u1ee3ng Fucoidan: 212.5 mg\/ vi\u00ean nang) Theo h\u01b0\u1edbng d\u1eabn chung, 3-5 vi\u00ean m\u1ed7i ng\u00e0y, kh\u00f4ng c\u1ea7n nhai.                                            Th\u00e0nh ph\u1ea7n: (310mg \u00d7 120 vi\u00ean)                       H\u00e0m l\u01b0\u1ee3ng Fucoidan: 212.5mg\/ vi\u00ean                                                  Th\u00e0nh ph\u1ea7n ch\u00ednh  \u30fbFucoidan Mix AG \u30fbVi\u00ean nang g\u1ed1c th\u1ef1c v\u1eadt                                                                 Chi\u1ebft Kh\u1ea5u    S\u1ed1 l\u01b0\u1ee3ng  \u0110\u01a1n gi\u00e1      1-2 chai  \/ chai   3-5 chai $330.00  $300.00\/ chai (Gi\u1ea3m $30)     Vui l\u00f2ng li\u00ean h\u1ec7 v\u1edbi ch\u00fang t\u00f4i\u0111\u1ec3 \u0111\u1eb7t h\u00e0ng v\u1edbi s\u1ed1 l\u01b0\u1ee3ng nhi\u1ec1u h\u01a1n 6 h\u1ed9p","og_url":"https:\/\/www.kfucoidan.com\/vi\/product\/capsule\/","og_site_name":"Fucoidan Supplement from Okinawa, Made in Japan","article_publisher":"https:\/\/www.facebook.com\/kfucoidan","article_modified_time":"2021-01-21T22:20:59+00:00","og_image":[{"width":640,"height":640,"url":"https:\/\/www.kfucoidan.com\/wp-content\/uploads\/2019\/09\/SQ-Drink-Bottle-Wood-1.jpg","type":"image\/jpeg"}],"twitter_card":"summary_large_image","twitter_site":"@kfucoidan","schema":{"@context":"https:\/\/schema.org","@graph":[{"@type":"WebPage","@id":"https:\/\/www.kfucoidan.com\/vi\/product\/capsule\/","url":"https:\/\/www.kfucoidan.com\/vi\/product\/capsule\/","name":"Fucoidan Lo\u1ea1i Vi\u00ean Nang - Fucoidan Supplement from Okinawa, Made in Japan","isPartOf":{"@id":"https:\/\/www.kfucoidan.com\/#website"},"primaryImageOfPage":{"@id":"https:\/\/www.kfucoidan.com\/vi\/product\/capsule\/#primaryimage"},"image":{"@id":"https:\/\/www.kfucoidan.com\/vi\/product\/capsule\/#primaryimage"},"thumbnailUrl":"https:\/\/www.kfucoidan.com\/wp-content\/uploads\/2019\/09\/SQ-Drink-Bottle-Wood-1.jpg","datePublished":"2020-01-20T23:30:48+00:00","dateModified":"2021-01-21T22:20:59+00:00","breadcrumb":{"@id":"https:\/\/www.kfucoidan.com\/vi\/product\/capsule\/#breadcrumb"},"inLanguage":"vi","potentialAction":[{"@type":"ReadAction","target":["https:\/\/www.kfucoidan.com\/vi\/product\/capsule\/"]}]},{"@type":"ImageObject","inLanguage":"vi","@id":"https:\/\/www.kfucoidan.com\/vi\/product\/capsule\/#primaryimage","url":"https:\/\/www.kfucoidan.com\/wp-content\/uploads\/2019\/09\/SQ-Drink-Bottle-Wood-1.jpg","contentUrl":"https:\/\/www.kfucoidan.com\/wp-content\/uploads\/2019\/09\/SQ-Drink-Bottle-Wood-1.jpg","width":640,"height":640,"caption":"Fucoidan liquid supplement, Umi No Shizuku"},{"@type":"BreadcrumbList","@id":"https:\/\/www.kfucoidan.com\/vi\/product\/capsule\/#breadcrumb","itemListElement":[{"@type":"ListItem","position":1,"name":"Home","item":"https:\/\/www.kfucoidan.com\/"},{"@type":"ListItem","position":2,"name":"Fucoidan Lo\u1ea1i Vi\u00ean Nang"}]},{"@type":"WebSite","@id":"https:\/\/www.kfucoidan.com\/#website","url":"https:\/\/www.kfucoidan.com\/","name":"Fucoidan Supplement from Okinawa, Made in Japan","description":"Best Fucoidan and Agaricus mushroom supplement for immune support","publisher":{"@id":"https:\/\/www.kfucoidan.com\/#organization"},"potentialAction":[{"@type":"SearchAction","target":{"@type":"EntryPoint","urlTemplate":"https:\/\/www.kfucoidan.com\/?s={search_term_string}"},"query-input":{"@type":"PropertyValueSpecification","valueRequired":true,"valueName":"search_term_string"}}],"inLanguage":"vi"},{"@type":"Organization","@id":"https:\/\/www.kfucoidan.com\/#organization","name":"Fucoidan Umi No shizuku","url":"https:\/\/www.kfucoidan.com\/","logo":{"@type":"ImageObject","inLanguage":"vi","@id":"https:\/\/www.kfucoidan.com\/#\/schema\/logo\/image\/","url":"https:\/\/www.kfucoidan.com\/wp-content\/uploads\/2020\/08\/logo.jpg","contentUrl":"https:\/\/www.kfucoidan.com\/wp-content\/uploads\/2020\/08\/logo.jpg","width":960,"height":960,"caption":"Fucoidan Umi No shizuku"},"image":{"@id":"https:\/\/www.kfucoidan.com\/#\/schema\/logo\/image\/"},"sameAs":["https:\/\/www.facebook.com\/kfucoidan","https:\/\/x.com\/kfucoidan","https:\/\/www.instagram.com\/kfucoidan\/","https:\/\/www.youtube.com\/channel\/UCJ6f6KE078t9bLQpmYwdiEw"]}]}},"_links":{"self":[{"href":"https:\/\/www.kfucoidan.com\/vi\/wp-json\/wp\/v2\/product\/4931","targetHints":{"allow":["GET"]}}],"collection":[{"href":"https:\/\/www.kfucoidan.com\/vi\/wp-json\/wp\/v2\/product"}],"about":[{"href":"https:\/\/www.kfucoidan.com\/vi\/wp-json\/wp\/v2\/types\/product"}],"replies":[{"embeddable":true,"href":"https:\/\/www.kfucoidan.com\/vi\/wp-json\/wp\/v2\/comments?post=4931"}],"wp:featuredmedia":[{"embeddable":true,"href":"https:\/\/www.kfucoidan.com\/vi\/wp-json\/wp\/v2\/media\/124942"}],"wp:attachment":[{"href":"https:\/\/www.kfucoidan.com\/vi\/wp-json\/wp\/v2\/media?parent=4931"}],"wp:term":[{"taxonomy":"product_brand","embeddable":true,"href":"https:\/\/www.kfucoidan.com\/vi\/wp-json\/wp\/v2\/product_brand?post=4931"},{"taxonomy":"product_cat","embeddable":true,"href":"https:\/\/www.kfucoidan.com\/vi\/wp-json\/wp\/v2\/product_cat?post=4931"},{"taxonomy":"product_tag","embeddable":true,"href":"https:\/\/www.kfucoidan.com\/vi\/wp-json\/wp\/v2\/product_tag?post=4931"}],"curies":[{"name":"wp","href":"https:\/\/api.w.org\/{rel}","templated":true}]}}