{"id":4924,"date":"2019-09-12T10:49:50","date_gmt":"2020-01-20T23:27:50","guid":{"rendered":"https:\/\/kfucoidan.com\/product\/%e6%b5%b7%e3%81%ae%e9%9b%ab%e3%83%95%e3%82%b3%e3%82%a4%e3%83%80%e3%83%b3-%e3%83%89%e3%83%aa%e3%83%b3%e3%82%af%e3%82%bf%e3%82%a4%e3%83%97\/"},"modified":"2021-04-12T17:21:37","modified_gmt":"2021-04-13T00:21:37","slug":"drink","status":"publish","type":"product","link":"https:\/\/www.kfucoidan.com\/vi\/product\/drink\/","title":{"rendered":"Fucoidan D\u1ea1ng N\u01b0\u1edbc"},"content":{"rendered":"","protected":false},"excerpt":{"rendered":"<p><!-- \/.item-detail --><span class=\"item-num\">K\u00fd hi\u1ec7u s\u1ea3n ph\u1ea9m: KS3<\/span><\/p>\n<div class=\"item-detail\" id=\"item-bottle\">\n<p class=\"item-intro\">\n Th\u1ef1c ph\u1ea9m b\u1ed5 sung dinh d\u01b0\u1ee1ng v\u00e0 s\u1ee9c kh\u1ecfe v\u1edbi d\u1ea1ng n\u01b0\u1edbc, c\u00f3 c\u00f4ng th\u1ee9c c\u00e2n b\u1eb1ng \u0111\u1ed9c quy\u1ec1n bao g\u1ed3m vitamin C, vitamin B6, vitamin B2 v\u00e0 c\u00e1c th\u00e0nh ph\u1ea7n \u0111\u01b0\u1ee3c l\u1ef1a ch\u1ecdn c\u1ea9n th\u1eadn kh\u00e1c \u0111\u1ec3 duy tr\u00ec s\u1ee9c kh\u1ecfe, \u0111\u01b0\u1ee3c b\u1ed5 sung v\u00e0o Fucoidan Mix AG.\n                                    <\/p>\n<div class=\"item-description\">\n<p>\n<span class=\"item-quantity\">Th\u00e0nh ph\u1ea7n: 50mL x <span class=\"is-inline size\">30 chai<\/span><\/span><br \/>\n                      <span class=\"item-fucoidan has-text-black\">H\u00e0m l\u01b0\u1ee3ng Fucoidan: 2,125mg \/ chai (50mL m\u1ed7i chai)<\/span>\n                      <\/p>\n<div class=\"columns is-multiline\">\n<div class=\"column is-5\" data-delighter=\"\">\n<p>                                            <span>Th\u00e0nh ph\u1ea7n ch\u00ednh<\/p>\n<ul>\n<li>\u30fbFucoidan Mix AG<\/li>\n<li>\u30fbVitamin C<\/li>\n<li>\u30fbVitamin E<\/li>\n<li>\u30fbVitamin B2<\/li>\n<li>\u30fbVitamin B6<\/li>\n<\/ul>\n<\/div>\n<div class=\"column is-5\" data-delighter=\"\">\n    <img decoding=\"async\" src=\"\/wp-content\/uploads\/2019\/09\/AG-FINAL.jpg\" alt=\"Fucoidan Mix AG\" class=\"fm-ag\" style=\"width:50%\">\n<\/div>\n<\/div>\n<p>                     <\/span><\/p>\n<p>  <!--a class=\"has-text-black modal-button\" data-target=\"modal-bis3\" rel=\"noopener noreferrer\"&gt;Supplement Facts&lt;\/a-->           <\/p>\n<div id=\"modal-bis3\" class=\"modal\">\n<div class=\"modal-background\"><\/div>\n<div class=\"modal-content\">\n<p class=\"image is-4by3\">\n      <img decoding=\"async\" src=\"\/wp-content\/uploads\/2019\/09\/Drink_SupplementsFacts.jpg\" alt=\"\" style=\"width: 627px;height: 814px\">\n    <\/p>\n<\/p><\/div>\n<p>  <button class=\"modal-close is-large\" aria-label=\"close\"><\/button>\n<\/div>\n<\/p><\/div>\n<div class=\"item-price\">\n<div class=\"table-scroll\">\n<h4 class=\"discount\">Chi\u1ebft Kh\u1ea5u<\/h4>\n<table class=\"table is-fullwidth is-striped table-discount\">\n<thead>\n<tr>\n<th>S\u1ed1 l\u01b0\u1ee3ng<\/th>\n<th colspan=\"2\">\n<p style=\"margin-left: 5.5em\">\u0110\u01a1n gi\u00e1<\/p>\n<\/th>\n<th><\/th>\n<\/tr>\n<\/thead>\n<tbody>\n<tr>\n<td>1-2 h\u1ed9p<\/td>\n<td><\/td>\n<td class=\"table-itemprice\">[iconic_product_price id=\"303\"]<small class=\"has-text-black has-text-weight-light\">\/<span class=\"unit\"> h\u1ed9p<\/span><\/small><\/td>\n<\/tr>\n<tr>\n<td>3-5 h\u1ed9p<\/td>\n<td class=\"has-text-right\"><del class=\"has-text-black has-text-weight-light\"><small>$880.00<\/small><\/del> <\/td>\n<td class=\"table-itemprice\">$850.00<small class=\"has-text-black has-text-weight-light\">\/ h\u1ed9p<\/small> <b class=\"has-text-black has-text-weight-light\">(Gi\u1ea3m $30)<\/b><\/td>\n<\/tr>\n<p><!--\n\n\n<td>6\u7bb1 \u4ee5\u4e0a<\/td>\n\n\n\n\n<td class=\"has-text-right\"><del class=\"has-text-black has-text-weight-light\"><small>$880<\/small><\/del> <\/td>\n\n\n\n\n<td class=\"table-itemprice\">$800<small class=\"has-text-black has-text-weight-light\">\/ h\u1ed9p<\/small> <b class=\"has-text-black has-text-weight-light\">($80 OFF)<\/b><\/td>\n\n--><\/p>\n<\/tbody>\n<\/table>\n<p class=\"discount-msg\"><a href=\"[vd_link]\">Vui l\u00f2ng li\u00ean h\u1ec7 v\u1edbi ch\u00fang t\u00f4i<br \/>\u0111\u1ec3 \u0111\u1eb7t h\u00e0ng v\u1edbi s\u1ed1 l\u01b0\u1ee3ng nhi\u1ec1u h\u01a1n 6 h\u1ed9p<\/a><\/p>\n<\/div>\n<\/div>\n<\/div>\n","protected":false},"featured_media":113975,"comment_status":"closed","ping_status":"closed","template":"","meta":[],"product_brand":[],"product_cat":[90],"product_tag":[],"class_list":{"0":"post-4924","1":"product","2":"type-product","3":"status-publish","4":"has-post-thumbnail","6":"product_cat-drink-vi","8":"first","9":"instock","10":"taxable","11":"shipping-taxable","12":"purchasable","13":"product-type-simple"},"yoast_head":"<!-- This site is optimized with the Yoast SEO plugin v24.4 - https:\/\/yoast.com\/wordpress\/plugins\/seo\/ -->\n<title>Fucoidan D\u1ea1ng N\u01b0\u1edbc - Fucoidan Supplement from Okinawa, Made in Japan<\/title>\n<meta name=\"robots\" content=\"index, follow, max-snippet:-1, max-image-preview:large, max-video-preview:-1\" \/>\n<link rel=\"canonical\" href=\"https:\/\/www.kfucoidan.com\/vi\/product\/drink\/\" \/>\n<meta property=\"og:locale\" content=\"vi_VN\" \/>\n<meta property=\"og:type\" content=\"article\" \/>\n<meta property=\"og:title\" content=\"Fucoidan D\u1ea1ng N\u01b0\u1edbc - Fucoidan Supplement from Okinawa, Made in Japan\" \/>\n<meta property=\"og:description\" content=\"K\u00fd hi\u1ec7u s\u1ea3n ph\u1ea9m: KS3     Th\u1ef1c ph\u1ea9m b\u1ed5 sung dinh d\u01b0\u1ee1ng v\u00e0 s\u1ee9c kh\u1ecfe v\u1edbi d\u1ea1ng n\u01b0\u1edbc, c\u00f3 c\u00f4ng th\u1ee9c c\u00e2n b\u1eb1ng \u0111\u1ed9c quy\u1ec1n bao g\u1ed3m vitamin C, vitamin B6, vitamin B2 v\u00e0 c\u00e1c th\u00e0nh ph\u1ea7n \u0111\u01b0\u1ee3c l\u1ef1a ch\u1ecdn c\u1ea9n th\u1eadn kh\u00e1c \u0111\u1ec3 duy tr\u00ec s\u1ee9c kh\u1ecfe, \u0111\u01b0\u1ee3c b\u1ed5 sung v\u00e0o Fucoidan Mix AG.                      Th\u00e0nh ph\u1ea7n: 50mL x 30 chai            H\u00e0m l\u01b0\u1ee3ng Fucoidan: 2,125mg \/ chai (50mL m\u1ed7i chai)                                      Th\u00e0nh ph\u1ea7n ch\u00ednh  \u30fbFucoidan Mix AG \u30fbVitamin C \u30fbVitamin E \u30fbVitamin B2 \u30fbVitamin B6                                                                              Chi\u1ebft Kh\u1ea5u    S\u1ed1 l\u01b0\u1ee3ng \u0110\u01a1n gi\u00e1      1-2 h\u1ed9p  \/ h\u1ed9p   3-5 h\u1ed9p $880.00  $850.00\/ h\u1ed9p (Gi\u1ea3m $30)      Vui l\u00f2ng li\u00ean h\u1ec7 v\u1edbi ch\u00fang t\u00f4i\u0111\u1ec3 \u0111\u1eb7t h\u00e0ng v\u1edbi s\u1ed1 l\u01b0\u1ee3ng nhi\u1ec1u h\u01a1n 6 h\u1ed9p\" \/>\n<meta property=\"og:url\" content=\"https:\/\/www.kfucoidan.com\/vi\/product\/drink\/\" \/>\n<meta property=\"og:site_name\" content=\"Fucoidan Supplement from Okinawa, Made in Japan\" \/>\n<meta property=\"article:publisher\" content=\"https:\/\/www.facebook.com\/kfucoidan\" \/>\n<meta property=\"article:modified_time\" content=\"2021-04-13T00:21:37+00:00\" \/>\n<meta property=\"og:image\" content=\"https:\/\/www.kfucoidan.com\/wp-content\/uploads\/2019\/09\/SQ-Product-Drink.jpg\" \/>\n\t<meta property=\"og:image:width\" content=\"640\" \/>\n\t<meta property=\"og:image:height\" content=\"640\" \/>\n\t<meta property=\"og:image:type\" content=\"image\/jpeg\" \/>\n<meta name=\"twitter:card\" content=\"summary_large_image\" \/>\n<meta name=\"twitter:site\" content=\"@kfucoidan\" \/>\n<script type=\"application\/ld+json\" class=\"yoast-schema-graph\">{\"@context\":\"https:\/\/schema.org\",\"@graph\":[{\"@type\":\"WebPage\",\"@id\":\"https:\/\/www.kfucoidan.com\/vi\/product\/drink\/\",\"url\":\"https:\/\/www.kfucoidan.com\/vi\/product\/drink\/\",\"name\":\"Fucoidan D\u1ea1ng N\u01b0\u1edbc - Fucoidan Supplement from Okinawa, Made in Japan\",\"isPartOf\":{\"@id\":\"https:\/\/www.kfucoidan.com\/#website\"},\"primaryImageOfPage\":{\"@id\":\"https:\/\/www.kfucoidan.com\/vi\/product\/drink\/#primaryimage\"},\"image\":{\"@id\":\"https:\/\/www.kfucoidan.com\/vi\/product\/drink\/#primaryimage\"},\"thumbnailUrl\":\"https:\/\/www.kfucoidan.com\/wp-content\/uploads\/2019\/09\/SQ-Product-Drink.jpg\",\"datePublished\":\"2020-01-20T23:27:50+00:00\",\"dateModified\":\"2021-04-13T00:21:37+00:00\",\"breadcrumb\":{\"@id\":\"https:\/\/www.kfucoidan.com\/vi\/product\/drink\/#breadcrumb\"},\"inLanguage\":\"vi\",\"potentialAction\":[{\"@type\":\"ReadAction\",\"target\":[\"https:\/\/www.kfucoidan.com\/vi\/product\/drink\/\"]}]},{\"@type\":\"ImageObject\",\"inLanguage\":\"vi\",\"@id\":\"https:\/\/www.kfucoidan.com\/vi\/product\/drink\/#primaryimage\",\"url\":\"https:\/\/www.kfucoidan.com\/wp-content\/uploads\/2019\/09\/SQ-Product-Drink.jpg\",\"contentUrl\":\"https:\/\/www.kfucoidan.com\/wp-content\/uploads\/2019\/09\/SQ-Product-Drink.jpg\",\"width\":640,\"height\":640,\"caption\":\"Fucoidan liquid supplement, Umi No Shizuku\"},{\"@type\":\"BreadcrumbList\",\"@id\":\"https:\/\/www.kfucoidan.com\/vi\/product\/drink\/#breadcrumb\",\"itemListElement\":[{\"@type\":\"ListItem\",\"position\":1,\"name\":\"Home\",\"item\":\"https:\/\/www.kfucoidan.com\/\"},{\"@type\":\"ListItem\",\"position\":2,\"name\":\"Fucoidan D\u1ea1ng N\u01b0\u1edbc\"}]},{\"@type\":\"WebSite\",\"@id\":\"https:\/\/www.kfucoidan.com\/#website\",\"url\":\"https:\/\/www.kfucoidan.com\/\",\"name\":\"Fucoidan Supplement from Okinawa, Made in Japan\",\"description\":\"Best Fucoidan and Agaricus mushroom supplement for immune support\",\"publisher\":{\"@id\":\"https:\/\/www.kfucoidan.com\/#organization\"},\"potentialAction\":[{\"@type\":\"SearchAction\",\"target\":{\"@type\":\"EntryPoint\",\"urlTemplate\":\"https:\/\/www.kfucoidan.com\/?s={search_term_string}\"},\"query-input\":{\"@type\":\"PropertyValueSpecification\",\"valueRequired\":true,\"valueName\":\"search_term_string\"}}],\"inLanguage\":\"vi\"},{\"@type\":\"Organization\",\"@id\":\"https:\/\/www.kfucoidan.com\/#organization\",\"name\":\"Fucoidan Umi No shizuku\",\"url\":\"https:\/\/www.kfucoidan.com\/\",\"logo\":{\"@type\":\"ImageObject\",\"inLanguage\":\"vi\",\"@id\":\"https:\/\/www.kfucoidan.com\/#\/schema\/logo\/image\/\",\"url\":\"https:\/\/www.kfucoidan.com\/wp-content\/uploads\/2020\/08\/logo.jpg\",\"contentUrl\":\"https:\/\/www.kfucoidan.com\/wp-content\/uploads\/2020\/08\/logo.jpg\",\"width\":960,\"height\":960,\"caption\":\"Fucoidan Umi No shizuku\"},\"image\":{\"@id\":\"https:\/\/www.kfucoidan.com\/#\/schema\/logo\/image\/\"},\"sameAs\":[\"https:\/\/www.facebook.com\/kfucoidan\",\"https:\/\/x.com\/kfucoidan\",\"https:\/\/www.instagram.com\/kfucoidan\/\",\"https:\/\/www.youtube.com\/channel\/UCJ6f6KE078t9bLQpmYwdiEw\"]}]}<\/script>\n<!-- \/ Yoast SEO plugin. -->","yoast_head_json":{"title":"Fucoidan D\u1ea1ng N\u01b0\u1edbc - Fucoidan Supplement from Okinawa, Made in Japan","robots":{"index":"index","follow":"follow","max-snippet":"max-snippet:-1","max-image-preview":"max-image-preview:large","max-video-preview":"max-video-preview:-1"},"canonical":"https:\/\/www.kfucoidan.com\/vi\/product\/drink\/","og_locale":"vi_VN","og_type":"article","og_title":"Fucoidan D\u1ea1ng N\u01b0\u1edbc - Fucoidan Supplement from Okinawa, Made in Japan","og_description":"K\u00fd hi\u1ec7u s\u1ea3n ph\u1ea9m: KS3     Th\u1ef1c ph\u1ea9m b\u1ed5 sung dinh d\u01b0\u1ee1ng v\u00e0 s\u1ee9c kh\u1ecfe v\u1edbi d\u1ea1ng n\u01b0\u1edbc, c\u00f3 c\u00f4ng th\u1ee9c c\u00e2n b\u1eb1ng \u0111\u1ed9c quy\u1ec1n bao g\u1ed3m vitamin C, vitamin B6, vitamin B2 v\u00e0 c\u00e1c th\u00e0nh ph\u1ea7n \u0111\u01b0\u1ee3c l\u1ef1a ch\u1ecdn c\u1ea9n th\u1eadn kh\u00e1c \u0111\u1ec3 duy tr\u00ec s\u1ee9c kh\u1ecfe, \u0111\u01b0\u1ee3c b\u1ed5 sung v\u00e0o Fucoidan Mix AG.                      Th\u00e0nh ph\u1ea7n: 50mL x 30 chai            H\u00e0m l\u01b0\u1ee3ng Fucoidan: 2,125mg \/ chai (50mL m\u1ed7i chai)                                      Th\u00e0nh ph\u1ea7n ch\u00ednh  \u30fbFucoidan Mix AG \u30fbVitamin C \u30fbVitamin E \u30fbVitamin B2 \u30fbVitamin B6                                                                              Chi\u1ebft Kh\u1ea5u    S\u1ed1 l\u01b0\u1ee3ng \u0110\u01a1n gi\u00e1      1-2 h\u1ed9p  \/ h\u1ed9p   3-5 h\u1ed9p $880.00  $850.00\/ h\u1ed9p (Gi\u1ea3m $30)      Vui l\u00f2ng li\u00ean h\u1ec7 v\u1edbi ch\u00fang t\u00f4i\u0111\u1ec3 \u0111\u1eb7t h\u00e0ng v\u1edbi s\u1ed1 l\u01b0\u1ee3ng nhi\u1ec1u h\u01a1n 6 h\u1ed9p","og_url":"https:\/\/www.kfucoidan.com\/vi\/product\/drink\/","og_site_name":"Fucoidan Supplement from Okinawa, Made in Japan","article_publisher":"https:\/\/www.facebook.com\/kfucoidan","article_modified_time":"2021-04-13T00:21:37+00:00","og_image":[{"width":640,"height":640,"url":"https:\/\/www.kfucoidan.com\/wp-content\/uploads\/2019\/09\/SQ-Product-Drink.jpg","type":"image\/jpeg"}],"twitter_card":"summary_large_image","twitter_site":"@kfucoidan","schema":{"@context":"https:\/\/schema.org","@graph":[{"@type":"WebPage","@id":"https:\/\/www.kfucoidan.com\/vi\/product\/drink\/","url":"https:\/\/www.kfucoidan.com\/vi\/product\/drink\/","name":"Fucoidan D\u1ea1ng N\u01b0\u1edbc - Fucoidan Supplement from Okinawa, Made in Japan","isPartOf":{"@id":"https:\/\/www.kfucoidan.com\/#website"},"primaryImageOfPage":{"@id":"https:\/\/www.kfucoidan.com\/vi\/product\/drink\/#primaryimage"},"image":{"@id":"https:\/\/www.kfucoidan.com\/vi\/product\/drink\/#primaryimage"},"thumbnailUrl":"https:\/\/www.kfucoidan.com\/wp-content\/uploads\/2019\/09\/SQ-Product-Drink.jpg","datePublished":"2020-01-20T23:27:50+00:00","dateModified":"2021-04-13T00:21:37+00:00","breadcrumb":{"@id":"https:\/\/www.kfucoidan.com\/vi\/product\/drink\/#breadcrumb"},"inLanguage":"vi","potentialAction":[{"@type":"ReadAction","target":["https:\/\/www.kfucoidan.com\/vi\/product\/drink\/"]}]},{"@type":"ImageObject","inLanguage":"vi","@id":"https:\/\/www.kfucoidan.com\/vi\/product\/drink\/#primaryimage","url":"https:\/\/www.kfucoidan.com\/wp-content\/uploads\/2019\/09\/SQ-Product-Drink.jpg","contentUrl":"https:\/\/www.kfucoidan.com\/wp-content\/uploads\/2019\/09\/SQ-Product-Drink.jpg","width":640,"height":640,"caption":"Fucoidan liquid supplement, Umi No Shizuku"},{"@type":"BreadcrumbList","@id":"https:\/\/www.kfucoidan.com\/vi\/product\/drink\/#breadcrumb","itemListElement":[{"@type":"ListItem","position":1,"name":"Home","item":"https:\/\/www.kfucoidan.com\/"},{"@type":"ListItem","position":2,"name":"Fucoidan D\u1ea1ng N\u01b0\u1edbc"}]},{"@type":"WebSite","@id":"https:\/\/www.kfucoidan.com\/#website","url":"https:\/\/www.kfucoidan.com\/","name":"Fucoidan Supplement from Okinawa, Made in Japan","description":"Best Fucoidan and Agaricus mushroom supplement for immune support","publisher":{"@id":"https:\/\/www.kfucoidan.com\/#organization"},"potentialAction":[{"@type":"SearchAction","target":{"@type":"EntryPoint","urlTemplate":"https:\/\/www.kfucoidan.com\/?s={search_term_string}"},"query-input":{"@type":"PropertyValueSpecification","valueRequired":true,"valueName":"search_term_string"}}],"inLanguage":"vi"},{"@type":"Organization","@id":"https:\/\/www.kfucoidan.com\/#organization","name":"Fucoidan Umi No shizuku","url":"https:\/\/www.kfucoidan.com\/","logo":{"@type":"ImageObject","inLanguage":"vi","@id":"https:\/\/www.kfucoidan.com\/#\/schema\/logo\/image\/","url":"https:\/\/www.kfucoidan.com\/wp-content\/uploads\/2020\/08\/logo.jpg","contentUrl":"https:\/\/www.kfucoidan.com\/wp-content\/uploads\/2020\/08\/logo.jpg","width":960,"height":960,"caption":"Fucoidan Umi No shizuku"},"image":{"@id":"https:\/\/www.kfucoidan.com\/#\/schema\/logo\/image\/"},"sameAs":["https:\/\/www.facebook.com\/kfucoidan","https:\/\/x.com\/kfucoidan","https:\/\/www.instagram.com\/kfucoidan\/","https:\/\/www.youtube.com\/channel\/UCJ6f6KE078t9bLQpmYwdiEw"]}]}},"_links":{"self":[{"href":"https:\/\/www.kfucoidan.com\/vi\/wp-json\/wp\/v2\/product\/4924","targetHints":{"allow":["GET"]}}],"collection":[{"href":"https:\/\/www.kfucoidan.com\/vi\/wp-json\/wp\/v2\/product"}],"about":[{"href":"https:\/\/www.kfucoidan.com\/vi\/wp-json\/wp\/v2\/types\/product"}],"replies":[{"embeddable":true,"href":"https:\/\/www.kfucoidan.com\/vi\/wp-json\/wp\/v2\/comments?post=4924"}],"wp:featuredmedia":[{"embeddable":true,"href":"https:\/\/www.kfucoidan.com\/vi\/wp-json\/wp\/v2\/media\/113975"}],"wp:attachment":[{"href":"https:\/\/www.kfucoidan.com\/vi\/wp-json\/wp\/v2\/media?parent=4924"}],"wp:term":[{"taxonomy":"product_brand","embeddable":true,"href":"https:\/\/www.kfucoidan.com\/vi\/wp-json\/wp\/v2\/product_brand?post=4924"},{"taxonomy":"product_cat","embeddable":true,"href":"https:\/\/www.kfucoidan.com\/vi\/wp-json\/wp\/v2\/product_cat?post=4924"},{"taxonomy":"product_tag","embeddable":true,"href":"https:\/\/www.kfucoidan.com\/vi\/wp-json\/wp\/v2\/product_tag?post=4924"}],"curies":[{"name":"wp","href":"https:\/\/api.w.org\/{rel}","templated":true}]}}