{"id":95376,"date":"2021-03-23T13:52:37","date_gmt":"2021-03-23T20:52:37","guid":{"rendered":"https:\/\/www.kfucoidan.com\/?page_id=95376"},"modified":"2021-11-18T13:38:37","modified_gmt":"2021-11-18T21:38:37","slug":"customersupport","status":"publish","type":"page","link":"https:\/\/www.kfucoidan.com\/vi\/customersupport\/","title":{"rendered":"H\u1ed7 Tr\u1ee3 Kh\u00e1ch H\u00e0ng"},"content":{"rendered":"<h2 style=\"text-align: center; font-family: 'Times New Roman'; font-size: 40px; line-height: 1.2;\">Fucoidan Umi No Shizuku<br \/>\nlu\u00f4n \u1edf \u0111\u00e2y \u0111\u1ec3 gi\u00fap b\u1ea1n c\u00f3 cu\u1ed9c s\u1ed1ng kh\u1ecfe m\u1ea1nh<\/h2>\n<p><img decoding=\"async\" style=\"display: block; margin-left: auto; margin-right: auto;\" src=\"https:\/\/www.kfucoidan.com\/wp-content\/uploads\/2021\/02\/CS-top03.jpg\" alt=\"C\u00e1c nh\u00e2n vi\u00ean ch\u0103m s\u00f3c v\u00e0 nh\u00e2n vi\u00ean t\u01b0 v\u1ea5n v\u1ec1 Fucoidan s\u1ebd h\u1ed7 tr\u1ee3 qu\u00fd kh\u00e1ch m\u1ed9t c\u00e1ch r\u1ea5t th\u00e2n thi\u1ec7n v\u00e0 chuy\u00ean nghi\u1ec7p\" \/><\/p>\n<p style=\"text-align: center; font-weight: Bold; font-size: 20px;\">Nh\u00e2n vi\u00ean t\u01b0 v\u1ea5n c\u1ee7a b\u1ea1n s\u1ebd lu\u00f4n \u1edf \u0111\u00e2y \u0111\u1ec3 h\u1ed7 tr\u1ee3 b\u1ea1n m\u1ed9t c\u00e1ch t\u1eadn t\u00e2m khi s\u1eed d\u1ee5ng Fucoidan trong cu\u1ed9c s\u1ed1ng<\/p>\n<p>&nbsp;<\/p>\n<p style=\"text-align: center; font-weight: Bold; font-size: 16px;\">S\u1ed1ng m\u1ea1nh kh\u1ecfe \u0111\u1ed3ng ngh\u0129a v\u1edbi vi\u1ec7c s\u1ed1ng vui v\u1ebb,<br \/>\nh\u00e3y d\u00e0nh th\u1eddi gian t\u1ed1t \u0111\u1eb9p nh\u1ea5t cho nh\u1eefng ng\u01b0\u1eddi th\u01b0\u01a1ng y\u00eau c\u1ee7a b\u1ea1n v\u00e0<br \/>\nlu\u00f4n n\u1edf n\u1ee5 c\u01b0\u1eddi t\u01b0\u01a1i t\u1eeb t\u1eadn \u0111\u00e1y l\u00f2ng c\u1ee7a b\u1ea1n.<\/p>\n<hr style=\"height: 3px; width: 200px; background-color: #00b28b; display: block; margin-left: auto; margin-right: auto;\" \/>\n<p>T\u1ea1i UMI NO SHIZUKU Fucoidan, \u0111\u1ec3 cung c\u1ea5p s\u1ef1 h\u1ed7 tr\u1ee3 t\u1ed1t nh\u1ea5t c\u00f3 th\u1ec3 cho m\u1ed9t l\u1ed1i s\u1ed1ng l\u00e0nh m\u1ea1nh, ch\u00fang t\u00f4i b\u1eaft \u0111\u1ea7u b\u1eb1ng m\u1ed9t cu\u1ed9c ph\u1ecfng v\u1ea5n s\u00e2u v\u1edbi t\u1eebng kh\u00e1ch h\u00e0ng v\u1ec1 l\u1ed1i s\u1ed1ng hi\u1ec7n t\u1ea1i c\u1ee7a h\u1ecd. Sau \u0111\u00f3, ch\u00fang t\u00f4i h\u1ed7 tr\u1ee3 t\u1eebng kh\u00e1ch h\u00e0ng l\u1ef1a ch\u1ecdn s\u1ea3n ph\u1ea9m Fucoidan ph\u00f9 h\u1ee3p nh\u1ea5t v\u1edbi nhu c\u1ea7u c\u1ee7a m\u1ed7i ng\u01b0\u1eddi.<br \/>\n&nbsp;<\/p>\n<h3 style=\"font-weight: Bold; font-size: 18px; background: linear-gradient(transparent 60%, #d1eedc 60%);\">H\u1ed7 tr\u1ee3 b\u1eb1ng ng\u00f4n ng\u1eef c\u1ee7a b\u1ea1n<\/h3>\n<p class=\"blogp\">UMI NO SHIZUKU Fucoidan \u0111\u1ebfn t\u1eeb v\u00f9ng bi\u1ec3n Okinawa v\u00e0 \u0111\u00e3 nh\u1eadn \u0111\u01b0\u1ee3c s\u1ef1 y\u00eau th\u00edch t\u1eeb kh\u1eafp n\u01a1i tr\u00ean Th\u1ebf gi\u1edbi. Ch\u00fang t\u00f4i hi\u1ec3u t\u1ea7m quan tr\u1ecdng c\u1ee7a vi\u1ec7c giao ti\u1ebfp tr\u1ef1c ti\u1ebfp b\u1eb1ng ng\u00f4n ng\u1eef c\u1ee7a b\u1ea1n. V\u00ec th\u1ebf ch\u00fang t\u00f4i h\u1ed7 tr\u1ee3 t\u01b0 v\u1ea5n b\u1eb1ng nh\u1eefng th\u1ee9 ti\u1ebfng m\u00e0 b\u1ea1n c\u1ea3m th\u1ea5y tho\u1ea3i m\u00e1i nh\u1ea5t khi s\u1eed d\u1ee5ng nh\u01b0 ti\u1ebfng Nh\u1eadt, ti\u1ebfng Anh, ti\u1ebfng T\u00e2y Ban Nha, ti\u1ebfng Trung, ti\u1ebfng H\u00e0n ho\u1eb7c ti\u1ebfng Vi\u1ec7t. C\u00e1c c\u1ed1 v\u1ea5n chuy\u00ean m\u00f4n c\u1ee7a ch\u00fang t\u00f4i lu\u00f4n s\u1eb5n s\u00e0ng gi\u1ea3i \u0111\u00e1p m\u1ecdi th\u1eafc m\u1eafc v\u00e0 m\u1ed1i quan t\u00e2m c\u1ee7a b\u1ea1n.<\/p>\n<p>&nbsp;<\/p>\n<h3 style=\"font-weight: Bold; font-size: 18px; background: linear-gradient(transparent 60%, #d1eedc 60%);\">Ch\u00fang t\u00f4i l\u00e0 nh\u1eefng c\u1ed1 v\u1ea5n \u0111\u01b0\u1ee3c \u0111\u00e0o t\u1ea1o v\u1ec1 Fucoidan v\u00e0 s\u1eed d\u1ee5ng th\u1ef1c ph\u1ea9m ch\u1ee9c n\u0103ng m\u1ed9t c\u00e1ch an to\u00e0n.<\/h3>\n<p class=\"blogp\">T\u1ea5t c\u1ea3 nh\u00e2n vi\u00ean t\u01b0 v\u1ea5n c\u1ee7a UMI NO SHIZUKU Fucoidan \u0111\u1ec1u l\u00e0 c\u00e1c chuy\u00ean gia v\u1ec1 fucoidan, \u0111\u1ec1u \u0111\u00e3 ho\u00e0n th\u00e0nh c\u00e1c ch\u01b0\u01a1ng tr\u00ecnh \u0111\u00e0o t\u1ea1o ki\u1ebfn th\u1ee9c v\u1ec1 fucoidan v\u00e0 c\u00e1c th\u1ef1c ph\u1ea9m b\u1ed5 sung dinh d\u01b0\u1ee1ng, song song \u0111\u00f3 h\u1ecd lu\u00f4n c\u1eadp nh\u1eadt v\u00e0 n\u00e2ng cao ki\u1ebfn th\u1ee9c v\u1ec1 fucoidan m\u1ed9t c\u00e1ch th\u01b0\u1eddng xuy\u00ean. Cho d\u00f9 l\u00e0 l\u1ea7n \u0111\u1ea7u ti\u00ean s\u1eed d\u1ee5ng Fucoidan hay l\u00e0 b\u1ea1n \u0111ang lo l\u1eafng v\u1ec1 v\u1ea5n \u0111\u1ec1 c\u00f3 n\u00ean ti\u1ebfp t\u1ee5c s\u1eed d\u1ee5ng Fucoidan hay kh\u00f4ng, nh\u00e2n vi\u00ean t\u01b0 v\u1ea5n c\u1ee7a ch\u00fang t\u00f4i \u0111\u1ec1u c\u00f3 th\u1ec3 gi\u00fap b\u1ea1n gi\u1ea3i \u0111\u00e1p m\u1ecdi th\u1eafc m\u1eafc c\u1ee7a b\u1ea1n. H\u1ecd r\u1ea5t vui v\u00e0 s\u1eb5n s\u00e0ng \u0111\u01b0\u1ee3c l\u1eafng nghe v\u00e0 chia s\u1ebb m\u1ecdi v\u1ea5n \u0111\u1ec1 c\u00f3 li\u00ean quan \u0111\u1ebfn th\u1ef1c ph\u1ea9m b\u1ed5 sung Fucoidan ho\u1eb7c l\u00e0 th\u1ea3o lu\u1eadn th\u00eam v\u1ec1 s\u1ea3n ph\u1ea9m Fucoidan c\u1ee7a c\u00e1c c\u00f4ng ty kh\u00e1c, v\u00ed d\u1ee5 nh\u01b0 b\u1ea1n \u0111ang c\u00f2n lo l\u1eafng v\u00e0 ph\u00e2n v\u00e2n lo\u1ea1i s\u1ea3n ph\u1ea9m Fucoidan c\u1ee7a c\u00f4ng ty n\u00e0o s\u1ebd cho m\u00ecnh hi\u1ec7u qu\u1ea3 t\u1ed1t. Xin b\u1ea1n \u0111\u1eebng ng\u1ea1i h\u00e3y li\u00ean h\u1ec7 v\u1edbi ch\u00fang t\u00f4i n\u1ebfu c\u00f3 b\u1ea5t k\u1ef3 th\u1eafc m\u1eafc ho\u1eb7c c\u00e2u h\u1ecfi.<\/p>\n<p>&nbsp;<\/p>\n<div style=\"background-color: #e2e3e4; border-radius: 25px; padding: 25px;\">\n<h3 style=\"font-weight: Bold; font-size: 18px; color: #000000; border-bottom: 2px solid black;\">Fucoidan H\u1ecfi \u0110\u00e1p<\/h3>\n<p>&nbsp;<br \/>\nNh\u1ea5n <a href=\"https:\/\/www.kfucoidan.com\/vi\/faq\/\">v\u00e0o \u0111\u00e2y<\/a> \u0111\u1ec3 xem l\u1ea1i m\u1ed9t s\u1ed1 c\u00e2u h\u1ecfi th\u01b0\u1eddng g\u1eb7p v\u1ec1 UMI NO SHIZUKU Fucoidan<\/p>\n<ul style=\"list-style-type: square; list-style-position: inside; line-height: 2.2; padding-left: 30px;\">\n<li>S\u1ef1 kh\u00e1c bi\u1ec7t gi\u1eefa d\u1ea1ng vi\u00ean nang v\u00e0 d\u1ea1ng b\u1ed9t l\u00e0 g\u00ec?<\/li>\n<li>T\u00f4i n\u00ean d\u00f9ng li\u1ec1u l\u01b0\u1ee3ng Fucoidan nh\u01b0 th\u1ebf n\u00e0o cho m\u1ed9t ng\u00e0y?<\/li>\n<li>Khi s\u1eed d\u1ee5ng Fucoidan th\u00ec c\u00f3 b\u1ecb b\u1ea5t k\u1ef3 t\u00e1c d\u1ee5ng ph\u1ee5 g\u00ec kh\u00f4ng?<\/li>\n<\/ul>\n<p style=\"text-align: right;\"><a href=\"https:\/\/www.kfucoidan.com\/vi\/faq\/\">\u25b7\u0110\u1ecdc th\u00eam<\/a><\/p>\n<\/div>\n<p>&nbsp;<\/p>\n<h3 style=\"font-weight: Bold; font-size: 18px; background: linear-gradient(transparent 60%, #d1eedc 60%);\">Ph\u1ea3n h\u1ed3i t\u1eeb nh\u1eefng kh\u00e1ch h\u00e0ng d\u00f9ng UMI NO SHIZUKU Fucoidan<\/h3>\n<p class=\"blogp\">Nh\u1ea5n <a href=\"https:\/\/www.kfucoidan.com\/vi\/testimonial\/\">v\u00e0o \u0111\u00e2y<\/a> \u0111\u1ec3 xem l\u1ea1i \u00fd ki\u1ebfn v\u00e0 ph\u1ea3n h\u1ed3i t\u1eeb nh\u1eefng kh\u00e1ch h\u00e0ng \u0111ang s\u1eed d\u1ee5ng UMI NO SHIZUKU Fucoidan.<\/p>\n<p>&nbsp;<\/p>\n<h3 style=\"text-align: center; font-weight: Bold; font-size: 24px; text-decoration: underline 4px solid #00b28b;\">Li\u00ean h\u1ec7 v\u1edbi ch\u00fang t\u00f4i qua 3 ph\u01b0\u01a1ng ti\u1ec7n<\/h3>\n<p>&nbsp;<br \/>\n<img decoding=\"async\" style=\"display: block; margin-left: auto; margin-right: auto;\" src=\"https:\/\/www.kfucoidan.com\/wp-content\/uploads\/2021\/03\/3promises-VN.jpg\" alt=\"Li\u00ean h\u1ec7 v\u1edbi ch\u00fang t\u00f4i qua 3 ph\u01b0\u01a1ng ti\u1ec7n\" \/><\/p>\n<h4 style=\"line-height: 2.2; font-weight: Bold; font-size: 18px; color: #1e9da8;\">1. T\u01b0 v\u1ea5n t\u1ea1i V\u0103n ph\u00f2ng: <\/h4>\n<p style=\"padding-left: 60px;\">T\u01b0 v\u1ea5n tr\u1ef1c ti\u1ebfp t\u1ea1i V\u0103n ph\u00f2ng c\u1ee7a ch\u00fang t\u00f4i \u0111\u1ec3 t\u00ecm hi\u1ec3u k\u1ef9 h\u01a1n v\u1ec1 s\u1ea3n ph\u1ea9m Fucoidan v\u00e0 l\u1ef1a ch\u1ecdn lo\u1ea1i ph\u00f9 h\u1ee3p v\u1edbi t\u00ecnh tr\u1ea1ng c\u1ee7a b\u1ea1n.<br \/>\n(\u0110\u1ec3 \u0111\u1ea3m b\u1ea3o an to\u00e0n trong t\u00ecnh h\u00ecnh d\u1ecbch b\u1ec7nh COVID-19, hi\u1ec7n t\u1ea1i ch\u00fang t\u00f4i ch\u1ec9 c\u00f3 th\u1ec3 ti\u1ebfp \u0111\u00f3n kh\u00e1ch h\u00e0ng theo l\u1ecbch \u0111\u00e3 h\u1eb9n tr\u01b0\u1edbc. Kh\u00e1ch h\u00e0ng \u0111\u01b0\u1ee3c y\u00eau c\u1ea7u \u0111eo kh\u1ea9u trang trong cu\u1ed9c h\u1eb9n v\u00e0 s\u1ebd \u0111\u01b0\u1ee3c ki\u1ec3m tra nhi\u1ec7t \u0111\u1ed9 khi \u0111\u1ebfn)<\/p>\n<h4 style=\"line-height: 2.2; font-weight: Bold; font-size: 18px; color: #1e9da8;\">2. T\u01b0 v\u1ea5n qua \u0111i\u1ec7n tho\u1ea1i: <\/h4>\n<p style=\"padding-left: 60px;\">T\u01b0 v\u1ea5n qua \u0111i\u1ec7n tho\u1ea1i \u0111\u01b0\u1ee3c th\u1ef1c hi\u1ec7n qua s\u1ed1 t\u1ed5ng \u0111\u00e0i mi\u1ec5n ph\u00ed.(Trung T\u00e2m Ch\u0103m S\u00f3c Kh\u00e1ch H\u00e0ng -Ti\u1ebfng Vi\u1ec7t: 1-866-881-8828)<\/p>\n<h4 style=\"line-height: 2.2; font-weight: Bold; font-size: 18px; color: #1e9da8;\">3. T\u01b0 v\u1ea5n b\u1eb1ng email: <\/h4>\n<p style=\"padding-left: 60px;\">Vui l\u00f2ng \u0111i\u1ec1n <a href=\"https:\/\/www.kfucoidan.com\/vi\/contact\/\">chi ti\u1ebft v\u00e0o m\u1eabu<\/a> c\u00f3 s\u1eb5n. Nh\u00e2n vi\u00ean t\u01b0 v\u1ea5n c\u1ee7a UMI NO SHIZUKU Fucoidan s\u1ebd li\u00ean h\u1ec7 v\u1edbi qu\u00fd kh\u00e1ch trong th\u1eddi gian s\u1edbm nh\u1ea5t.<\/p>\n<p>&nbsp;<\/p>\n","protected":false},"excerpt":{"rendered":"<p>Fucoidan Umi No Shizuku lu\u00f4n \u1edf \u0111\u00e2y \u0111\u1ec3 gi\u00fap b\u1ea1n c\u00f3 cu\u1ed9c s\u1ed1ng kh\u1ecfe m\u1ea1nh Nh\u00e2n vi\u00ean t\u01b0 v\u1ea5n c\u1ee7a b\u1ea1n s\u1ebd lu\u00f4n \u1edf \u0111\u00e2y \u0111\u1ec3 h\u1ed7 tr\u1ee3 b\u1ea1n m\u1ed9t c\u00e1ch t\u1eadn t\u00e2m khi s\u1eed d\u1ee5ng Fucoidan trong cu\u1ed9c s\u1ed1ng &nbsp; S\u1ed1ng m\u1ea1nh kh\u1ecfe \u0111\u1ed3ng ngh\u0129a v\u1edbi vi\u1ec7c s\u1ed1ng vui v\u1ebb, h\u00e3y d\u00e0nh th\u1eddi gian [&hellip;]<\/p>\n","protected":false},"author":16438,"featured_media":0,"parent":0,"menu_order":0,"comment_status":"closed","ping_status":"closed","template":"","meta":{"footnotes":""},"class_list":["post-95376","page","type-page","status-publish","hentry"],"yoast_head":"<!-- This site is optimized with the Yoast SEO plugin v24.4 - https:\/\/yoast.com\/wordpress\/plugins\/seo\/ -->\n<title>H\u1ed7 Tr\u1ee3 Kh\u00e1ch H\u00e0ng - Fucoidan Supplement from Okinawa, Made in Japan<\/title>\n<meta name=\"robots\" content=\"index, follow, max-snippet:-1, max-image-preview:large, max-video-preview:-1\" \/>\n<link rel=\"canonical\" href=\"https:\/\/www.kfucoidan.com\/vi\/customersupport\/\" \/>\n<meta property=\"og:locale\" content=\"vi_VN\" \/>\n<meta property=\"og:type\" content=\"article\" \/>\n<meta property=\"og:title\" content=\"H\u1ed7 Tr\u1ee3 Kh\u00e1ch H\u00e0ng - Fucoidan Supplement from Okinawa, Made in Japan\" \/>\n<meta property=\"og:description\" content=\"Fucoidan Umi No Shizuku lu\u00f4n \u1edf \u0111\u00e2y \u0111\u1ec3 gi\u00fap b\u1ea1n c\u00f3 cu\u1ed9c s\u1ed1ng kh\u1ecfe m\u1ea1nh Nh\u00e2n vi\u00ean t\u01b0 v\u1ea5n c\u1ee7a b\u1ea1n s\u1ebd lu\u00f4n \u1edf \u0111\u00e2y \u0111\u1ec3 h\u1ed7 tr\u1ee3 b\u1ea1n m\u1ed9t c\u00e1ch t\u1eadn t\u00e2m khi s\u1eed d\u1ee5ng Fucoidan trong cu\u1ed9c s\u1ed1ng &nbsp; S\u1ed1ng m\u1ea1nh kh\u1ecfe \u0111\u1ed3ng ngh\u0129a v\u1edbi vi\u1ec7c s\u1ed1ng vui v\u1ebb, h\u00e3y d\u00e0nh th\u1eddi gian [&hellip;]\" \/>\n<meta property=\"og:url\" content=\"https:\/\/www.kfucoidan.com\/vi\/customersupport\/\" \/>\n<meta property=\"og:site_name\" content=\"Fucoidan Supplement from Okinawa, Made in Japan\" \/>\n<meta property=\"article:publisher\" content=\"https:\/\/www.facebook.com\/kfucoidan\" \/>\n<meta property=\"article:modified_time\" content=\"2021-11-18T21:38:37+00:00\" \/>\n<meta property=\"og:image\" content=\"https:\/\/www.kfucoidan.com\/wp-content\/uploads\/2021\/02\/CS-top03.jpg\" \/>\n<meta name=\"twitter:card\" content=\"summary_large_image\" \/>\n<meta name=\"twitter:site\" content=\"@kfucoidan\" \/>\n<meta name=\"twitter:label1\" content=\"\u01af\u1edbc t\u00ednh th\u1eddi gian \u0111\u1ecdc\" \/>\n\t<meta name=\"twitter:data1\" content=\"6 ph\u00fat\" \/>\n<script type=\"application\/ld+json\" class=\"yoast-schema-graph\">{\"@context\":\"https:\/\/schema.org\",\"@graph\":[{\"@type\":\"WebPage\",\"@id\":\"https:\/\/www.kfucoidan.com\/vi\/customersupport\/\",\"url\":\"https:\/\/www.kfucoidan.com\/vi\/customersupport\/\",\"name\":\"H\u1ed7 Tr\u1ee3 Kh\u00e1ch H\u00e0ng - Fucoidan Supplement from Okinawa, Made in Japan\",\"isPartOf\":{\"@id\":\"https:\/\/www.kfucoidan.com\/#website\"},\"primaryImageOfPage\":{\"@id\":\"https:\/\/www.kfucoidan.com\/vi\/customersupport\/#primaryimage\"},\"image\":{\"@id\":\"https:\/\/www.kfucoidan.com\/vi\/customersupport\/#primaryimage\"},\"thumbnailUrl\":\"https:\/\/www.kfucoidan.com\/wp-content\/uploads\/2021\/02\/CS-top03.jpg\",\"datePublished\":\"2021-03-23T20:52:37+00:00\",\"dateModified\":\"2021-11-18T21:38:37+00:00\",\"breadcrumb\":{\"@id\":\"https:\/\/www.kfucoidan.com\/vi\/customersupport\/#breadcrumb\"},\"inLanguage\":\"vi\",\"potentialAction\":[{\"@type\":\"ReadAction\",\"target\":[\"https:\/\/www.kfucoidan.com\/vi\/customersupport\/\"]}]},{\"@type\":\"ImageObject\",\"inLanguage\":\"vi\",\"@id\":\"https:\/\/www.kfucoidan.com\/vi\/customersupport\/#primaryimage\",\"url\":\"https:\/\/www.kfucoidan.com\/wp-content\/uploads\/2021\/02\/CS-top03.jpg\",\"contentUrl\":\"https:\/\/www.kfucoidan.com\/wp-content\/uploads\/2021\/02\/CS-top03.jpg\"},{\"@type\":\"BreadcrumbList\",\"@id\":\"https:\/\/www.kfucoidan.com\/vi\/customersupport\/#breadcrumb\",\"itemListElement\":[{\"@type\":\"ListItem\",\"position\":1,\"name\":\"Home\",\"item\":\"https:\/\/www.kfucoidan.com\/\"},{\"@type\":\"ListItem\",\"position\":2,\"name\":\"H\u1ed7 Tr\u1ee3 Kh\u00e1ch H\u00e0ng\"}]},{\"@type\":\"WebSite\",\"@id\":\"https:\/\/www.kfucoidan.com\/#website\",\"url\":\"https:\/\/www.kfucoidan.com\/\",\"name\":\"Fucoidan Supplement from Okinawa, Made in Japan\",\"description\":\"Best Fucoidan and Agaricus mushroom supplement for immune support\",\"publisher\":{\"@id\":\"https:\/\/www.kfucoidan.com\/#organization\"},\"potentialAction\":[{\"@type\":\"SearchAction\",\"target\":{\"@type\":\"EntryPoint\",\"urlTemplate\":\"https:\/\/www.kfucoidan.com\/?s={search_term_string}\"},\"query-input\":{\"@type\":\"PropertyValueSpecification\",\"valueRequired\":true,\"valueName\":\"search_term_string\"}}],\"inLanguage\":\"vi\"},{\"@type\":\"Organization\",\"@id\":\"https:\/\/www.kfucoidan.com\/#organization\",\"name\":\"Fucoidan Umi No shizuku\",\"url\":\"https:\/\/www.kfucoidan.com\/\",\"logo\":{\"@type\":\"ImageObject\",\"inLanguage\":\"vi\",\"@id\":\"https:\/\/www.kfucoidan.com\/#\/schema\/logo\/image\/\",\"url\":\"https:\/\/www.kfucoidan.com\/wp-content\/uploads\/2020\/08\/logo.jpg\",\"contentUrl\":\"https:\/\/www.kfucoidan.com\/wp-content\/uploads\/2020\/08\/logo.jpg\",\"width\":960,\"height\":960,\"caption\":\"Fucoidan Umi No shizuku\"},\"image\":{\"@id\":\"https:\/\/www.kfucoidan.com\/#\/schema\/logo\/image\/\"},\"sameAs\":[\"https:\/\/www.facebook.com\/kfucoidan\",\"https:\/\/x.com\/kfucoidan\",\"https:\/\/www.instagram.com\/kfucoidan\/\",\"https:\/\/www.youtube.com\/channel\/UCJ6f6KE078t9bLQpmYwdiEw\"]}]}<\/script>\n<!-- \/ Yoast SEO plugin. -->","yoast_head_json":{"title":"H\u1ed7 Tr\u1ee3 Kh\u00e1ch H\u00e0ng - Fucoidan Supplement from Okinawa, Made in Japan","robots":{"index":"index","follow":"follow","max-snippet":"max-snippet:-1","max-image-preview":"max-image-preview:large","max-video-preview":"max-video-preview:-1"},"canonical":"https:\/\/www.kfucoidan.com\/vi\/customersupport\/","og_locale":"vi_VN","og_type":"article","og_title":"H\u1ed7 Tr\u1ee3 Kh\u00e1ch H\u00e0ng - Fucoidan Supplement from Okinawa, Made in Japan","og_description":"Fucoidan Umi No Shizuku lu\u00f4n \u1edf \u0111\u00e2y \u0111\u1ec3 gi\u00fap b\u1ea1n c\u00f3 cu\u1ed9c s\u1ed1ng kh\u1ecfe m\u1ea1nh Nh\u00e2n vi\u00ean t\u01b0 v\u1ea5n c\u1ee7a b\u1ea1n s\u1ebd lu\u00f4n \u1edf \u0111\u00e2y \u0111\u1ec3 h\u1ed7 tr\u1ee3 b\u1ea1n m\u1ed9t c\u00e1ch t\u1eadn t\u00e2m khi s\u1eed d\u1ee5ng Fucoidan trong cu\u1ed9c s\u1ed1ng &nbsp; S\u1ed1ng m\u1ea1nh kh\u1ecfe \u0111\u1ed3ng ngh\u0129a v\u1edbi vi\u1ec7c s\u1ed1ng vui v\u1ebb, h\u00e3y d\u00e0nh th\u1eddi gian [&hellip;]","og_url":"https:\/\/www.kfucoidan.com\/vi\/customersupport\/","og_site_name":"Fucoidan Supplement from Okinawa, Made in Japan","article_publisher":"https:\/\/www.facebook.com\/kfucoidan","article_modified_time":"2021-11-18T21:38:37+00:00","og_image":[{"url":"https:\/\/www.kfucoidan.com\/wp-content\/uploads\/2021\/02\/CS-top03.jpg","type":"","width":"","height":""}],"twitter_card":"summary_large_image","twitter_site":"@kfucoidan","twitter_misc":{"\u01af\u1edbc t\u00ednh th\u1eddi gian \u0111\u1ecdc":"6 ph\u00fat"},"schema":{"@context":"https:\/\/schema.org","@graph":[{"@type":"WebPage","@id":"https:\/\/www.kfucoidan.com\/vi\/customersupport\/","url":"https:\/\/www.kfucoidan.com\/vi\/customersupport\/","name":"H\u1ed7 Tr\u1ee3 Kh\u00e1ch H\u00e0ng - Fucoidan Supplement from Okinawa, Made in Japan","isPartOf":{"@id":"https:\/\/www.kfucoidan.com\/#website"},"primaryImageOfPage":{"@id":"https:\/\/www.kfucoidan.com\/vi\/customersupport\/#primaryimage"},"image":{"@id":"https:\/\/www.kfucoidan.com\/vi\/customersupport\/#primaryimage"},"thumbnailUrl":"https:\/\/www.kfucoidan.com\/wp-content\/uploads\/2021\/02\/CS-top03.jpg","datePublished":"2021-03-23T20:52:37+00:00","dateModified":"2021-11-18T21:38:37+00:00","breadcrumb":{"@id":"https:\/\/www.kfucoidan.com\/vi\/customersupport\/#breadcrumb"},"inLanguage":"vi","potentialAction":[{"@type":"ReadAction","target":["https:\/\/www.kfucoidan.com\/vi\/customersupport\/"]}]},{"@type":"ImageObject","inLanguage":"vi","@id":"https:\/\/www.kfucoidan.com\/vi\/customersupport\/#primaryimage","url":"https:\/\/www.kfucoidan.com\/wp-content\/uploads\/2021\/02\/CS-top03.jpg","contentUrl":"https:\/\/www.kfucoidan.com\/wp-content\/uploads\/2021\/02\/CS-top03.jpg"},{"@type":"BreadcrumbList","@id":"https:\/\/www.kfucoidan.com\/vi\/customersupport\/#breadcrumb","itemListElement":[{"@type":"ListItem","position":1,"name":"Home","item":"https:\/\/www.kfucoidan.com\/"},{"@type":"ListItem","position":2,"name":"H\u1ed7 Tr\u1ee3 Kh\u00e1ch H\u00e0ng"}]},{"@type":"WebSite","@id":"https:\/\/www.kfucoidan.com\/#website","url":"https:\/\/www.kfucoidan.com\/","name":"Fucoidan Supplement from Okinawa, Made in Japan","description":"Best Fucoidan and Agaricus mushroom supplement for immune support","publisher":{"@id":"https:\/\/www.kfucoidan.com\/#organization"},"potentialAction":[{"@type":"SearchAction","target":{"@type":"EntryPoint","urlTemplate":"https:\/\/www.kfucoidan.com\/?s={search_term_string}"},"query-input":{"@type":"PropertyValueSpecification","valueRequired":true,"valueName":"search_term_string"}}],"inLanguage":"vi"},{"@type":"Organization","@id":"https:\/\/www.kfucoidan.com\/#organization","name":"Fucoidan Umi No shizuku","url":"https:\/\/www.kfucoidan.com\/","logo":{"@type":"ImageObject","inLanguage":"vi","@id":"https:\/\/www.kfucoidan.com\/#\/schema\/logo\/image\/","url":"https:\/\/www.kfucoidan.com\/wp-content\/uploads\/2020\/08\/logo.jpg","contentUrl":"https:\/\/www.kfucoidan.com\/wp-content\/uploads\/2020\/08\/logo.jpg","width":960,"height":960,"caption":"Fucoidan Umi No shizuku"},"image":{"@id":"https:\/\/www.kfucoidan.com\/#\/schema\/logo\/image\/"},"sameAs":["https:\/\/www.facebook.com\/kfucoidan","https:\/\/x.com\/kfucoidan","https:\/\/www.instagram.com\/kfucoidan\/","https:\/\/www.youtube.com\/channel\/UCJ6f6KE078t9bLQpmYwdiEw"]}]}},"_links":{"self":[{"href":"https:\/\/www.kfucoidan.com\/vi\/wp-json\/wp\/v2\/pages\/95376","targetHints":{"allow":["GET"]}}],"collection":[{"href":"https:\/\/www.kfucoidan.com\/vi\/wp-json\/wp\/v2\/pages"}],"about":[{"href":"https:\/\/www.kfucoidan.com\/vi\/wp-json\/wp\/v2\/types\/page"}],"author":[{"embeddable":true,"href":"https:\/\/www.kfucoidan.com\/vi\/wp-json\/wp\/v2\/users\/16438"}],"replies":[{"embeddable":true,"href":"https:\/\/www.kfucoidan.com\/vi\/wp-json\/wp\/v2\/comments?post=95376"}],"version-history":[{"count":9,"href":"https:\/\/www.kfucoidan.com\/vi\/wp-json\/wp\/v2\/pages\/95376\/revisions"}],"predecessor-version":[{"id":212359,"href":"https:\/\/www.kfucoidan.com\/vi\/wp-json\/wp\/v2\/pages\/95376\/revisions\/212359"}],"wp:attachment":[{"href":"https:\/\/www.kfucoidan.com\/vi\/wp-json\/wp\/v2\/media?parent=95376"}],"curies":[{"name":"wp","href":"https:\/\/api.w.org\/{rel}","templated":true}]}}