{"id":3218,"date":"2019-12-23T15:54:55","date_gmt":"2019-12-23T23:54:55","guid":{"rendered":"https:\/\/kfucoidan.com\/?page_id=3218"},"modified":"2019-12-23T16:05:45","modified_gmt":"2019-12-24T00:05:45","slug":"contact","status":"publish","type":"page","link":"https:\/\/www.kfucoidan.com\/vi\/contact\/","title":{"rendered":"C\u00e1c C\u00e2u H\u1ecfi:"},"content":{"rendered":"<div class=\"section\" id=\"example1\">\n<div class=\"container\">\n<section id=\"address\">\n\n<div class=\"wpcf7 no-js\" id=\"wpcf7-f3221-o1\" lang=\"en-US\" dir=\"ltr\" data-wpcf7-id=\"3221\">\n<div class=\"screen-reader-response\"><p role=\"status\" aria-live=\"polite\" aria-atomic=\"true\"><\/p> <ul><\/ul><\/div>\n<form action=\"\/vi\/wp-json\/wp\/v2\/pages\/3218#wpcf7-f3221-o1\" method=\"post\" class=\"wpcf7-form init\" aria-label=\"Contact form\" novalidate=\"novalidate\" data-status=\"init\">\n<div style=\"display: none;\">\n<input type=\"hidden\" name=\"_wpcf7\" value=\"3221\" \/>\n<input type=\"hidden\" name=\"_wpcf7_version\" value=\"6.0.3\" \/>\n<input type=\"hidden\" name=\"_wpcf7_locale\" value=\"en_US\" \/>\n<input type=\"hidden\" name=\"_wpcf7_unit_tag\" value=\"wpcf7-f3221-o1\" \/>\n<input type=\"hidden\" name=\"_wpcf7_container_post\" value=\"0\" \/>\n<input type=\"hidden\" name=\"_wpcf7_posted_data_hash\" value=\"\" \/>\n<input type=\"hidden\" name=\"_wpcf7dtx_version\" value=\"5.0.2\" \/>\n<input type=\"hidden\" name=\"_wpcf7_recaptcha_response\" value=\"\" \/>\n<\/div>\n<div class=\"wpcf7-response-output\" aria-hidden=\"true\"><\/div>\n<div id=\"contactform7wholepart\">\n\t<p class=\"h-sub\"><br \/>\nVui l\u00f2ng li\u00ean h\u1ec7 v\u1edbi ch\u00fang t\u00f4i \u0111\u1ec3 bi\u1ebft th\u00eam chi ti\u1ebft v\u1ec1 \u0111\u01a1n \u0111\u1eb7t h\u00e0ng UMI NO SHIZUKU Fucoidan ho\u1eb7c b\u1ea5t k\u1ef3 v\u1ea5n \u0111\u1ec1 n\u00e0o kh\u00e1c.<br \/>\n\u0110\u1ed9i ng\u0169 nh\u00e2n vi\u00ean ch\u0103m s\u00f3c kh\u00e1ch h\u00e0ng chuy\u00ean nghi\u1ec7p v\u1edbi nhi\u1ec1u kinh nghi\u1ec7m v\u1ec1 Fucoidan s\u1ebd gi\u00fap qu\u00fd kh\u00e1ch l\u1ef1a ch\u1ecdn s\u1ea3n ph\u1ea9m th\u00edch h\u1ee3p v\u00e0 t\u1ed1t nh\u1ea5t cho qu\u00fd kh\u00e1ch v\u00e0 ng\u01b0\u1eddi th\u00e2n.\n\t<\/p>\n\t<p class=\"h-sub\"><br \/>\nD\u1ea5u hoa th\u1ecb<span class=\"has-text-danger\"> (*) <\/span>cho bi\u1ebft l\u00e0 m\u1ee5c b\u1eaft bu\u1ed9c.\n\t<\/p>\n\t<div class=\"box box-l\">\n\t\t<div class=\"field is-horizontal\">\n\t\t\t<div class=\"field-label\">\n\t\t\t\t<p><label class=\"label\" for=\"selectInquiry\">C\u00e1c C\u00e2u H\u1ecfi<span class=\"has-text-danger\">*<\/span><\/label>\n\t\t\t\t<\/p>\n\t\t\t<\/div>\n\t\t\t<div class=\"field-body\">\n\t\t\t\t<div class=\"field\">\n\t\t\t\t\t<div class=\"select\">\n\t\t\t\t\t\t<p><span class=\"wpcf7-form-control-wrap\" data-name=\"subject\"><select class=\"wpcf7-form-control wpcf7-select\" aria-invalid=\"false\" name=\"subject\"><option value=\"\">&#8212;Please choose an option&#8212;<\/option><option value=\"C\u00e2u h\u1ecfi v\u1ec1 s\u1ea3n ph\u1ea9m\">C\u00e2u h\u1ecfi v\u1ec1 s\u1ea3n ph\u1ea9m<\/option><option value=\"\u0110\u01a1n h\u00e0ng\/v\u1eadn chuy\u1ec3n\">\u0110\u01a1n h\u00e0ng\/v\u1eadn chuy\u1ec3n<\/option><option value=\"\u0110\u1eb7t h\u00e0ng s\u1ed1 l\u01b0\u1ee3ng l\u1edbn\">\u0110\u1eb7t h\u00e0ng s\u1ed1 l\u01b0\u1ee3ng l\u1edbn<\/option><option value=\"V\u1ea5n \u0111\u1ec1 kh\u00e1c\">V\u1ea5n \u0111\u1ec1 kh\u00e1c<\/option><option value=\"Y\u00eau c\u1ea7u t\u00e0i li\u1ec7u\">Y\u00eau c\u1ea7u t\u00e0i li\u1ec7u<\/option><\/select><\/span>\n\t\t\t\t\t\t<\/p>\n\t\t\t\t\t<\/div>\n\t\t\t\t<\/div>\n\t\t\t<\/div>\n\t\t<\/div>\n\t\t<div class=\"field is-horizontal\">\n\t\t\t<div class=\"field-label\">\n\t\t\t\t<p><label class=\"label\" for=\"inputNameKanji\">T\u00ean \u0111\u1ea7y \u0111\u1ee7<span class=\"has-text-danger\">*<\/span><\/label>\n\t\t\t\t<\/p>\n\t\t\t<\/div>\n\t\t\t<div class=\"field-body\">\n\t\t\t\t<div class=\"field\">\n\t\t\t\t\t<div class=\"control\">\n\t\t\t\t\t\t<p><span class=\"wpcf7-form-control-wrap\" data-name=\"your-name\"><input size=\"40\" maxlength=\"400\" class=\"wpcf7-form-control wpcf7-text wpcf7-validates-as-required input\" aria-required=\"true\" aria-invalid=\"false\" value=\"T\u00ean g\u1ecdi v\u00e0 t\u00ean h\u1ecd\" type=\"text\" name=\"your-name\" \/><\/span>\n\t\t\t\t\t\t<\/p>\n\t\t\t\t\t<\/div>\n\t\t\t\t<\/div>\n\t\t\t<\/div>\n\t\t<\/div>\n\t\t<div class=\"field is-horizontal\">\n\t\t\t<div class=\"field-label\">\n\t\t\t\t<p><label class=\"label\" for=\"inputStreet\">S\u1ed1 Nh\u00e0 v\u00e0 T\u00ean \u0110\u01b0\u1eddng<\/label>\n\t\t\t\t<\/p>\n\t\t\t<\/div>\n\t\t\t<div class=\"field-body\">\n\t\t\t\t<div class=\"field\">\n\t\t\t\t\t<div class=\"control\">\n\t\t\t\t\t\t<p><span class=\"wpcf7-form-control-wrap\" data-name=\"building-name\"><input size=\"40\" maxlength=\"400\" class=\"wpcf7-form-control wpcf7-text input\" aria-invalid=\"false\" value=\"\" type=\"text\" name=\"building-name\" \/><\/span>\n\t\t\t\t\t\t<\/p>\n\t\t\t\t\t<\/div>\n\t\t\t\t<\/div>\n\t\t\t<\/div>\n\t\t<\/div>\n\t\t<div class=\"field is-horizontal\">\n\t\t\t<div class=\"field-label\">\n\t\t\t\t<p><label class=\"label\" for=\"inputPrefectures\">Th\u00e0nh Ph\u1ed1<\/label>\n\t\t\t\t<\/p>\n\t\t\t<\/div>\n\t\t\t<div class=\"field-body\">\n\t\t\t\t<div class=\"field\">\n\t\t\t\t\t<div class=\"control\">\n\t\t\t\t\t\t<p><span class=\"wpcf7-form-control-wrap\" data-name=\"city\"><input size=\"40\" maxlength=\"400\" class=\"wpcf7-form-control wpcf7-text input\" aria-invalid=\"false\" value=\"\" type=\"text\" name=\"city\" \/><\/span>\n\t\t\t\t\t\t<\/p>\n\t\t\t\t\t<\/div>\n\t\t\t\t<\/div>\n\t\t\t<\/div>\n\t\t<\/div>\n\t\t<div class=\"field is-horizontal\">\n\t\t\t<div class=\"field-label\">\n\t\t\t\t<p><label class=\"label\" for=\"inputAdress\">Ti\u1ec3u Bang<\/label>\n\t\t\t\t<\/p>\n\t\t\t<\/div>\n\t\t\t<div class=\"field-body\">\n\t\t\t\t<div class=\"field\">\n\t\t\t\t\t<div class=\"control\">\n\t\t\t\t\t\t<p><span class=\"wpcf7-form-control-wrap\" data-name=\"state\"><input size=\"40\" maxlength=\"400\" class=\"wpcf7-form-control wpcf7-text input\" aria-invalid=\"false\" value=\"\" type=\"text\" name=\"state\" \/><\/span>\n\t\t\t\t\t\t<\/p>\n\t\t\t\t\t<\/div>\n\t\t\t\t<\/div>\n\t\t\t<\/div>\n\t\t<\/div>\n\t\t<div class=\"field is-horizontal\">\n\t\t\t<div class=\"field-label\">\n\t\t\t\t<p><label class=\"label\" for=\"inputPostcode\">Zip Code ho\u1eb7c Postal Code<\/label>\n\t\t\t\t<\/p>\n\t\t\t<\/div>\n\t\t\t<div class=\"field-body\">\n\t\t\t\t<div class=\"field\">\n\t\t\t\t\t<div class=\"control\">\n\t\t\t\t\t\t<p><span class=\"wpcf7-form-control-wrap\" data-name=\"zipcode\"><input size=\"40\" maxlength=\"400\" class=\"wpcf7-form-control wpcf7-text input\" id=\"postal_code\" aria-invalid=\"false\" value=\"\" type=\"text\" name=\"zipcode\" \/><\/span>\n\t\t\t\t\t\t<\/p>\n\t\t\t\t\t<\/div>\n\t\t\t\t<\/div>\n\t\t\t<\/div>\n\t\t<\/div>\n\t\t<div class=\"field is-horizontal\">\n\t\t\t<div class=\"field-label\">\n\t\t\t\t<p><label class=\"label\" for=\"inputTel\">S\u1ed1 \u0110i\u1ec7n Tho\u1ea1i<\/label>\n\t\t\t\t<\/p>\n\t\t\t<\/div>\n\t\t\t<div class=\"field-body\">\n\t\t\t\t<div class=\"field\">\n\t\t\t\t\t<div class=\"control\">\n\t\t\t\t\t\t<p><span class=\"wpcf7-form-control-wrap\" data-name=\"your-tel\"><input size=\"40\" maxlength=\"400\" class=\"wpcf7-form-control wpcf7-tel wpcf7-text wpcf7-validates-as-tel input\" aria-invalid=\"false\" value=\"\" type=\"tel\" name=\"your-tel\" \/><\/span>\n\t\t\t\t\t\t<\/p>\n\t\t\t\t\t<\/div>\n\t\t\t\t<\/div>\n\t\t\t<\/div>\n\t\t<\/div>\n\t\t<div class=\"field is-horizontal\">\n\t\t\t<div class=\"field-label\">\n\t\t\t\t<p><label class=\"label\" for=\"inputEmail\">\u0110\u1ecba Ch\u1ec9 E-mail<span class=\"has-text-danger\">*<\/span><\/label>\n\t\t\t\t<\/p>\n\t\t\t<\/div>\n\t\t\t<div class=\"field-body\">\n\t\t\t\t<div class=\"field\">\n\t\t\t\t\t<div class=\"control\">\n\t\t\t\t\t\t<p><span class=\"wpcf7-form-control-wrap\" data-name=\"your-email\"><input size=\"40\" maxlength=\"400\" class=\"wpcf7-form-control wpcf7-email wpcf7-validates-as-required wpcf7-text wpcf7-validates-as-email input\" aria-required=\"true\" aria-invalid=\"false\" value=\"\" type=\"email\" name=\"your-email\" \/><\/span>\n\t\t\t\t\t\t<\/p>\n\t\t\t\t\t<\/div>\n<!--p class=\"help\">\u203b\u643a\u5e2f\u30a2\u30c9\u30ec\u30b9\u4ee5\u5916\u3092\u3054\u5165\u529b\u304f\u3060\u3055\u3044<\/p-->\n\t\t\t\t<\/div>\n\t\t\t<\/div>\n\t\t<\/div>\n\t\t<div class=\"field is-horizontal\">\n\t\t\t<div class=\"field-label\">\n\t\t\t\t<p><label class=\"label\" for=\"textareaInquiry\">Chi Ti\u1ebft V\u1ec1 C\u00e2u H\u1ecfi<span class=\"has-text-danger\">*<\/span><\/label>\n\t\t\t\t<\/p>\n\t\t\t<\/div>\n\t\t\t<div class=\"field-body\">\n\t\t\t\t<div class=\"field\">\n\t\t\t\t\t<div class=\"control\">\n\t\t\t\t\t\t<p><span class=\"wpcf7-form-control-wrap\" data-name=\"your-message\"><textarea cols=\"40\" rows=\"10\" maxlength=\"2000\" class=\"wpcf7-form-control wpcf7-textarea wpcf7-validates-as-required textarea\" aria-required=\"true\" aria-invalid=\"false\" name=\"your-message\"><\/textarea><\/span>\n\t\t\t\t\t\t<\/p>\n\t\t\t\t\t<\/div>\n\t\t\t\t<\/div>\n\t\t\t<\/div>\n\t\t<\/div>\n\t\t<div class=\"field is-horizontal\">\n\t\t\t<div class=\"field-label\">\n\t\t\t\t<p>&nbsp;\n\t\t\t\t<\/p>\n\t\t\t<\/div>\n\t\t\t<div class=\"field-body\">\n\t\t\t\t<div class=\"field\">\n\t\t\t\t\t<div class=\"control\">\n\t\t\t\t\t\t<p>(Th\u00f4ng tin \u0111\u00e3 nh\u1eadp s\u1ebd \u0111\u01b0\u1ee3c s\u1eed d\u1ee5ng \u0111\u1ec3 g\u1eedi t\u00e0i li\u1ec7u v\u00e0 tr\u1ea3 l\u1eddi c\u00e1c c\u00e2u h\u1ecfi c\u1ee7a qu\u00fd kh\u00e1ch \u0111\u00e3 g\u1eedi t\u1edbi ch\u00fang t\u00f4i.)\n\t\t\t\t\t\t<\/p>\n\t\t\t\t\t<\/div>\n\t\t\t\t<\/div>\n\t\t\t<\/div>\n\t\t<\/div>\n\t\t<div class=\"column column-button is-4 is-offset-4\">\n\t\t\t<p><input class=\"wpcf7-form-control wpcf7-submit has-spinner button is-block is-link is-fullwidth\" type=\"submit\" value=\"G\u1eedi \u0110i\" \/>\n\t\t\t<\/p>\n\t\t<\/div>\n\t<\/div>\n<\/div><p style=\"display: none !important;\" class=\"akismet-fields-container\" data-prefix=\"_wpcf7_ak_\"><label>&#916;<textarea name=\"_wpcf7_ak_hp_textarea\" cols=\"45\" rows=\"8\" maxlength=\"100\"><\/textarea><\/label><input type=\"hidden\" id=\"ak_js_1\" name=\"_wpcf7_ak_js\" value=\"239\"\/><script>document.getElementById( \"ak_js_1\" ).setAttribute( \"value\", ( new Date() ).getTime() );<\/script><\/p>\n<\/form>\n<\/div>\n<br \/>\n<\/section>\n<\/div>\n<\/div>\n<p>      <script>\n\/\/ This sample uses the Autocomplete widget to help the user select a\n\/\/ place, then it retrieves the address components associated with that\n\/\/ place, and then it populates the form fields with those details.\n\/\/ This sample requires the Places library. Include the libraries=places\n\/\/ parameter when you first load the API. For example:\n\/\/ <script\n\/\/ src=\"https:\/\/maps.googleapis.com\/maps\/api\/js?key=AIzaSyCbN14Nf1713SGhZ7qQ5a5-58CRDs1SoLo&#038;libraries=places\"><\/p>\n<p>var placeSearch, autocomplete;<\/p>\n<p>var componentForm = {\n  street_number: 'short_name',\n  route: 'long_name',\n  locality: 'long_name',\n  administrative_area_level_1: 'short_name',\n  country: 'long_name',\n  postal_code: 'short_name'\n};<\/p>\n<p>function initAutocomplete() {\n  \/\/ Create the autocomplete object, restricting the search predictions to\n  \/\/ geographical location types.\n  autocomplete = new google.maps.places.Autocomplete(\n      document.getElementById('autocomplete'), {types: ['geocode']});<\/p>\n<p>  \/\/ Avoid paying for data that you don't need by restricting the set of\n  \/\/ place fields that are returned to just the address components.\n  autocomplete.setFields(['address_component']);<\/p>\n<p>  \/\/ When the user selects an address from the drop-down, populate the\n  \/\/ address fields in the form.\n  autocomplete.addListener('place_changed', fillInAddress);\n}<\/p>\n<p>function fillInAddress() {\n  \/\/ Get the place details from the autocomplete object.\n  var place = autocomplete.getPlace();<\/p>\n<p>  for (var component in componentForm) {\n    document.getElementById(component).value = '';\n    document.getElementById(component).disabled = false;\n  }<\/p>\n<p>  \/\/ Get each component of the address from the place details,\n  \/\/ and then fill-in the corresponding field on the form.\n  for (var i = 0; i < place.address_components.length; i++) {\n    var addressType = place.address_components[i].types[0];\n    if (componentForm[addressType]) {\n      var val = place.address_components[i][componentForm[addressType]];\n      document.getElementById(addressType).value = val;\n    }\n  }\n}\n\n\/\/ Bias the autocomplete object to the user's geographical location,\n\/\/ as supplied by the browser's 'navigator.geolocation' object.\nfunction geolocate() {\n  if (navigator.geolocation) {\n    navigator.geolocation.getCurrentPosition(function(position) {\n      var geolocation = {\n        lat: position.coords.latitude,\n        lng: position.coords.longitude\n      };\n      var circle = new google.maps.Circle(\n          {center: geolocation, radius: position.coords.accuracy});\n      autocomplete.setBounds(circle.getBounds());\n    });\n  }\n}\n    <\/script><br \/>\n    <script src=\"https:\/\/maps.googleapis.com\/maps\/api\/js?key=AIzaSyCbN14Nf1713SGhZ7qQ5a5-58CRDs1SoLo&#038;libraries=places&#038;callback=initAutocomplete\"\n        async defer><\/script><br \/>\n  <\/body><br \/>\n<\/html><\/p>\n","protected":false},"excerpt":{"rendered":"","protected":false},"author":1,"featured_media":0,"parent":0,"menu_order":0,"comment_status":"closed","ping_status":"closed","template":"","meta":{"footnotes":""},"class_list":["post-3218","page","type-page","status-publish","hentry"],"yoast_head":"<!-- This site is optimized with the Yoast SEO plugin v24.4 - https:\/\/yoast.com\/wordpress\/plugins\/seo\/ -->\n<title>C\u00e1c C\u00e2u H\u1ecfi: - Fucoidan Supplement from Okinawa, Made in Japan<\/title>\n<meta name=\"robots\" content=\"index, follow, max-snippet:-1, max-image-preview:large, max-video-preview:-1\" \/>\n<link rel=\"canonical\" href=\"https:\/\/www.kfucoidan.com\/vi\/contact\/\" \/>\n<meta property=\"og:locale\" content=\"vi_VN\" \/>\n<meta property=\"og:type\" content=\"article\" \/>\n<meta property=\"og:title\" content=\"C\u00e1c C\u00e2u H\u1ecfi: - Fucoidan Supplement from Okinawa, Made in Japan\" \/>\n<meta property=\"og:url\" content=\"https:\/\/www.kfucoidan.com\/vi\/contact\/\" \/>\n<meta property=\"og:site_name\" content=\"Fucoidan Supplement from Okinawa, Made in Japan\" \/>\n<meta property=\"article:publisher\" content=\"https:\/\/www.facebook.com\/kfucoidan\" \/>\n<meta property=\"article:modified_time\" content=\"2019-12-24T00:05:45+00:00\" \/>\n<meta property=\"og:image\" content=\"https:\/\/www.kfucoidan.com\/wp-content\/uploads\/2021\/10\/socialmedia_preview.png\" \/>\n\t<meta property=\"og:image:width\" content=\"1200\" \/>\n\t<meta property=\"og:image:height\" content=\"630\" \/>\n\t<meta property=\"og:image:type\" content=\"image\/png\" \/>\n<meta name=\"twitter:card\" content=\"summary_large_image\" \/>\n<meta name=\"twitter:site\" content=\"@kfucoidan\" \/>\n<script type=\"application\/ld+json\" class=\"yoast-schema-graph\">{\"@context\":\"https:\/\/schema.org\",\"@graph\":[{\"@type\":\"WebPage\",\"@id\":\"https:\/\/www.kfucoidan.com\/vi\/contact\/\",\"url\":\"https:\/\/www.kfucoidan.com\/vi\/contact\/\",\"name\":\"C\u00e1c C\u00e2u H\u1ecfi: - Fucoidan Supplement from Okinawa, Made in Japan\",\"isPartOf\":{\"@id\":\"https:\/\/www.kfucoidan.com\/#website\"},\"datePublished\":\"2019-12-23T23:54:55+00:00\",\"dateModified\":\"2019-12-24T00:05:45+00:00\",\"breadcrumb\":{\"@id\":\"https:\/\/www.kfucoidan.com\/vi\/contact\/#breadcrumb\"},\"inLanguage\":\"vi\",\"potentialAction\":[{\"@type\":\"ReadAction\",\"target\":[\"https:\/\/www.kfucoidan.com\/vi\/contact\/\"]}]},{\"@type\":\"BreadcrumbList\",\"@id\":\"https:\/\/www.kfucoidan.com\/vi\/contact\/#breadcrumb\",\"itemListElement\":[{\"@type\":\"ListItem\",\"position\":1,\"name\":\"Home\",\"item\":\"https:\/\/www.kfucoidan.com\/\"},{\"@type\":\"ListItem\",\"position\":2,\"name\":\"C\u00e1c C\u00e2u H\u1ecfi:\"}]},{\"@type\":\"WebSite\",\"@id\":\"https:\/\/www.kfucoidan.com\/#website\",\"url\":\"https:\/\/www.kfucoidan.com\/\",\"name\":\"Fucoidan Supplement from Okinawa, Made in Japan\",\"description\":\"Best Fucoidan and Agaricus mushroom supplement for immune support\",\"publisher\":{\"@id\":\"https:\/\/www.kfucoidan.com\/#organization\"},\"potentialAction\":[{\"@type\":\"SearchAction\",\"target\":{\"@type\":\"EntryPoint\",\"urlTemplate\":\"https:\/\/www.kfucoidan.com\/?s={search_term_string}\"},\"query-input\":{\"@type\":\"PropertyValueSpecification\",\"valueRequired\":true,\"valueName\":\"search_term_string\"}}],\"inLanguage\":\"vi\"},{\"@type\":\"Organization\",\"@id\":\"https:\/\/www.kfucoidan.com\/#organization\",\"name\":\"Fucoidan Umi No shizuku\",\"url\":\"https:\/\/www.kfucoidan.com\/\",\"logo\":{\"@type\":\"ImageObject\",\"inLanguage\":\"vi\",\"@id\":\"https:\/\/www.kfucoidan.com\/#\/schema\/logo\/image\/\",\"url\":\"https:\/\/www.kfucoidan.com\/wp-content\/uploads\/2020\/08\/logo.jpg\",\"contentUrl\":\"https:\/\/www.kfucoidan.com\/wp-content\/uploads\/2020\/08\/logo.jpg\",\"width\":960,\"height\":960,\"caption\":\"Fucoidan Umi No shizuku\"},\"image\":{\"@id\":\"https:\/\/www.kfucoidan.com\/#\/schema\/logo\/image\/\"},\"sameAs\":[\"https:\/\/www.facebook.com\/kfucoidan\",\"https:\/\/x.com\/kfucoidan\",\"https:\/\/www.instagram.com\/kfucoidan\/\",\"https:\/\/www.youtube.com\/channel\/UCJ6f6KE078t9bLQpmYwdiEw\"]}]}<\/script>\n<!-- \/ Yoast SEO plugin. -->","yoast_head_json":{"title":"C\u00e1c C\u00e2u H\u1ecfi: - Fucoidan Supplement from Okinawa, Made in Japan","robots":{"index":"index","follow":"follow","max-snippet":"max-snippet:-1","max-image-preview":"max-image-preview:large","max-video-preview":"max-video-preview:-1"},"canonical":"https:\/\/www.kfucoidan.com\/vi\/contact\/","og_locale":"vi_VN","og_type":"article","og_title":"C\u00e1c C\u00e2u H\u1ecfi: - Fucoidan Supplement from Okinawa, Made in Japan","og_url":"https:\/\/www.kfucoidan.com\/vi\/contact\/","og_site_name":"Fucoidan Supplement from Okinawa, Made in Japan","article_publisher":"https:\/\/www.facebook.com\/kfucoidan","article_modified_time":"2019-12-24T00:05:45+00:00","og_image":[{"width":1200,"height":630,"url":"https:\/\/www.kfucoidan.com\/wp-content\/uploads\/2021\/10\/socialmedia_preview.png","type":"image\/png"}],"twitter_card":"summary_large_image","twitter_site":"@kfucoidan","schema":{"@context":"https:\/\/schema.org","@graph":[{"@type":"WebPage","@id":"https:\/\/www.kfucoidan.com\/vi\/contact\/","url":"https:\/\/www.kfucoidan.com\/vi\/contact\/","name":"C\u00e1c C\u00e2u H\u1ecfi: - Fucoidan Supplement from Okinawa, Made in Japan","isPartOf":{"@id":"https:\/\/www.kfucoidan.com\/#website"},"datePublished":"2019-12-23T23:54:55+00:00","dateModified":"2019-12-24T00:05:45+00:00","breadcrumb":{"@id":"https:\/\/www.kfucoidan.com\/vi\/contact\/#breadcrumb"},"inLanguage":"vi","potentialAction":[{"@type":"ReadAction","target":["https:\/\/www.kfucoidan.com\/vi\/contact\/"]}]},{"@type":"BreadcrumbList","@id":"https:\/\/www.kfucoidan.com\/vi\/contact\/#breadcrumb","itemListElement":[{"@type":"ListItem","position":1,"name":"Home","item":"https:\/\/www.kfucoidan.com\/"},{"@type":"ListItem","position":2,"name":"C\u00e1c C\u00e2u H\u1ecfi:"}]},{"@type":"WebSite","@id":"https:\/\/www.kfucoidan.com\/#website","url":"https:\/\/www.kfucoidan.com\/","name":"Fucoidan Supplement from Okinawa, Made in Japan","description":"Best Fucoidan and Agaricus mushroom supplement for immune support","publisher":{"@id":"https:\/\/www.kfucoidan.com\/#organization"},"potentialAction":[{"@type":"SearchAction","target":{"@type":"EntryPoint","urlTemplate":"https:\/\/www.kfucoidan.com\/?s={search_term_string}"},"query-input":{"@type":"PropertyValueSpecification","valueRequired":true,"valueName":"search_term_string"}}],"inLanguage":"vi"},{"@type":"Organization","@id":"https:\/\/www.kfucoidan.com\/#organization","name":"Fucoidan Umi No shizuku","url":"https:\/\/www.kfucoidan.com\/","logo":{"@type":"ImageObject","inLanguage":"vi","@id":"https:\/\/www.kfucoidan.com\/#\/schema\/logo\/image\/","url":"https:\/\/www.kfucoidan.com\/wp-content\/uploads\/2020\/08\/logo.jpg","contentUrl":"https:\/\/www.kfucoidan.com\/wp-content\/uploads\/2020\/08\/logo.jpg","width":960,"height":960,"caption":"Fucoidan Umi No shizuku"},"image":{"@id":"https:\/\/www.kfucoidan.com\/#\/schema\/logo\/image\/"},"sameAs":["https:\/\/www.facebook.com\/kfucoidan","https:\/\/x.com\/kfucoidan","https:\/\/www.instagram.com\/kfucoidan\/","https:\/\/www.youtube.com\/channel\/UCJ6f6KE078t9bLQpmYwdiEw"]}]}},"_links":{"self":[{"href":"https:\/\/www.kfucoidan.com\/vi\/wp-json\/wp\/v2\/pages\/3218","targetHints":{"allow":["GET"]}}],"collection":[{"href":"https:\/\/www.kfucoidan.com\/vi\/wp-json\/wp\/v2\/pages"}],"about":[{"href":"https:\/\/www.kfucoidan.com\/vi\/wp-json\/wp\/v2\/types\/page"}],"author":[{"embeddable":true,"href":"https:\/\/www.kfucoidan.com\/vi\/wp-json\/wp\/v2\/users\/1"}],"replies":[{"embeddable":true,"href":"https:\/\/www.kfucoidan.com\/vi\/wp-json\/wp\/v2\/comments?post=3218"}],"version-history":[{"count":3,"href":"https:\/\/www.kfucoidan.com\/vi\/wp-json\/wp\/v2\/pages\/3218\/revisions"}],"predecessor-version":[{"id":3222,"href":"https:\/\/www.kfucoidan.com\/vi\/wp-json\/wp\/v2\/pages\/3218\/revisions\/3222"}],"wp:attachment":[{"href":"https:\/\/www.kfucoidan.com\/vi\/wp-json\/wp\/v2\/media?parent=3218"}],"curies":[{"name":"wp","href":"https:\/\/api.w.org\/{rel}","templated":true}]}}