{"id":3201,"date":"2019-12-23T14:42:33","date_gmt":"2019-12-23T22:42:33","guid":{"rendered":"https:\/\/kfucoidan.com\/?page_id=3201"},"modified":"2020-06-29T17:33:07","modified_gmt":"2020-06-30T00:33:07","slug":"howtoorder","status":"publish","type":"page","link":"https:\/\/www.kfucoidan.com\/vi\/howtoorder\/","title":{"rendered":"C\u00e1ch \u0111\u1eb7t h\u00e0ng"},"content":{"rendered":"<div class=\"section\">\n<div class=\"container\">\n<div class=\"content-item\">\n<div class=\"columns\">\n<div class=\"column\">\n<h2 class=\"h-style3\"><i class=\"fas fa-phone-volume\"><\/i> \u0110\u1eb7t h\u00e0ng qua \u0111i\u1ec7n tho\u1ea1i<\/h2>\n<p>                                    Trung t\u00e2m h\u1ed7 tr\u1ee3 kh\u00e1ch h\u00e0ng (Ti\u1ebfng Vi\u1ec7t)<\/p>\n<p class=\"howtoorder-telnum\">S\u1ed1 \u0111i\u1ec7n tho\u1ea1i mi\u1ec5n ph\u00ed: 1-866-881-8828<br \/>\n                                        S\u1ed1 tr\u1ef1c ti\u1ebfp: 1-310-316-2897<\/p>\n<p>\n                                        Th\u1ee9 Hai &#8211; th\u1ee9 S\u00e1u: 9:00 s\u00e1ng- 10:00 t\u1ed1i (EST)\n                                    <\/p>\n<\/p><\/div>\n<div class=\"column\">\n<h2 class=\"h-style3\"><i class=\"fas fa-fax\"><\/i> \u0110\u1eb7t h\u00e0ng qua fax<\/h2>\n<p>                                    Vui l\u00f2ng g\u1eedi fax m\u1eabu \u0111\u01a1n \u0111\u1eb7t h\u00e0ng \u0111\u1ebfn s\u1ed1 d\u01b0\u1edbi \u0111\u00e2y.<br \/>\n\uff08<a href=\"\/wp-content\/themes\/kamerycah-tpl\/assets\/img\/fax-order-form.pdf\" target=\"_blank\" rel=\"noopener noreferrer\">\u0110\u01a1n \u0111\u1eb7t h\u00e0ng qua m\u00e1y FAX<\/a>\uff09<\/p>\n<p class=\"howtoorder-telnum\">1-866-993-8300<\/p>\n<\/p><\/div>\n<\/p><\/div>\n<\/p><\/div>\n<p><!-- \/.content-item --><\/p>\n<section class=\"howtoorder\">\n<div class=\"content-group\">\n<div class=\"content-item\">\n<h2 class=\"h-style3\"><i class=\"fas fa-desktop\"><\/i> Mua h\u00e0ng t\u1eeb trang web<\/h2>\n<div class=\"howtoorder-step-wrap\">\n<div class=\"columns\">\n<div class=\"column is-6-tablet margin-bottom-2rem\">\n<h4 class=\"has-text-centered\">\n                                            \u0110\u1ed1i v\u1edbi ng\u01b0\u1eddi \u0111\u1eb7t h\u00e0ng l\u1ea7n \u0111\u1ea7u<br \/>\n                                        <\/h4>\n<div class=\"howtoorder-step\">\n<h4 class=\"ttl\">1. <span>Vui l\u00f2ng \u0111\u0103ng k\u00fd l\u00e0m th\u00e0nh vi\u00ean t\u1eeb trang \u0110\u0103ng k\u00fd Th\u00e0nh Vi\u00ean.<\/span><\/h4>\n<p class=\"has-text-centered\">\n                                                <i class=\"icon-down fas fa-angle-down is-medium is-hidden-mobile\"\n                                                    aria-hidden=\"true\"><\/i>\n                                            <\/p>\n<h4 class=\"ttl\">2. <span>Vui l\u00f2ng nh\u1eadp t\u00ean t\u00e0i kho\u1ea3n (user name), \u0111\u1ecba ch\u1ec9 email v\u00e0 m\u1eadt kh\u1ea9u.<\/span><\/h4>\n<p class=\"has-text-centered\">\n                                                <i class=\"icon-down fas fa-angle-down is-medium is-hidden-mobile\"\n                                                    aria-hidden=\"true\"><\/i>\n                                            <\/p>\n<h4 class=\"ttl\">3. <span>Ho\u00e0n th\u00e0nh \u0111\u0103ng k\u00fd th\u00e0nh vi\u00ean<\/span><\/h4>\n<\/p><\/div>\n<\/p><\/div>\n<div class=\"column is-6-tablet margin-bottom-2rem\">\n<h4 class=\"has-text-centered\">\n                                            \u0110\u1ed1i v\u1edbi th\u00e0nh vi\u00ean \u0111\u00e3 \u0111\u0103ng k\u00fd<br \/>\n                                        <\/h4>\n<div class=\"howtoorder-step\">\n<h4 class=\"ttl\">1. <span>\u0110\u0103ng nh\u1eadp t\u1eeb trang \u0110\u0103ng Nh\u1eadp.<\/span><\/h4>\n<p class=\"has-text-centered\">\n                                                <i class=\"icon-down fas fa-angle-down is-medium is-hidden-mobile\"\n                                                    aria-hidden=\"true\"><\/i>\n                                            <\/p>\n<h4 class=\"ttl\">2. <span>Nh\u00e2\u0323p t\u00ean t\u00e0i kho\u1ea3n (user name ) va\u0300 m\u00e2\u0323t kh\u00e2\u0309u (password) cu\u0309a qu\u00fd kh\u00e1ch.<\/span><\/h4>\n<p class=\"has-text-centered\">\n                                                <i class=\"icon-down fas fa-angle-down is-medium is-hidden-mobile\"\n                                                    aria-hidden=\"true\"><\/i>\n                                            <\/p>\n<h4 class=\"ttl\">3. <span>\u0110\u0103ng nh\u1eadp ho\u00e0n t\u1ea5t<\/span><\/h4>\n<\/p><\/div>\n<\/p><\/div>\n<\/p><\/div>\n<div class=\"columns\">\n<div class=\"column is-4-tablet\">\n<div class=\"howtoorder-step\">\n<h4 class=\"ttl\">4. Ch\u1ecdn s\u1ea3n ph\u1ea9m<\/h4>\n<p class=\"\">Sau khi \u0111\u0103ng nh\u1eadp, ch\u1ecdn s\u1ea3n ph\u1ea9m quan t\u00e2m t\u1eeb trang danh s\u00e1ch c\u1ee7a s\u1ea3n ph\u1ea9m.<\/p>\n<p>                                            <i class=\"icon fas fa-angle-right is-medium is-hidden-mobile\"\n                                                aria-hidden=\"true\"><\/i>\n                                        <\/div>\n<\/p><\/div>\n<div class=\"column is-4-tablet\">\n<div class=\"howtoorder-step\">\n<h4 class=\"ttl\">5. \u0110\u1eb7t s\u1ea3n ph\u1ea9m v\u00e0o gi\u1ecf h\u00e0ng<\/h4>\n<p class=\"\">Ch\u1ecdn s\u1ed1 l\u01b0\u1ee3ng m\u1eb7t h\u00e0ng \u0111\u00e3 mua v\u00e0 nh\u1ea5p v\u00e0o n\u00fat &#8220;\u0110\u1eb7t v\u00e0o gi\u1ecf h\u00e0ng&#8221;.<br \/>\n                                                (S\u1ea3n ph\u1ea9m, s\u1ed1 l\u01b0\u1ee3ng c\u0169ng c\u00f3 th\u1ec3 d\u1ec5 d\u00e0ng th\u00eam v\u00e0 x\u00f3a.)<\/p>\n<p>                                            <i class=\"icon fas fa-angle-right is-medium is-hidden-mobile\"\n                                                aria-hidden=\"true\"><\/i>\n                                        <\/div>\n<\/p><\/div>\n<div class=\"column is-4-tablet\">\n<div class=\"howtoorder-step\">\n<h4 class=\"ttl\">6. Nh\u1eadp c\u00e1c m\u1ee5c b\u1eaft bu\u1ed9c<\/h4>\n<p class=\"\">Vui l\u00f2ng nh\u1eadp t\u00ean, \u0111\u1ecba ch\u1ec9, s\u1ed1 \u0111i\u1ec7n tho\u1ea1i, \u0111\u1ecba ch\u1ec9 email v\u00e0 ph\u01b0\u01a1ng th\u1ee9c thanh to\u00e1n c\u1ee7a b\u1ea1n trong m\u1eabu \u0111\u01a1n \u0111\u1eb7t h\u00e0ng.<\/p>\n<\/p><\/div>\n<\/p><\/div>\n<\/p><\/div>\n<div class=\"columns\">\n<div class=\"column is-4-tablet\">\n<div class=\"howtoorder-step\">\n<h4 class=\"ttl\">7. G\u1eedi \u0111\u01a1n h\u00e0ng<\/h4>\n<p class=\"\">Xin h\u00e3y x\u00e1c nh\u1eadn l\u1ea1i nh\u1eefng th\u00f4ng tin \u0111\u00e3 \u0111\u01b0\u1ee3c \u0111i\u1ec1n kh\u00f4ng c\u00f3 l\u1ed7i sai v\u00e0 nh\u1ea5p v\u00e0o n\u00fat &#8220;\u0110\u1eb7t H\u00e0ng&#8221;.<\/p>\n<p>                                            <i class=\"icon fas fa-angle-right is-medium is-hidden-mobile\"\n                                                aria-hidden=\"true\"><\/i>\n                                        <\/div>\n<\/p><\/div>\n<div class=\"column is-4-tablet\">\n<div class=\"howtoorder-step\">\n<h4 class=\"ttl\">8. \u0110\u1eb7t h\u00e0ng ho\u00e0n t\u1ea5t<\/h4>\n<p class=\"\">Khi \u0111\u01a1n h\u00e0ng \u0111\u00e3 \u0111\u01b0\u1ee3c g\u1eedi, ch\u00fang t\u00f4i s\u1ebd li\u00ean h\u1ec7 v\u1edbi qu\u00fd kh\u00e1ch \u0111\u1ec3 x\u00e1c nh\u1eadn \u0111\u01a1n h\u00e0ng.<br \/>\n                                                Xin l\u01b0u \u00fd r\u1eb1ng ph\u1ea3n h\u1ed3i \u0111\u01a1n \u0111\u1eb7t h\u00e0ng ho\u1eb7c y\u00eau c\u1ea7u, th\u1eafc m\u1eafc \u0111\u01b0\u1ee3c g\u1eedi v\u00e0o Th\u1ee9 B\u1ea3y, Ch\u1ee7 Nh\u1eadt, v\u00e0o c\u00e1c ng\u00e0y l\u1ec5 Qu\u1ed1c Gia ho\u1eb7c v\u00e0o ban \u0111\u00eam s\u1ebd c\u00f3 th\u1ec3 b\u1ecb ho\u00e3n l\u1ea1i.<\/p>\n<p>                                                (*H\u00e3y li\u00ean h\u1ec7 v\u1edbi ch\u00fang t\u00f4i n\u1ebfu qu\u00fd kh\u00f4ng nh\u1eadn \u0111\u01b0\u1ee3c th\u00f4ng b\u00e1o email v\u1ec1 \u0111\u01a1n h\u00e0ng c\u1ee7a m\u00ecnh.)\n                                            <\/p>\n<p>                                            <i class=\"icon fas fa-angle-right is-medium is-hidden-mobile\"\n                                                aria-hidden=\"true\"><\/i>\n                                        <\/div>\n<\/p><\/div>\n<div class=\"column is-4-tablet\">\n<div class=\"howtoorder-step\">\n<h4 class=\"ttl\">9. Giao s\u1ea3n ph\u1ea9m<\/h4>\n<p>Ch\u00fang t\u00f4i s\u1ebd g\u1eedi s\u1ea3n ph\u1ea9m \u0111\u1ebfn n\u01a1i nh\u1eadn \u0111\u01b0\u1ee3c ch\u1ec9 \u0111\u1ecbnh c\u1ee7a qu\u00fd khach.<br \/>\n                                                V\u1eadn chuy\u1ec3n trong n\u01b0\u1edbc M\u1ef9 th\u01b0\u1eddng m\u1ea5t t\u1eeb 2 \u0111\u1ebfn 7 ng\u00e0y, nh\u01b0ng c\u00f3 th\u1ec3 b\u1ecb ch\u1eadm do th\u1eddi ti\u1ebft ho\u1eb7c \u0111i\u1ec1u ki\u1ec7n kh\u00e1c.<br \/>\n                                                V\u1eadn chuy\u1ec3n s\u1ea3n ph\u1ea9m b\u00ean ngo\u00e0i Hoa K\u1ef3 thay \u0111\u1ed5i theo qu\u1ed1c gia v\u00e0 khu v\u1ef1c. Th\u00f4ng th\u01b0\u1eddng c\u1ea7n 5 \u0111\u1ebfn 10 ng\u00e0y \u0111\u1ec3 v\u1eadn chuy\u1ec3n, nh\u01b0ng c\u00f3 th\u1ec3 b\u1ecb tr\u00ec ho\u00e3n b\u1edfi th\u1ee7 t\u1ee5c h\u1ea3i quan.\n                                            <\/p>\n<\/p><\/div>\n<\/p><\/div>\n<\/p><\/div>\n<\/p><\/div>\n<\/p><\/div>\n<p><!-- \/.content-item --><\/p><\/div>\n<p><!-- \/.content-group --><\/p>\n<h2 class=\"h-style2 is-marginless\">The\u0309 ti\u0301n du\u0323ng<\/h2>\n<div class=\"content-group\">\n<div class=\"content-item\">\n<div class=\"columns\">\n<div class=\"column\">\n<p>C\u00e1c th\u1ebb t\u00edn d\u1ee5ng sau \u0111\u00e2y \u0111\u01b0\u1ee3c ch\u1ea5p nh\u1eadn.<\/p>\n<p><img decoding=\"async\" class=\"creditcards\" src=\"\/wp-content\/themes\/kamerycah-tpl\/assets\/img\/creditcards.jpg\" alt=\"Ch\u00fang t\u00f4i nh\u1eadn c\u00e1c ph\u01b0\u01a1ng th\u1ee9c thanh to\u00e1n d\u01b0\u1edbi \u0111\u00e2y VISA, MasterCard, American Express, JCB, Diners Club, Discover, UnionPay\">\n                                    <\/p>\n<\/p><\/div>\n<\/p><\/div>\n<\/p><\/div>\n<p><!-- \/.content-item -->\n                    <\/div>\n<p><!-- \/.content-group --><\/p>\n<h2 class=\"h-style2\" id=\"shipment\">V\u1eadn Chuy\u1ec3n H\u00e0ng<\/h2>\n<div class=\"content-group\">\n<div class=\"content-item\">\n<div class=\"columns\">\n<div class=\"column\">\n<h2 class=\"h-style3\">N\u1ed9i \u0111\u1ecba trong n\u01b0\u1edbc M\u1ef9:<\/h2>\n<p class=\"margin-bottom-2rem\" >Mi\u1ec5n ph\u00ed v\u1eadn chuy\u1ec3n khi mua $100 tr\u1edf l\u00ean (tr\u01b0\u1edbc thu\u1ebf).<br \/>\nTh\u1eddi gian v\u1eadn chuy\u1ec3n trong v\u00f2ng 2-7 ng\u00e0y l\u00e0m vi\u1ec7c. N\u1ebfu qu\u00fd kh\u00e1ch c\u1ea7n chuy\u1ec3n ph\u00e1t nhanh, vui l\u00f2ng li\u00ean h\u1ec7 ch\u00fang t\u00f4i \u0111\u1ec3 \u0111\u01b0\u1ee3c h\u01b0\u1edbng d\u1eabn th\u00eam (ph\u00ed chuy\u1ec3n ph\u00e1t nhanh c\u00f3 th\u1ec3 \u0111\u01b0\u1ee3c t\u00ednh tr\u00ean \u0111\u01a1n h\u00e0ng)<\/p>\n<h2 class=\"h-style3\">V\u1eadn chuy\u1ec3n qu\u1ed1c t\u1ebf:<\/h2>\n<p>\nTh\u1eddi gian v\u1eadn chuy\u1ec3n c\u00f3 th\u1ec3 t\u1eeb 5 \u2013 10 ng\u00e0y v\u00e0 c\u00f3 th\u1ec3 h\u01a1n n\u1ebfu b\u1ed9 ph\u1eadn h\u1ea3i quan c\u1ea7n ki\u1ec3m tra th\u00eam v\u1ec1 s\u1ea3n ph\u1ea9m.<\/p>\n<p>1) D\u1ea1ng B\u1ed9t v\u00e0 D\u1ea1ng Vi\u00ean<\/p>\n<div class=\"table-container table-scroll\">\n<table class=\"table is-bordered has-text-centered\">\n<thead>\n<tr>\n<th class=\"has-text-centered\">s\u1ed1 l\u01b0\u1ee3ng \u0111\u1eb7t h\u00e0ng<\/th>\n<td class=\"has-text-centered\">1\uff5e3<\/td>\n<td class=\"has-text-centered\">4\uff5e5<\/td>\n<\/tr>\n<\/thead>\n<tbody>\n<tr>\n<th class=\"has-text-centered\">Ph\u00ed v\u1eadn chuy\u1ec3n<\/th>\n<td class=\"has-text-centered\">$30<\/td>\n<td class=\"has-text-centered\">$40<\/td>\n<\/tr>\n<\/tbody>\n<\/table><\/div>\n<p>2) D\u1ea1ng N\u01b0\u1edbc<br \/>\n                                        * Ng\u01b0\u1eddi nh\u1eadn \u0111\u01b0\u1ee3c g\u1ecdi l\u00e0 ph\u00eda nh\u1eadp kh\u1ea9u h\u00e0ng h\u00f3a v\u00e0 ph\u1ea3i<br \/>\ntu\u00e2n th\u1ee7 t\u1ea5t c\u1ea3 c\u00e1c lu\u1eadt v\u00e0 quy \u0111\u1ecbnh c\u1ee7a qu\u1ed1c gia\/ khu v\u1ef1c h\u00e0ng \u0111\u01b0\u1ee3c g\u1eedi t\u1edbi.<br \/>\n\u0110\u01a1n \u0111\u1eb7t h\u00e0ng v\u1eadn chuy\u1ec3n b\u00ean ngo\u00e0i n\u01b0\u1edbc M\u1ef9 c\u00f3 th\u1ec3 ph\u1ea3i ch\u1ecbu thu\u1ebf nh\u1eadp kh\u1ea9u, thu\u1ebf<br \/>\nh\u1ea3i quan, v\u00e0 l\u1ec7 ph\u00ed do c\u00e1c qu\u1ed1c gia \/ khu v\u1ef1c h\u00e0ng \u0111\u01b0\u1ee3c g\u1eedi t\u1edbi. Ng\u01b0\u1eddi nh\u1eadn \u1edf<br \/>\nqu\u1ed1c t\u1ebf c\u00f3 th\u1ec3 ph\u1ea3i ch\u1ecbu thu\u1ebf nh\u01b0 nh\u1eadp kh\u1ea9u, thu\u1ebf h\u1ea3i quan, l\u1ec7 ph\u00ed, \u0111\u01b0\u1ee3c t\u00ednh<br \/>\ntr\u00ean ki\u1ec7n h\u00e0ng m\u1ed9t khi ki\u1ec7n h\u00e0ng \u0111\u01b0\u1ee3c chuyenr t\u1edbi qu\u1ed1c gia\/ khu v\u1ef1c c\u1ee7a ng\u01b0\u1eddi<br \/>\nnh\u1eadn. Ng\u01b0\u1eddi nh\u1eadn c\u00f3 tr\u00e1ch nhi\u1ec7m th\u1ef1c hi\u1ec7n \u0111\u1ea7y \u0111\u1ee7 chi ph\u00ed b\u1ed5 sung cho th\u1ee7 t\u1ee5c h\u1ea3i<br \/>\nquan.<\/p>\n<div class=\"table-container table-scroll is-hidden-mobile\">\n<table class=\"table is-bordered has-text-centered\">\n<thead>\n<tr>\n<th class=\"has-text-centered\">s\u1ed1 l\u01b0\u1ee3ng \u0111\u1eb7t h\u00e0ng<\/th>\n<td class=\"has-text-centered\">1<\/td>\n<td class=\"has-text-centered\">2<\/td>\n<td class=\"has-text-centered\">3<\/td>\n<td class=\"has-text-centered\">4<\/td>\n<td class=\"has-text-centered\">5<\/td>\n<\/tr>\n<\/thead>\n<tbody>\n<tr>\n<th class=\"has-text-centered\">Ph\u00ed v\u1eadn chuy\u1ec3n<\/th>\n<td class=\"has-text-centered\">$60<\/td>\n<td class=\"has-text-centered\">$120<\/td>\n<td class=\"has-text-centered\">$180<\/td>\n<td class=\"has-text-centered\">$230<\/td>\n<td class=\"has-text-centered\">$280<\/td>\n<\/tr>\n<\/tbody>\n<\/table><\/div>\n<div class=\"table-container table-scroll is-hidden-tablet mobile-shipping-table\">\n<table class=\"table is-bordered has-text-centered\">\n<thead>\n<tr>\n<th class=\"has-text-centered\">s\u1ed1 l\u01b0\u1ee3ng<br \/>\u0111\u1eb7t h\u00e0ng<\/th>\n<th class=\"has-text-centered\">Ph\u00ed v\u1eadn<br \/>chuy\u1ec3n<\/th>\n<\/tr>\n<\/thead>\n<tr>\n<td class=\"has-text-centered\">1<\/td>\n<td class=\"has-text-centered\">$60<\/td>\n<\/tr>\n<tr>\n<td class=\"has-text-centered\">2<\/td>\n<td class=\"has-text-centered\">$120<\/td>\n<\/tr>\n<tr>\n<td class=\"has-text-centered\">3<\/td>\n<td class=\"has-text-centered\">$180<\/td>\n<\/tr>\n<tr>\n<td class=\"has-text-centered\">4<\/td>\n<td class=\"has-text-centered\">$230<\/td>\n<\/tr>\n<tr>\n<td class=\"has-text-centered\">5<\/td>\n<td class=\"has-text-centered\">$280<\/td>\n<\/tr>\n<\/tbody>\n<\/table><\/div>\n<h2 class=\"h-style3 margin-top-2rem\">Ch\u00ednh s\u00e1ch ho\u00e0n tr\u1ea3 v\u00e0 \u0111\u1ed5i s\u1ea3n ph\u1ea9m<\/h2>\n<p>Ch\u00fang t\u00f4i ch\u1ea5p nh\u1eadn y\u00eau c\u1ea7u tr\u1ea3 l\u1ea1i v\u00e0 \u0111\u1ed5i s\u1ea3n ph\u1ea9m trong t\u1ed1i \u0111a 30 ng\u00e0y k\u1ec3 t\u1eeb ng\u00e0y s\u1ea3n ph\u1ea9m \u0111\u1ebfn.<\/p>\n<p>\n                                        \u30fbVui l\u00f2ng h\u1ecfi nh\u00e2n vi\u00ean ch\u0103m s\u00f3c kh\u00e1ch h\u00e0ng \u0111\u1ec3 y\u00eau c\u1ea7u tr\u1ea3 l\u1ea1i ho\u1eb7c \u0111\u1ed5i s\u1ea3n ph\u1ea9m.<br \/>\n                    \u30fbKh\u00f4ng \u0111\u01b0\u1ee3c tr\u1ea3 l\u1ea1i hay \u0111\u1ed5i khi s\u1ea3n ph\u1ea9m \u0111\u00e3 b\u1ecb m\u1edf.<br \/>\n                    \u30fbKh\u00e1ch h\u00e0ng s\u1ebd ch\u1ecbu ph\u00ed v\u1eadn chuy\u1ec3n cho s\u1ea3n ph\u1ea9m tr\u1ea3 l\u1ea1i ho\u1eb7c \u0111\u1ed5i.<br \/>\n                    \u30fbSau khi s\u1ea3n ph\u1ea9m tr\u1ea3 l\u1ea1i ho\u1eb7c \u0111\u1ed5i \u0111\u1ebfn c\u00f4ng ty c\u1ee7a ch\u00fang t\u00f4i, ch\u00fang t\u00f4i s\u1ebd th\u1ef1c hi\u1ec7n c\u00e1c th\u1ee7 t\u1ee5c \u0111\u1ec3 tr\u1ea3 l\u1ea1i ti\u1ec1n ho\u1eb7c \u0111\u1ed5i s\u1ea3n ph\u1ea9m.\n                  <\/p>\n<\/p><\/div>\n<\/p><\/div>\n<p><!-- \/.content-item -->\n                    <\/div>\n<p><!-- \/.content-group --><\/p>\n<\/section><\/div>\n<p><!-- \/.container -->\n        <\/div>\n<p><!-- \/.section --><\/p>\n","protected":false},"excerpt":{"rendered":"<p>\u0110\u1eb7t h\u00e0ng qua \u0111i\u1ec7n tho\u1ea1i Trung t\u00e2m h\u1ed7 tr\u1ee3 kh\u00e1ch h\u00e0ng (Ti\u1ebfng Vi\u1ec7t) S\u1ed1 \u0111i\u1ec7n tho\u1ea1i mi\u1ec5n ph\u00ed: 1-866-881-8828 S\u1ed1 tr\u1ef1c ti\u1ebfp: 1-310-316-2897 Th\u1ee9 Hai &#8211; th\u1ee9 S\u00e1u: 9:00 s\u00e1ng- 10:00 t\u1ed1i (EST) \u0110\u1eb7t h\u00e0ng qua fax Vui l\u00f2ng g\u1eedi fax m\u1eabu \u0111\u01a1n \u0111\u1eb7t h\u00e0ng \u0111\u1ebfn s\u1ed1 d\u01b0\u1edbi \u0111\u00e2y. \uff08\u0110\u01a1n \u0111\u1eb7t h\u00e0ng qua m\u00e1y FAX\uff09 [&hellip;]<\/p>\n","protected":false},"author":1,"featured_media":0,"parent":0,"menu_order":0,"comment_status":"closed","ping_status":"closed","template":"","meta":{"footnotes":""},"class_list":["post-3201","page","type-page","status-publish","hentry"],"yoast_head":"<!-- This site is optimized with the Yoast SEO plugin v24.4 - https:\/\/yoast.com\/wordpress\/plugins\/seo\/ -->\n<title>C\u00e1ch \u0111\u1eb7t h\u00e0ng - Fucoidan Supplement from Okinawa, Made in Japan<\/title>\n<meta name=\"robots\" content=\"index, follow, max-snippet:-1, max-image-preview:large, max-video-preview:-1\" \/>\n<link rel=\"canonical\" href=\"https:\/\/www.kfucoidan.com\/vi\/howtoorder\/\" \/>\n<meta property=\"og:locale\" content=\"vi_VN\" \/>\n<meta property=\"og:type\" content=\"article\" \/>\n<meta property=\"og:title\" content=\"C\u00e1ch \u0111\u1eb7t h\u00e0ng - Fucoidan Supplement from Okinawa, Made in Japan\" \/>\n<meta property=\"og:description\" content=\"\u0110\u1eb7t h\u00e0ng qua \u0111i\u1ec7n tho\u1ea1i Trung t\u00e2m h\u1ed7 tr\u1ee3 kh\u00e1ch h\u00e0ng (Ti\u1ebfng Vi\u1ec7t) S\u1ed1 \u0111i\u1ec7n tho\u1ea1i mi\u1ec5n ph\u00ed: 1-866-881-8828 S\u1ed1 tr\u1ef1c ti\u1ebfp: 1-310-316-2897 Th\u1ee9 Hai &#8211; th\u1ee9 S\u00e1u: 9:00 s\u00e1ng- 10:00 t\u1ed1i (EST) \u0110\u1eb7t h\u00e0ng qua fax Vui l\u00f2ng g\u1eedi fax m\u1eabu \u0111\u01a1n \u0111\u1eb7t h\u00e0ng \u0111\u1ebfn s\u1ed1 d\u01b0\u1edbi \u0111\u00e2y. \uff08\u0110\u01a1n \u0111\u1eb7t h\u00e0ng qua m\u00e1y FAX\uff09 [&hellip;]\" \/>\n<meta property=\"og:url\" content=\"https:\/\/www.kfucoidan.com\/vi\/howtoorder\/\" \/>\n<meta property=\"og:site_name\" content=\"Fucoidan Supplement from Okinawa, Made in Japan\" \/>\n<meta property=\"article:publisher\" content=\"https:\/\/www.facebook.com\/kfucoidan\" \/>\n<meta property=\"article:modified_time\" content=\"2020-06-30T00:33:07+00:00\" \/>\n<meta property=\"og:image\" content=\"https:\/\/www.kfucoidan.com\/wp-content\/uploads\/2021\/10\/socialmedia_preview.png\" \/>\n\t<meta property=\"og:image:width\" content=\"1200\" \/>\n\t<meta property=\"og:image:height\" content=\"630\" \/>\n\t<meta property=\"og:image:type\" content=\"image\/png\" \/>\n<meta name=\"twitter:card\" content=\"summary_large_image\" \/>\n<meta name=\"twitter:site\" content=\"@kfucoidan\" \/>\n<meta name=\"twitter:label1\" content=\"\u01af\u1edbc t\u00ednh th\u1eddi gian \u0111\u1ecdc\" \/>\n\t<meta name=\"twitter:data1\" content=\"6 ph\u00fat\" \/>\n<script type=\"application\/ld+json\" class=\"yoast-schema-graph\">{\"@context\":\"https:\/\/schema.org\",\"@graph\":[{\"@type\":\"WebPage\",\"@id\":\"https:\/\/www.kfucoidan.com\/vi\/howtoorder\/\",\"url\":\"https:\/\/www.kfucoidan.com\/vi\/howtoorder\/\",\"name\":\"C\u00e1ch \u0111\u1eb7t h\u00e0ng - Fucoidan Supplement from Okinawa, Made in Japan\",\"isPartOf\":{\"@id\":\"https:\/\/www.kfucoidan.com\/#website\"},\"datePublished\":\"2019-12-23T22:42:33+00:00\",\"dateModified\":\"2020-06-30T00:33:07+00:00\",\"breadcrumb\":{\"@id\":\"https:\/\/www.kfucoidan.com\/vi\/howtoorder\/#breadcrumb\"},\"inLanguage\":\"vi\",\"potentialAction\":[{\"@type\":\"ReadAction\",\"target\":[\"https:\/\/www.kfucoidan.com\/vi\/howtoorder\/\"]}]},{\"@type\":\"BreadcrumbList\",\"@id\":\"https:\/\/www.kfucoidan.com\/vi\/howtoorder\/#breadcrumb\",\"itemListElement\":[{\"@type\":\"ListItem\",\"position\":1,\"name\":\"Home\",\"item\":\"https:\/\/www.kfucoidan.com\/\"},{\"@type\":\"ListItem\",\"position\":2,\"name\":\"C\u00e1ch \u0111\u1eb7t h\u00e0ng\"}]},{\"@type\":\"WebSite\",\"@id\":\"https:\/\/www.kfucoidan.com\/#website\",\"url\":\"https:\/\/www.kfucoidan.com\/\",\"name\":\"Fucoidan Supplement from Okinawa, Made in Japan\",\"description\":\"Best Fucoidan and Agaricus mushroom supplement for immune support\",\"publisher\":{\"@id\":\"https:\/\/www.kfucoidan.com\/#organization\"},\"potentialAction\":[{\"@type\":\"SearchAction\",\"target\":{\"@type\":\"EntryPoint\",\"urlTemplate\":\"https:\/\/www.kfucoidan.com\/?s={search_term_string}\"},\"query-input\":{\"@type\":\"PropertyValueSpecification\",\"valueRequired\":true,\"valueName\":\"search_term_string\"}}],\"inLanguage\":\"vi\"},{\"@type\":\"Organization\",\"@id\":\"https:\/\/www.kfucoidan.com\/#organization\",\"name\":\"Fucoidan Umi No shizuku\",\"url\":\"https:\/\/www.kfucoidan.com\/\",\"logo\":{\"@type\":\"ImageObject\",\"inLanguage\":\"vi\",\"@id\":\"https:\/\/www.kfucoidan.com\/#\/schema\/logo\/image\/\",\"url\":\"https:\/\/www.kfucoidan.com\/wp-content\/uploads\/2020\/08\/logo.jpg\",\"contentUrl\":\"https:\/\/www.kfucoidan.com\/wp-content\/uploads\/2020\/08\/logo.jpg\",\"width\":960,\"height\":960,\"caption\":\"Fucoidan Umi No shizuku\"},\"image\":{\"@id\":\"https:\/\/www.kfucoidan.com\/#\/schema\/logo\/image\/\"},\"sameAs\":[\"https:\/\/www.facebook.com\/kfucoidan\",\"https:\/\/x.com\/kfucoidan\",\"https:\/\/www.instagram.com\/kfucoidan\/\",\"https:\/\/www.youtube.com\/channel\/UCJ6f6KE078t9bLQpmYwdiEw\"]}]}<\/script>\n<!-- \/ Yoast SEO plugin. -->","yoast_head_json":{"title":"C\u00e1ch \u0111\u1eb7t h\u00e0ng - Fucoidan Supplement from Okinawa, Made in Japan","robots":{"index":"index","follow":"follow","max-snippet":"max-snippet:-1","max-image-preview":"max-image-preview:large","max-video-preview":"max-video-preview:-1"},"canonical":"https:\/\/www.kfucoidan.com\/vi\/howtoorder\/","og_locale":"vi_VN","og_type":"article","og_title":"C\u00e1ch \u0111\u1eb7t h\u00e0ng - Fucoidan Supplement from Okinawa, Made in Japan","og_description":"\u0110\u1eb7t h\u00e0ng qua \u0111i\u1ec7n tho\u1ea1i Trung t\u00e2m h\u1ed7 tr\u1ee3 kh\u00e1ch h\u00e0ng (Ti\u1ebfng Vi\u1ec7t) S\u1ed1 \u0111i\u1ec7n tho\u1ea1i mi\u1ec5n ph\u00ed: 1-866-881-8828 S\u1ed1 tr\u1ef1c ti\u1ebfp: 1-310-316-2897 Th\u1ee9 Hai &#8211; th\u1ee9 S\u00e1u: 9:00 s\u00e1ng- 10:00 t\u1ed1i (EST) \u0110\u1eb7t h\u00e0ng qua fax Vui l\u00f2ng g\u1eedi fax m\u1eabu \u0111\u01a1n \u0111\u1eb7t h\u00e0ng \u0111\u1ebfn s\u1ed1 d\u01b0\u1edbi \u0111\u00e2y. \uff08\u0110\u01a1n \u0111\u1eb7t h\u00e0ng qua m\u00e1y FAX\uff09 [&hellip;]","og_url":"https:\/\/www.kfucoidan.com\/vi\/howtoorder\/","og_site_name":"Fucoidan Supplement from Okinawa, Made in Japan","article_publisher":"https:\/\/www.facebook.com\/kfucoidan","article_modified_time":"2020-06-30T00:33:07+00:00","og_image":[{"width":1200,"height":630,"url":"https:\/\/www.kfucoidan.com\/wp-content\/uploads\/2021\/10\/socialmedia_preview.png","type":"image\/png"}],"twitter_card":"summary_large_image","twitter_site":"@kfucoidan","twitter_misc":{"\u01af\u1edbc t\u00ednh th\u1eddi gian \u0111\u1ecdc":"6 ph\u00fat"},"schema":{"@context":"https:\/\/schema.org","@graph":[{"@type":"WebPage","@id":"https:\/\/www.kfucoidan.com\/vi\/howtoorder\/","url":"https:\/\/www.kfucoidan.com\/vi\/howtoorder\/","name":"C\u00e1ch \u0111\u1eb7t h\u00e0ng - Fucoidan Supplement from Okinawa, Made in Japan","isPartOf":{"@id":"https:\/\/www.kfucoidan.com\/#website"},"datePublished":"2019-12-23T22:42:33+00:00","dateModified":"2020-06-30T00:33:07+00:00","breadcrumb":{"@id":"https:\/\/www.kfucoidan.com\/vi\/howtoorder\/#breadcrumb"},"inLanguage":"vi","potentialAction":[{"@type":"ReadAction","target":["https:\/\/www.kfucoidan.com\/vi\/howtoorder\/"]}]},{"@type":"BreadcrumbList","@id":"https:\/\/www.kfucoidan.com\/vi\/howtoorder\/#breadcrumb","itemListElement":[{"@type":"ListItem","position":1,"name":"Home","item":"https:\/\/www.kfucoidan.com\/"},{"@type":"ListItem","position":2,"name":"C\u00e1ch \u0111\u1eb7t h\u00e0ng"}]},{"@type":"WebSite","@id":"https:\/\/www.kfucoidan.com\/#website","url":"https:\/\/www.kfucoidan.com\/","name":"Fucoidan Supplement from Okinawa, Made in Japan","description":"Best Fucoidan and Agaricus mushroom supplement for immune support","publisher":{"@id":"https:\/\/www.kfucoidan.com\/#organization"},"potentialAction":[{"@type":"SearchAction","target":{"@type":"EntryPoint","urlTemplate":"https:\/\/www.kfucoidan.com\/?s={search_term_string}"},"query-input":{"@type":"PropertyValueSpecification","valueRequired":true,"valueName":"search_term_string"}}],"inLanguage":"vi"},{"@type":"Organization","@id":"https:\/\/www.kfucoidan.com\/#organization","name":"Fucoidan Umi No shizuku","url":"https:\/\/www.kfucoidan.com\/","logo":{"@type":"ImageObject","inLanguage":"vi","@id":"https:\/\/www.kfucoidan.com\/#\/schema\/logo\/image\/","url":"https:\/\/www.kfucoidan.com\/wp-content\/uploads\/2020\/08\/logo.jpg","contentUrl":"https:\/\/www.kfucoidan.com\/wp-content\/uploads\/2020\/08\/logo.jpg","width":960,"height":960,"caption":"Fucoidan Umi No shizuku"},"image":{"@id":"https:\/\/www.kfucoidan.com\/#\/schema\/logo\/image\/"},"sameAs":["https:\/\/www.facebook.com\/kfucoidan","https:\/\/x.com\/kfucoidan","https:\/\/www.instagram.com\/kfucoidan\/","https:\/\/www.youtube.com\/channel\/UCJ6f6KE078t9bLQpmYwdiEw"]}]}},"_links":{"self":[{"href":"https:\/\/www.kfucoidan.com\/vi\/wp-json\/wp\/v2\/pages\/3201","targetHints":{"allow":["GET"]}}],"collection":[{"href":"https:\/\/www.kfucoidan.com\/vi\/wp-json\/wp\/v2\/pages"}],"about":[{"href":"https:\/\/www.kfucoidan.com\/vi\/wp-json\/wp\/v2\/types\/page"}],"author":[{"embeddable":true,"href":"https:\/\/www.kfucoidan.com\/vi\/wp-json\/wp\/v2\/users\/1"}],"replies":[{"embeddable":true,"href":"https:\/\/www.kfucoidan.com\/vi\/wp-json\/wp\/v2\/comments?post=3201"}],"version-history":[{"count":16,"href":"https:\/\/www.kfucoidan.com\/vi\/wp-json\/wp\/v2\/pages\/3201\/revisions"}],"predecessor-version":[{"id":16252,"href":"https:\/\/www.kfucoidan.com\/vi\/wp-json\/wp\/v2\/pages\/3201\/revisions\/16252"}],"wp:attachment":[{"href":"https:\/\/www.kfucoidan.com\/vi\/wp-json\/wp\/v2\/media?parent=3201"}],"curies":[{"name":"wp","href":"https:\/\/api.w.org\/{rel}","templated":true}]}}