{"id":3197,"date":"2019-12-23T14:39:51","date_gmt":"2019-12-23T22:39:51","guid":{"rendered":"https:\/\/kfucoidan.com\/?page_id=3197"},"modified":"2024-06-14T10:16:55","modified_gmt":"2024-06-14T17:16:55","slug":"about-us","status":"publish","type":"page","link":"https:\/\/www.kfucoidan.com\/vi\/about-us\/","title":{"rendered":"Gi\u1edbi Thi\u1ec7u"},"content":{"rendered":"<p><img decoding=\"async\" style=\"display: block; margin-left: auto; margin-right: auto;\" src=\"https:\/\/www.kfucoidan.com\/wp-content\/uploads\/2021\/06\/about-us-top-2.jpg\" alt=\"Kamerycah office\" \/><\/p>\n<div class=\"section\">\n<div class=\"container\">\n<section>\n<h2 class=\"fucoidan-ttl\"><span>L\u1ecbch S\u1eed C\u1ee7a Ch\u00fang T\u00f4i<\/span><\/h2>\n<p class=\"president-msg\">\n\u00d4ng n\u1ed9i c\u1ee7a t\u00f4i l\u00e0 \u00f4ng Shozo Takeuchi \u0111\u00e3 s\u00e1ng l\u1eadp ra c\u00f4ng ty Kanefuku, l\u00e0 c\u00f4ng ty m\u1eb9 v\u00e0o n\u0103m 1971, v\u00e0 nhanh ch\u00f3ng ph\u00e1t tri\u1ec3n \u0111\u1ec3 tr\u1edf th\u00e0nh nh\u00e0 s\u1ea3n xu\u1ea5t h\u00e0ng h\u1ea3i h\u00e0ng \u0111\u1ea7u t\u1ea1i Nh\u1eadt B\u1ea3n. <\/p>\n<p class=\"president-msg\">Trong th\u1eddi gian ph\u00e1t tri\u1ec3n kinh doanh, \u00d4ng \u0111\u00e3 m\u1eafc ph\u1ea3i b\u1ec7nh nan y d\u1eabn t\u1edbi giai \u0111o\u1ea1n cu\u1ed1i. Cu\u1ed1i c\u00f9ng, \u00d4ng \u0111\u00e3 chi\u1ebfn th\u1eafng \u0111\u01b0\u1ee3c c\u0103n b\u1ec7nh c\u1ee7a m\u00ecnh, b\u1ec7nh c\u1ee7a \u00f4ng \u0111\u00e3 khi\u1ebfn cho hai th\u1ebf h\u1ec7 trong gia \u0111\u00ecnh t\u00f4i ph\u1ea3i \u0111i t\u00ecm ki\u1ebfm cho \u0111\u00e1p \u00e1n l\u00e0m sao \u0111\u1ec3 c\u00f3 s\u1ee9c kh\u1ecfe t\u1ed1t h\u01a1n v\u00e0 cu\u1ed9c s\u1ed1ng kh\u1ecfe m\u1ea1nh.<br \/>\nCha c\u1ee7a t\u00f4i l\u00e0 \u00f4ng Hideyuki, khi \u00f4ng ti\u1ebfp qu\u1ea3n c\u00f4ng vi\u1ec7c kinh doanh c\u00f4ng ty h\u1ea3i s\u1ea3n, nhi\u1ec7m v\u1ee5 c\u1ee7a \u00f4ng l\u00e0 t\u00ecm ki\u1ebfm c\u00e1c s\u1ea3n ph\u1ea9m t\u1ef1 nhi\u00ean \u0111\u01b0\u1ee3c xu\u1ea5t ph\u00e1t t\u1eeb \u0111\u1ea1i d\u01b0\u01a1ng, nh\u1eefng s\u1ea3n ph\u1ea9m \u1ea5y s\u1ebd h\u1ed7 tr\u1ee3 c\u00f3 cu\u1ed9c s\u1ed1ng kh\u1ecfe m\u1ea1nh tr\u01b0\u1eddng th\u1ecd v\u00e0 c\u00f2n c\u00f3 th\u1ec3 mang l\u1ea1i hy v\u1ecdng cho nh\u1eefng ai \u0111ang ph\u1ea3i chi\u1ebfn \u0111\u1ea5u ch\u1ed1ng l\u1ea1i b\u1ec7nh t\u1eadt.<\/p>\n<p class=\"president-msg\">Khi cha c\u1ee7a t\u00f4i \u0111\u01b0\u1ee3c bi\u1ebft t\u1edbi T\u1ea3o bi\u1ec3n Okinawa Mozuku, \u00d4ng \u0111\u00e3 nh\u00ecn th\u1ea5y ti\u1ec1m n\u0103ng l\u1edbn trong ch\u1ea5t Fucoidan \u0111\u01b0\u1ee3c chi\u1ebft xu\u1ea5t t\u1eeb t\u1ea3o bi\u1ec3n \u0111\u00f3 v\u00e0 \u00f4ng tin t\u01b0\u1edfng ch\u1eafc ch\u1eafn Fucoidan c\u00f3 th\u1ec3 gi\u00fap \u00edch cho m\u1ecdi ng\u01b0\u1eddi tr\u00ean to\u00e0n th\u1ebf gi\u1edbi. V\u1edbi s\u1ef1 n\u1ed7 l\u1ef1c v\u00e0 c\u1ed1ng hi\u1ebfn h\u1ebft m\u00ecnh trong vi\u1ec7c nghi\u00ean c\u1ee9u, s\u1ea3n ph\u1ea9m Fucoidan c\u1ee7a ch\u00fang , &#8221; Umi No Shizuku,&#8221; \u0111\u00e3 \u0111\u01b0\u1ee3c ra \u0111\u1eddi v\u00e0o n\u0103m 2002.<\/p>\n<p class=\"president-msg\">T\u00ean c\u1ee7a th\u01b0\u01a1ng hi\u1ec7u Umi No Shizuku c\u00f3 \u00fd ngh\u0129a l\u00e0 &#8220;Gi\u1ecdt N\u01b0\u1edbc T\u1eeb \u0110\u1ea1i D\u01b0\u01a1ng&#8221;, v\u00e0 n\u00f3 th\u1ec3 hi\u1ec7n l\u00f2ng bi\u1ebft \u01a1n c\u1ee7a ch\u00fang t\u00f4i \u0111\u1ed1i v\u1edbi m\u00f3n qu\u00e0 c\u1ee7a \u0111\u1ea1i d\u01b0\u01a1ng \u0111\u00e3 lu\u00f4n mang \u0111\u1ebfn cho con ng\u01b0\u1eddi, c\u0169ng nh\u01b0 nguy\u00ean li\u1ec7u qu\u00fd hi\u1ebfm c\u1ee7a s\u1ea3n ph\u1ea9m c\u1ee7a ch\u00fang t\u00f4i, \u0111\u00f3 l\u00e0 nguy\u00ean li\u1ec7u Fucoidan.\n<\/p>\n<p class=\"president-msg\">C\u00f4ng ty Kamerycah, Inc. \u0111\u00e3 \u0111\u01b0\u1ee3c th\u00e0nh l\u1eadp \u1edf t\u1ea1i th\u00e0nh ph\u1ed1 Los Angeles, Hoa K\u1ef3 v\u00e0o n\u0103m 2003 v\u1edbi s\u1ee9 m\u1ec7nh- m\u1edf r\u1ed9ng ho\u1ea1t \u0111\u1ed9ng nghi\u00ean c\u1ee9u v\u00e0 ph\u00e1t tri\u1ec3n trong vi\u1ec7c l\u1ee3i \u00edch s\u1ee9c kh\u1ecfe c\u1ee7a Fucoidan. K\u1ec3 t\u1eeb \u0111\u00f3, ch\u00fang t\u00f4i \u0111\u00e3 m\u1edf r\u1ed9ng \u0111\u00f4i c\u00e1nh c\u1ee7a m\u00ecnh tr\u00ean to\u00e0n c\u1ea7u nh\u01b0 c\u00e1c qu\u1ed1c gia Canada, H\u1ed3ng Kong, Nam H\u00e0n, \u0110\u00e0i Loan, Singapore, v\u00e0 Vietnam.<br \/>\nTrong su\u1ed1t 23 n\u0103m, ch\u00fang t\u00f4i \u0111\u00e3 lu\u00f4n c\u1ed1ng hi\u1ebfn h\u1ebft m\u00ecnh, k\u1ebft h\u1ee3p v\u1edbi c\u00e1c tr\u01b0\u1eddng \u0111\u1ea1i h\u1ecdc qu\u1ed1c gia v\u00e0 vi\u1ec7n nghi\u00ean c\u1ee9u Fucoidan NPO, \u0111\u1ec3 c\u00f3 th\u1ec3 t\u00ecm ra c\u00e1c ph\u01b0\u01a1ng ph\u00e1p \u0111i\u1ec1u tr\u1ecb t\u1ef1 nhi\u00ean t\u1ed1t nh\u1ea5t cho nh\u1eefng ai c\u00f3 nhu c\u1ea7u c\u1ea7n t\u1edbi. Th\u1ef1c ph\u1ea9m b\u1ea3o v\u1ec7 s\u1ee9c kh\u1ecfe Fucoidan Umi No Shizuku c\u1ee7a ch\u00fang t\u00f4i \u0111\u00e3  tr\u1edf th\u00e0nh m\u1ed9t th\u01b0\u01a1ng hi\u1ec7u n\u1ed5i ti\u1ebfng \u1edf 45 qu\u1ed1c gia b\u1edfi v\u00ec m\u1ecdi ng\u01b0\u1eddi t\u00ecn t\u01b0\u1edfng v\u00e0o s\u1ef1 chuy\u00ean nghi\u1ec7p c\u1ee7a ch\u00fang t\u00f4i v\u00e0 cam k\u1ebft r\u1eb1ng ch\u1ec9 cung c\u1ea5p s\u1ea3n ph\u1ea9m Fucoidan c\u00f3 ch\u1ea5t l\u01b0\u1ee3ng cao.<\/p>\n<p class=\"president-msg\">Ch\u00fang t\u00f4i b\u1eaft \u0111\u1ea7u nh\u01b0 m\u1ed9t c\u00f4ng ty gia \u0111\u00ecnh v\u1edbi m\u1ee5c ti\u00eau r\u1ea5t \u0111\u01a1n gi\u1ea3n l\u00e0 cung c\u1ea5p cho ng\u01b0\u1eddi ti\u00eau d\u00f9ng m\u1ed9t s\u1ea3n ph\u1ea9m tin c\u1eady \u0111\u1ec3 kh\u00e1ch h\u00e0ng lu\u00f4n \u0111\u01b0\u1ee3c h\u00e0i long. M\u1eb7c d\u00f9 c\u00f4ng ty ch\u00fang t\u00f4i \u0111\u00e3 ph\u00e1t tri\u1ec3n quy m\u00f4 h\u01a1n, nh\u01b0ng \u0111\u00e2y v\u1eabn l\u00e0 s\u01b0 m\u1ec7nh ch\u00ednh c\u1ee7a t\u1ea5t c\u1ea3 m\u1ecdi th\u1ee9 ch\u00fang t\u00f4i \u0111ang l\u00e0m \u1edf t\u1ea1i Kamerycah, Inc.<\/p>\n<p class=\"has-text-right margin-bottom-2rem\"><span class=\"is-size-6 has-text-weight-bold is-italic\">Hideaki Takeuchi, CEO<\/span><br \/>\n<span class=\"is-size-7\">Kamerycah, Inc.<\/span>\n<\/p>\n<h2 class=\"fucoidan-ttl margin-top-only-2rem\"><span>S\u1ee9 M\u1ec7nh C\u1ee7a Ch\u00fang T\u00f4i<\/span><\/h2>\n<p class=\"president-msg\">\nCh\u00fang t\u00f4i truy\u1ec1n c\u1ea3m h\u1ee9ng cho s\u1ef1 hy v\u1ecdng v\u00e0 s\u1ef1 l\u1ea1c quan \u0111\u1ec3 gi\u00fap kh\u00e1ch h\u00e0ng c\u1ee7a ch\u00fang t\u00f4i c\u1ea3m th\u1ea5y kh\u1ecfe m\u1ea1nh t\u1eeb trong ra ngo\u00e0i trong\n<\/p>\n<p><!--h2 class=\"fucoidan-ttl margin-top-only-2rem\"><span>\u30d3\u30b8\u30e7\u30f3<\/span><\/h2>\n\n \n\n\n<p class=\"president-msg\">\n\u300c\u6d77\u300d\u3068\u3044\u3046\u5927\u81ea\u7136\u306e\u6075\u307f\u3068\u3001\u6700\u5148\u7aef\u306e\u6280\u8853\u3092\u7d44\u307f\u5408\u308f\u305b\u308b\u3053\u3068\u306b\u3088\u308a\u3001Kamerycah, Inc.\u306b\u3057\u304b\u4f5c\u308c\u306a\u3044\u6700\u9ad8\u7d1a\u306e\u5065\u5eb7\u98df\u54c1\u3092\u63d0\u4f9b\u3059\u308b\u3002\n<\/p-->\n<h2 class=\"fucoidan-ttl margin-top-only-2rem\"><span>C\u00e1c Gi\u00e1 Tr\u1ecb C\u1ee7a Ch\u00fang T\u00f4i<\/span><\/h2>\n<p class=\"president-msg\">\n<strong>Lu\u00f4n Lu\u00f4n Bi\u1ebft \u01a0n<\/strong><br \/>\nKh\u00f4ng ai c\u00f3 th\u1ec3 t\u1ef1 m\u00ecnh \u0111\u1ea1t \u0111\u01b0\u1ee3c b\u1ea5t c\u1ee9 \u0111i\u1ec1u g\u00ec, v\u00ec v\u1eady ch\u00fang ta ch\u1eafc ch\u1eafn ph\u1ea3i lu\u00f4n th\u1ec3 hi\u1ec7n s\u1ef1 khi\u00eam t\u1ed1n, kh\u00f4ng bao gi\u1edd ki\u00eau ng\u1ea1o v\u00e0 lu\u00f4n tr\u00e2n tr\u1ecdng nh\u1eefng ng\u01b0\u1eddi xung quanh v\u00e0 s\u1ef1 \u0111\u00f3ng g\u00f3p c\u1ee7a h\u1ecd cho nh\u1eefng g\u00ec ch\u00fang ta \u0111\u1ea1t \u0111\u01b0\u1ee3c. T\u01b0 duy n\u00e0y s\u1ebd bao qu\u00e1t t\u1ea5t c\u1ea3 m\u1ecdi ng\u01b0\u1eddi t\u1eeb \u0111\u1ed3ng nghi\u1ec7p c\u00f9ng \u0111\u1ed9i \u0111\u1ebfn c\u00e1c \u0111\u1ed9i ng\u0169 kh\u00e1c v\u00e0 c\u1ea3 kh\u00e1ch h\u00e0ng, nh\u1eefng ng\u01b0\u1eddi c\u1ea7n \u0111\u1ebfn t\u1edbi ch\u00fang t\u00f4i. M\u1edf r\u1ed9ng b\u00e0n tay gi\u00fap \u0111\u1ee1 ng\u01b0\u1eddi \u0111ang c\u1ea7n t\u1edbi l\u00e0 c\u00e1ch m\u00e0 Kamerycah ho\u1ea1t \u0111\u1ed9ng.<\/p>\n<p class=\"president-msg\">\n<strong> G\u00ecn Gi\u1eef S\u1ef1 Minh B\u1ea1ch V\u00e0 To\u00e0n V\u1eb9n<\/strong><br \/>\nCh\u00fang t\u00f4i hi\u1ec3u nh\u1eefng l\u1ef1a ch\u1ecdn v\u1ec1 s\u1ee9c kh\u1ecfe v\u00e0 an to\u00e0n c\u00e1 nh\u00e2n l\u00e0 nh\u1eefng quy\u1ebft \u0111\u1ecbnh quan tr\u1ecdng nh\u1ea5t m\u00e0 m\u1ed9t ng\u01b0\u1eddi s\u1ebd ph\u1ea3i \u0111\u01b0a ra cho ch\u00ednh b\u1ea3n th\u00e2n v\u00e0 gia \u0111\u00ecnh c\u1ee7a h\u1ecd. Cung c\u1ea5p s\u1ea3n ph\u1ea9m trung th\u1ef1c kh\u1edfi \u0111\u1ea7u b\u1eb1ng vi\u1ec7c ph\u00e1t huy gi\u00e1 tr\u1ecb c\u1ee7a s\u1ef1 trung th\u1ef1c trong t\u1ea5t c\u1ea3 c\u00e1c kh\u00eda c\u1ea1nh c\u1ee7a ho\u1ea1t \u0111\u1ed9ng kinh doanh. T\u1eeb nh\u00e2n vi\u00ean c\u1ee7a Kamerycah, Inc. \u0111\u1ebfn kh\u00e1ch h\u00e0ng, ch\u00fang t\u00f4i cam k\u1ebft lu\u00f4n trung th\u1ef1c v\u00e0 minh b\u1ea1ch khi l\u00e0m vi\u1ec7c c\u00f9ng nhau \u0111\u1ec3 t\u1ea1o ra s\u1ea3n ph\u1ea9m t\u1ef1 nhi\u00ean t\u1ed1t nh\u1ea5t \u0111\u1ec3 c\u1ea3i thi\u1ec7n t\u1ea5t m\u1ecdi kh\u00eda c\u1ea1nh trong cu\u1ed9c s\u1ed1ng c\u1ee7a m\u1ed7i ng\u01b0\u1eddi.<\/p>\n<p class=\"president-msg\">\n<strong>T\u00f4n Tr\u1ecdng V\u00e0 T\u00f4n Vinh S\u1ef1 \u0110a D\u1ea1ng<\/strong><br \/>\nL\u00e0 m\u1ed9t c\u00f4ng ty qu\u1ed1c t\u1ebf c\u00f3 nh\u00e2n vi\u00ean v\u00e0 kh\u00e1ch h\u00e0ng tr\u00ean to\u00e0n c\u1ea7u, ch\u00fang t\u00f4i bi\u1ebft r\u00f5 t\u1ea7m quan tr\u1ecdng c\u1ee7a s\u1ef1 \u0111a d\u1ea1ng. Ch\u00fang t\u00f4i t\u00f4n vinh nh\u1eefng \u0111i\u1ec1u khi\u1ebfn ch\u00fang t\u00f4i kh\u00e1c bi\u1ec7t v\u00e0 hi\u1ec3u r\u1eb1ng m\u1ed7i kh\u00e1ch h\u00e0ng c\u1ee7a ch\u00fang t\u00f4i c\u0169ng kh\u00e1c nhau. T\u1ea1i Kamerycah, Inc., s\u1ee9c m\u1ea1nh c\u1ee7a ch\u00fang t\u00f4i n\u1eb1m \u1edf l\u1ef1c l\u01b0\u1ee3ng ho\u1ea1t \u0111\u1ed9ng \u0111a d\u1ea1ng gi\u00fap ch\u00fang t\u00f4i hi\u1ec3u r\u00f5 h\u01a1n v\u1ec1 nhu c\u1ea7u \u0111a d\u1ea1ng t\u1eeb trong n\u1ed9i b\u1ed9, t\u1ea1o ra s\u1ea3n ph\u1ea9m t\u1ed1t h\u01a1n \u0111\u1ec3 t\u00f4n tr\u1ecdng nhu c\u1ea7u ri\u00eang c\u1ee7a kh\u00e1ch h\u00e0ng tr\u00ean to\u00e0n c\u1ea7u.<\/p>\n<\/section>\n<section>\n<dl class=\"columns is-multiline column-dl dl-list\">\n<dt class=\"column is-3\">T\u00ean C\u00f4ng Ty<\/dt>\n<dd class=\"column is-9\">Kamerycah, Inc.<\/dd>\n<dt class=\"column is-3\">\u0110\u1ecba Ch\u1ec9<\/dt>\n<dd class=\"column is-9\">21250 Hawthorne Boulevard, Suite 150<br \/>\n                            Torrance, CA 90503<br \/>\nU.S.A.<\/p>\n<div class=\"ggmap margin-top-only-2rem\">\n<iframe loading=\"lazy\" src=\"https:\/\/www.google.com\/maps\/embed?pb=!1m14!1m8!1m3!1d828.5203255443115!2d-118.3524201429331!3d33.836013883769425!3m2!1i1024!2i768!4f13.1!3m3!1m2!1s0x80c2b4d35aa9c9b3%3A0xab55155abbd37616!2s21250%20Hawthorne%20Blvd%20%23150%2C%20Torrance%2C%20CA%2090503!5e0!3m2!1sen!2sus!4v1567618297122!5m2!1sen!2sus\" width=\"600\" height=\"450\" frameborder=\"0\" style=\"border:0;\" allowfullscreen=\"\"><\/iframe>\n<\/div>\n<p><!--a href=\"https:\/\/goo.gl\/maps\/K7iuwGdvW7QPnLrSA\" target=\"_blank\"><i class=\"fas fa-external-link-alt\"><\/i> Google Map\u3067\u958b\u304f<\/a--><\/dd>\n<dt class=\"column is-3\">Doanh Nghi\u1ec7p<\/dt>\n<dd class=\"column is-9\">Kinh doanh c\u00e1c s\u1ea3n ph\u1ea9m th\u1ef1c ph\u1ea9m v\u1ec1 s\u1ee9c kh\u1ecfe<\/dd>\n<dt class=\"column is-3\">S\u1ed1 \u0111i\u1ec7n tho\u1ea1i<\/dt>\n<dd class=\"column is-9\">310-944-9870<\/dd>\n<dt class=\"column is-3\">S\u1ed0 FAX<\/dt>\n<dd class=\"column is-9\">310-944-9871<\/dd>\n<dt class=\"column is-3\">Li\u00ean k\u1ebft c\u1ee7a c\u00e1c t\u1ed5 ch\u1ee9c chuy\u00ean nghi\u1ec7p<\/dt>\n<dd class=\"column is-9\">\n<ul>\n<li><b>&#183;<\/b>&nbsp;&nbsp; Vi\u1ec7n Nghi\u00ean C\u1ee9u C\u1ee7a T\u1ed5 Ch\u1ee9c Phi L\u1ee3i Nhu\u1eadn V\u1ec1 Fucoidan, th\u00e0nh vi\u00ean th\u01b0\u1eddng tr\u1ef1c<\/li>\n<li><b>&#183;<\/b>&nbsp;&nbsp; Hi\u1ec7p H\u1ed9i Th\u1ef1c Ph\u1ea9m Dinh D\u01b0\u1ee1ng V\u00e0 S\u1ee9c Kh\u1ecfe Nh\u1eadt B\u1ea3n (JHFA), th\u00e0nh vi\u00ean th\u01b0\u1eddng tr\u1ef1c<\/li>\n<li><b>&#183;<\/b>&nbsp;&nbsp; Hi\u1ec7p H\u1ed9i Mi\u1ec5n D\u1ecbch H\u1ecdc Nh\u1eadt B\u1ea3n (JSI), th\u00e0nh vi\u00ean th\u01b0\u1eddng tr\u1ef1c<\/li>\n<\/ul>\n<\/dd>\n<\/dl>\n<\/section>\n<section>\n<dl class=\"columns is-multiline column-dl dl-list\">\n<dt class=\"column is-3\">Chi nh\u00e1nh Canada<\/dt>\n<dd class=\"column is-9\">Kamerycah Trading(Canada) Ltd.<br \/>\n                            200 Consumers Rd. Suite 506<br \/>\n                            North York, ON, M2J4R4 Canada<br \/>\n                            S\u1ed1 \u0111i\u1ec7n tho\u1ea1i:416-498-1888<\/p>\n<div class=\"ggmap margin-top-only-2rem\">\n<iframe loading=\"lazy\" src=\"https:\/\/www.google.com\/maps\/embed?pb=!1m18!1m12!1m3!1d2881.000061663964!2d-79.33334158427417!3d43.77285755270255!2m3!1f0!2f0!3f0!3m2!1i1024!2i768!4f13.1!3m3!1m2!1s0x89d4d25937c4225d%3A0x3089e8e0ba5a63dd!2s200%20Consumers%20Rd%2C%20North%20York%2C%20ON%20M2J%204R4%2C%20Canada!5e0!3m2!1sen!2sus!4v1600210594466!5m2!1sen!2sus\" width=\"600\" height=\"450\" frameborder=\"0\" style=\"border:0;\" allowfullscreen=\"\" aria-hidden=\"false\" tabindex=\"0\"><\/iframe>\n<\/div>\n<p><!--a href=\"https:\/\/goo.gl\/maps\/CqkpmrjPBaYcBgFP7\" target=\"_blank\"><i class=\"fas fa-external-link-alt\"><\/i> Google Map\u3067\u958b\u304f<\/a--><\/dd>\n<\/dl>\n<\/section><\/div>\n<p><!-- \/.container -->\n            <\/div>\n<p><!-- \/.section --><\/p>\n","protected":false},"excerpt":{"rendered":"<p>L\u1ecbch S\u1eed C\u1ee7a Ch\u00fang T\u00f4i \u00d4ng n\u1ed9i c\u1ee7a t\u00f4i l\u00e0 \u00f4ng Shozo Takeuchi \u0111\u00e3 s\u00e1ng l\u1eadp ra c\u00f4ng ty Kanefuku, l\u00e0 c\u00f4ng ty m\u1eb9 v\u00e0o n\u0103m 1971, v\u00e0 nhanh ch\u00f3ng ph\u00e1t tri\u1ec3n \u0111\u1ec3 tr\u1edf th\u00e0nh nh\u00e0 s\u1ea3n xu\u1ea5t h\u00e0ng h\u1ea3i h\u00e0ng \u0111\u1ea7u t\u1ea1i Nh\u1eadt B\u1ea3n. Trong th\u1eddi gian ph\u00e1t tri\u1ec3n kinh doanh, \u00d4ng \u0111\u00e3 m\u1eafc [&hellip;]<\/p>\n","protected":false},"author":1,"featured_media":0,"parent":0,"menu_order":0,"comment_status":"closed","ping_status":"closed","template":"","meta":{"footnotes":""},"class_list":["post-3197","page","type-page","status-publish","hentry"],"yoast_head":"<!-- This site is optimized with the Yoast SEO plugin v24.4 - https:\/\/yoast.com\/wordpress\/plugins\/seo\/ -->\n<title>Gi\u1edbi Thi\u1ec7u - Fucoidan Supplement from Okinawa, Made in Japan<\/title>\n<meta name=\"robots\" content=\"index, follow, max-snippet:-1, max-image-preview:large, max-video-preview:-1\" \/>\n<link rel=\"canonical\" href=\"https:\/\/www.kfucoidan.com\/vi\/about-us\/\" \/>\n<meta property=\"og:locale\" content=\"vi_VN\" \/>\n<meta property=\"og:type\" content=\"article\" \/>\n<meta property=\"og:title\" content=\"Gi\u1edbi Thi\u1ec7u - Fucoidan Supplement from Okinawa, Made in Japan\" \/>\n<meta property=\"og:description\" content=\"L\u1ecbch S\u1eed C\u1ee7a Ch\u00fang T\u00f4i \u00d4ng n\u1ed9i c\u1ee7a t\u00f4i l\u00e0 \u00f4ng Shozo Takeuchi \u0111\u00e3 s\u00e1ng l\u1eadp ra c\u00f4ng ty Kanefuku, l\u00e0 c\u00f4ng ty m\u1eb9 v\u00e0o n\u0103m 1971, v\u00e0 nhanh ch\u00f3ng ph\u00e1t tri\u1ec3n \u0111\u1ec3 tr\u1edf th\u00e0nh nh\u00e0 s\u1ea3n xu\u1ea5t h\u00e0ng h\u1ea3i h\u00e0ng \u0111\u1ea7u t\u1ea1i Nh\u1eadt B\u1ea3n. Trong th\u1eddi gian ph\u00e1t tri\u1ec3n kinh doanh, \u00d4ng \u0111\u00e3 m\u1eafc [&hellip;]\" \/>\n<meta property=\"og:url\" content=\"https:\/\/www.kfucoidan.com\/vi\/about-us\/\" \/>\n<meta property=\"og:site_name\" content=\"Fucoidan Supplement from Okinawa, Made in Japan\" \/>\n<meta property=\"article:publisher\" content=\"https:\/\/www.facebook.com\/kfucoidan\" \/>\n<meta property=\"article:modified_time\" content=\"2024-06-14T17:16:55+00:00\" \/>\n<meta property=\"og:image\" content=\"https:\/\/www.kfucoidan.com\/wp-content\/uploads\/2021\/06\/about-us-top-2.jpg\" \/>\n<meta name=\"twitter:card\" content=\"summary_large_image\" \/>\n<meta name=\"twitter:site\" content=\"@kfucoidan\" \/>\n<meta name=\"twitter:label1\" content=\"\u01af\u1edbc t\u00ednh th\u1eddi gian \u0111\u1ecdc\" \/>\n\t<meta name=\"twitter:data1\" content=\"8 ph\u00fat\" \/>\n<script type=\"application\/ld+json\" class=\"yoast-schema-graph\">{\"@context\":\"https:\/\/schema.org\",\"@graph\":[{\"@type\":\"WebPage\",\"@id\":\"https:\/\/www.kfucoidan.com\/vi\/about-us\/\",\"url\":\"https:\/\/www.kfucoidan.com\/vi\/about-us\/\",\"name\":\"Gi\u1edbi Thi\u1ec7u - Fucoidan Supplement from Okinawa, Made in Japan\",\"isPartOf\":{\"@id\":\"https:\/\/www.kfucoidan.com\/#website\"},\"primaryImageOfPage\":{\"@id\":\"https:\/\/www.kfucoidan.com\/vi\/about-us\/#primaryimage\"},\"image\":{\"@id\":\"https:\/\/www.kfucoidan.com\/vi\/about-us\/#primaryimage\"},\"thumbnailUrl\":\"https:\/\/www.kfucoidan.com\/wp-content\/uploads\/2021\/06\/about-us-top-2.jpg\",\"datePublished\":\"2019-12-23T22:39:51+00:00\",\"dateModified\":\"2024-06-14T17:16:55+00:00\",\"breadcrumb\":{\"@id\":\"https:\/\/www.kfucoidan.com\/vi\/about-us\/#breadcrumb\"},\"inLanguage\":\"vi\",\"potentialAction\":[{\"@type\":\"ReadAction\",\"target\":[\"https:\/\/www.kfucoidan.com\/vi\/about-us\/\"]}]},{\"@type\":\"ImageObject\",\"inLanguage\":\"vi\",\"@id\":\"https:\/\/www.kfucoidan.com\/vi\/about-us\/#primaryimage\",\"url\":\"https:\/\/www.kfucoidan.com\/wp-content\/uploads\/2021\/06\/about-us-top-2.jpg\",\"contentUrl\":\"https:\/\/www.kfucoidan.com\/wp-content\/uploads\/2021\/06\/about-us-top-2.jpg\"},{\"@type\":\"BreadcrumbList\",\"@id\":\"https:\/\/www.kfucoidan.com\/vi\/about-us\/#breadcrumb\",\"itemListElement\":[{\"@type\":\"ListItem\",\"position\":1,\"name\":\"Home\",\"item\":\"https:\/\/www.kfucoidan.com\/\"},{\"@type\":\"ListItem\",\"position\":2,\"name\":\"Gi\u1edbi Thi\u1ec7u\"}]},{\"@type\":\"WebSite\",\"@id\":\"https:\/\/www.kfucoidan.com\/#website\",\"url\":\"https:\/\/www.kfucoidan.com\/\",\"name\":\"Fucoidan Supplement from Okinawa, Made in Japan\",\"description\":\"Best Fucoidan and Agaricus mushroom supplement for immune support\",\"publisher\":{\"@id\":\"https:\/\/www.kfucoidan.com\/#organization\"},\"potentialAction\":[{\"@type\":\"SearchAction\",\"target\":{\"@type\":\"EntryPoint\",\"urlTemplate\":\"https:\/\/www.kfucoidan.com\/?s={search_term_string}\"},\"query-input\":{\"@type\":\"PropertyValueSpecification\",\"valueRequired\":true,\"valueName\":\"search_term_string\"}}],\"inLanguage\":\"vi\"},{\"@type\":\"Organization\",\"@id\":\"https:\/\/www.kfucoidan.com\/#organization\",\"name\":\"Fucoidan Umi No shizuku\",\"url\":\"https:\/\/www.kfucoidan.com\/\",\"logo\":{\"@type\":\"ImageObject\",\"inLanguage\":\"vi\",\"@id\":\"https:\/\/www.kfucoidan.com\/#\/schema\/logo\/image\/\",\"url\":\"https:\/\/www.kfucoidan.com\/wp-content\/uploads\/2020\/08\/logo.jpg\",\"contentUrl\":\"https:\/\/www.kfucoidan.com\/wp-content\/uploads\/2020\/08\/logo.jpg\",\"width\":960,\"height\":960,\"caption\":\"Fucoidan Umi No shizuku\"},\"image\":{\"@id\":\"https:\/\/www.kfucoidan.com\/#\/schema\/logo\/image\/\"},\"sameAs\":[\"https:\/\/www.facebook.com\/kfucoidan\",\"https:\/\/x.com\/kfucoidan\",\"https:\/\/www.instagram.com\/kfucoidan\/\",\"https:\/\/www.youtube.com\/channel\/UCJ6f6KE078t9bLQpmYwdiEw\"]}]}<\/script>\n<!-- \/ Yoast SEO plugin. -->","yoast_head_json":{"title":"Gi\u1edbi Thi\u1ec7u - Fucoidan Supplement from Okinawa, Made in Japan","robots":{"index":"index","follow":"follow","max-snippet":"max-snippet:-1","max-image-preview":"max-image-preview:large","max-video-preview":"max-video-preview:-1"},"canonical":"https:\/\/www.kfucoidan.com\/vi\/about-us\/","og_locale":"vi_VN","og_type":"article","og_title":"Gi\u1edbi Thi\u1ec7u - Fucoidan Supplement from Okinawa, Made in Japan","og_description":"L\u1ecbch S\u1eed C\u1ee7a Ch\u00fang T\u00f4i \u00d4ng n\u1ed9i c\u1ee7a t\u00f4i l\u00e0 \u00f4ng Shozo Takeuchi \u0111\u00e3 s\u00e1ng l\u1eadp ra c\u00f4ng ty Kanefuku, l\u00e0 c\u00f4ng ty m\u1eb9 v\u00e0o n\u0103m 1971, v\u00e0 nhanh ch\u00f3ng ph\u00e1t tri\u1ec3n \u0111\u1ec3 tr\u1edf th\u00e0nh nh\u00e0 s\u1ea3n xu\u1ea5t h\u00e0ng h\u1ea3i h\u00e0ng \u0111\u1ea7u t\u1ea1i Nh\u1eadt B\u1ea3n. Trong th\u1eddi gian ph\u00e1t tri\u1ec3n kinh doanh, \u00d4ng \u0111\u00e3 m\u1eafc [&hellip;]","og_url":"https:\/\/www.kfucoidan.com\/vi\/about-us\/","og_site_name":"Fucoidan Supplement from Okinawa, Made in Japan","article_publisher":"https:\/\/www.facebook.com\/kfucoidan","article_modified_time":"2024-06-14T17:16:55+00:00","og_image":[{"url":"https:\/\/www.kfucoidan.com\/wp-content\/uploads\/2021\/06\/about-us-top-2.jpg","type":"","width":"","height":""}],"twitter_card":"summary_large_image","twitter_site":"@kfucoidan","twitter_misc":{"\u01af\u1edbc t\u00ednh th\u1eddi gian \u0111\u1ecdc":"8 ph\u00fat"},"schema":{"@context":"https:\/\/schema.org","@graph":[{"@type":"WebPage","@id":"https:\/\/www.kfucoidan.com\/vi\/about-us\/","url":"https:\/\/www.kfucoidan.com\/vi\/about-us\/","name":"Gi\u1edbi Thi\u1ec7u - Fucoidan Supplement from Okinawa, Made in Japan","isPartOf":{"@id":"https:\/\/www.kfucoidan.com\/#website"},"primaryImageOfPage":{"@id":"https:\/\/www.kfucoidan.com\/vi\/about-us\/#primaryimage"},"image":{"@id":"https:\/\/www.kfucoidan.com\/vi\/about-us\/#primaryimage"},"thumbnailUrl":"https:\/\/www.kfucoidan.com\/wp-content\/uploads\/2021\/06\/about-us-top-2.jpg","datePublished":"2019-12-23T22:39:51+00:00","dateModified":"2024-06-14T17:16:55+00:00","breadcrumb":{"@id":"https:\/\/www.kfucoidan.com\/vi\/about-us\/#breadcrumb"},"inLanguage":"vi","potentialAction":[{"@type":"ReadAction","target":["https:\/\/www.kfucoidan.com\/vi\/about-us\/"]}]},{"@type":"ImageObject","inLanguage":"vi","@id":"https:\/\/www.kfucoidan.com\/vi\/about-us\/#primaryimage","url":"https:\/\/www.kfucoidan.com\/wp-content\/uploads\/2021\/06\/about-us-top-2.jpg","contentUrl":"https:\/\/www.kfucoidan.com\/wp-content\/uploads\/2021\/06\/about-us-top-2.jpg"},{"@type":"BreadcrumbList","@id":"https:\/\/www.kfucoidan.com\/vi\/about-us\/#breadcrumb","itemListElement":[{"@type":"ListItem","position":1,"name":"Home","item":"https:\/\/www.kfucoidan.com\/"},{"@type":"ListItem","position":2,"name":"Gi\u1edbi Thi\u1ec7u"}]},{"@type":"WebSite","@id":"https:\/\/www.kfucoidan.com\/#website","url":"https:\/\/www.kfucoidan.com\/","name":"Fucoidan Supplement from Okinawa, Made in Japan","description":"Best Fucoidan and Agaricus mushroom supplement for immune support","publisher":{"@id":"https:\/\/www.kfucoidan.com\/#organization"},"potentialAction":[{"@type":"SearchAction","target":{"@type":"EntryPoint","urlTemplate":"https:\/\/www.kfucoidan.com\/?s={search_term_string}"},"query-input":{"@type":"PropertyValueSpecification","valueRequired":true,"valueName":"search_term_string"}}],"inLanguage":"vi"},{"@type":"Organization","@id":"https:\/\/www.kfucoidan.com\/#organization","name":"Fucoidan Umi No shizuku","url":"https:\/\/www.kfucoidan.com\/","logo":{"@type":"ImageObject","inLanguage":"vi","@id":"https:\/\/www.kfucoidan.com\/#\/schema\/logo\/image\/","url":"https:\/\/www.kfucoidan.com\/wp-content\/uploads\/2020\/08\/logo.jpg","contentUrl":"https:\/\/www.kfucoidan.com\/wp-content\/uploads\/2020\/08\/logo.jpg","width":960,"height":960,"caption":"Fucoidan Umi No shizuku"},"image":{"@id":"https:\/\/www.kfucoidan.com\/#\/schema\/logo\/image\/"},"sameAs":["https:\/\/www.facebook.com\/kfucoidan","https:\/\/x.com\/kfucoidan","https:\/\/www.instagram.com\/kfucoidan\/","https:\/\/www.youtube.com\/channel\/UCJ6f6KE078t9bLQpmYwdiEw"]}]}},"_links":{"self":[{"href":"https:\/\/www.kfucoidan.com\/vi\/wp-json\/wp\/v2\/pages\/3197","targetHints":{"allow":["GET"]}}],"collection":[{"href":"https:\/\/www.kfucoidan.com\/vi\/wp-json\/wp\/v2\/pages"}],"about":[{"href":"https:\/\/www.kfucoidan.com\/vi\/wp-json\/wp\/v2\/types\/page"}],"author":[{"embeddable":true,"href":"https:\/\/www.kfucoidan.com\/vi\/wp-json\/wp\/v2\/users\/1"}],"replies":[{"embeddable":true,"href":"https:\/\/www.kfucoidan.com\/vi\/wp-json\/wp\/v2\/comments?post=3197"}],"version-history":[{"count":18,"href":"https:\/\/www.kfucoidan.com\/vi\/wp-json\/wp\/v2\/pages\/3197\/revisions"}],"predecessor-version":[{"id":227167,"href":"https:\/\/www.kfucoidan.com\/vi\/wp-json\/wp\/v2\/pages\/3197\/revisions\/227167"}],"wp:attachment":[{"href":"https:\/\/www.kfucoidan.com\/vi\/wp-json\/wp\/v2\/media?parent=3197"}],"curies":[{"name":"wp","href":"https:\/\/api.w.org\/{rel}","templated":true}]}}