{"id":213723,"date":"2022-03-28T12:09:39","date_gmt":"2022-03-28T19:09:39","guid":{"rendered":"https:\/\/www.kfucoidan.com\/?page_id=213723"},"modified":"2022-04-04T17:53:44","modified_gmt":"2022-04-05T00:53:44","slug":"agaricus","status":"publish","type":"page","link":"https:\/\/www.kfucoidan.com\/vi\/agaricus\/","title":{"rendered":"Agaricus l\u00e0 g\u00ec, \u201cN\u1ea5m c\u1ee7a Th\u01b0\u1ee3ng \u0110\u1ebf\u201d?"},"content":{"rendered":"<style type=\"text\/css\">\n.h-style1{display:none;}\n\/*.section {\n    z-index: 1;\n}*\/\n.jp-agaricus-title{font-size: 42px;}\n@media screen and (max-width: 620px) {\n    .jp-agaricus-title{font-size: 6vw;}\n}\n<\/style>\n<link href=\"https:\/\/fonts.googleapis.com\/css2?family=Lora&#038;display=swap\" rel=\"stylesheet\">\n<div class=\"container section\" >\n<h1 class=\"fucoidan-hero-ttl jp-agaricus-title\" style=\"font-family: Yu Mincho; font-weight: Bold;\">Agaricus l\u00e0 g\u00ec? \u201cN\u1ea5m c\u1ee7a Th\u01b0\u1ee3ng \u0110\u1ebf\u201d?<\/h1>\n<p>   <img decoding=\"async\" style=\"display: block; margin-left: auto; margin-right: auto;\" src=\"https:\/\/www.kfucoidan.com\/wp-content\/uploads\/2022\/03\/agaricus-main-1200.jpg\" alt=\"C\u1ea7m tr\u00ean tay c\u00e1i \u0111\u0129a Agaricus\" \/><br \/>\n&nbsp;<\/p>\n<p class=\"fucoidan-point-lead\">Ngo\u00e0i Fucoidan, th\u00e0nh ph\u1ea7n quan tr\u1ecdng kh\u00e1c trong s\u1ea3n ph\u1ea9m Umi No Shizuku l\u00e0 Agaricus. T\u00ean khoa h\u1ecdc c\u1ee7a lo\u1ea1i n\u1ea5m n\u00e0y l\u00e0 Agaricus Blazei Murill, trong khi \u0111\u00f3 \u1edf Nh\u1eadt B\u1ea3n n\u00f3 \u0111\u01b0\u1ee3c g\u1ecdi v\u1edbi t\u00ean l\u00e0 \u201chime-matsutake&#8221; ho\u1eb7c &#8220;kawari-haratake&#8221;.<\/p>\n<p>T\u1eeb l\u00e2u n\u1ea5m Agaricus \u0111\u00e3 \u0111\u01b0\u1ee3c \u01b0a chu\u1ed9ng; \u0110\u1ebfn nh\u1eefng th\u1eadp ni\u00ean sau c\u1ee7a th\u1ebf k\u1ef7 18 m\u1edbi c\u00f3 nh\u1eefng ghi nh\u1eadn v\u1ec1 c\u00e1c \u0111\u1eb7c t\u00ednh y h\u1ecdc c\u1ee7a n\u00f3. M\u1eb7c d\u00f9 v\u1eady, m\u00e3i cho \u0111\u1ebfn th\u1eddi gian g\u1ea7n \u0111\u00e2y c\u00e1c nh\u00e0 nghi\u00ean c\u1ee9u tr\u00ean th\u1ebf gi\u1edbi m\u1edbi b\u1eaft \u0111\u1ea7u t\u1eadp trung nghi\u00ean c\u1ee9u lo\u1ea1i n\u1ea5m \u0111\u1eb7c bi\u1ec7t n\u00e0y.<\/p>\n<p>Quay v\u1ec1 nh\u1eefng n\u0103m c\u1ee7a th\u1eadp ni\u00ean 1960, c\u01b0 d\u00e2n s\u1ed1ng \u1edf v\u00f9ng Piedade thu\u1ed9c Sao Paulo, qu\u1ed1c gia Brazil \u0111\u01b0\u1ee3c bi\u1ebft \u0111\u1ebfn nh\u1edd c\u00f3 s\u1ee9c kh\u1ecfe t\u1ed1t v\u00e0 tu\u1ed5i th\u1ecd cao. Trong qu\u00e1 tr\u00ecnh t\u00ecm hi\u1ec3u, c\u00e1c nh\u00e0 nghi\u00ean c\u1ee9u \u0111\u00e3 ph\u00e1t hi\u1ec7n ra r\u1eb1ng n\u1ea5m Agaricus \u0111\u01b0\u1ee3c tr\u1ed3ng trong v\u00f9ng, \u0111\u00e3 tr\u1edf th\u00e0nh m\u1ed9t ph\u1ea7n trong ch\u1ebf \u0111\u1ed9 \u0103n u\u1ed1ng h\u00e0ng ng\u00e0y c\u1ee7a d\u00e2n l\u00e0ng v\u00f9ng Piedade. Ph\u00e1t hi\u1ec7n n\u00e0y \u0111\u00e3 d\u1eabn \u0111\u1ebfn vi\u1ec7c nghi\u00ean c\u1ee9u c\u00e1c t\u00e1c d\u1ee5ng d\u01b0\u1ee3c l\u00fd c\u1ee7a n\u1ea5m Agaricus \u1edf M\u1ef9.<\/p>\n<p>N\u1ea5m Agaricus gi\u00e0u c\u00e1c ch\u1ea5t dinh d\u01b0\u1ee1ng nh\u01b0 ch\u1ea5t \u0111\u1ea1m, vitamin v\u00e0 kho\u00e1ng ch\u1ea5t. Quan tr\u1ecdng nh\u1ea5t l\u00e0 n\u00f3 c\u00f3 h\u00e0m l\u01b0\u1ee3ng polysaccharide \u03b2-glucan &#8211; ch\u1ec9 \u0111\u01b0\u1ee3c t\u00ecm th\u1ea5y \u1edf c\u00e1c lo\u1ea1i n\u1ea5m &#8211; cao h\u01a1n so v\u1edbi c\u00e1c lo\u1ea1i kh\u00e1c. \u03b2-glucan \u0111\u01b0\u1ee3c cho l\u00e0 c\u00f3 t\u00e1c d\u1ee5ng h\u1ed7 tr\u1ee3 h\u1ec7 mi\u1ec5n d\u1ecbch, v\u00e0 ph\u00e1t hi\u1ec7n n\u00e0y \u0111\u00e3 cung c\u1ea5p th\u00eam b\u1eb1ng ch\u1ee9ng cho gi\u1ea3 thuy\u1ebft l\u00e2u nay v\u1ec1 vi\u1ec7c \u0103n n\u1ea5m Agaricus c\u00f3 l\u1ee3i cho s\u1ee9c kh\u1ecfe.<\/p>\n<\/div>\n<div class=\"container section\" >\n<h2 style=\"font-weight: Bold; font-size: 22px; background: linear-gradient(transparent 60%, #d1eedc 60%);\">Fucoidan v\u00e0 Agaricus k\u1ebft h\u1ee3p v\u1edbi nhau: t\u00e1c \u0111\u1ed9ng t\u01b0\u01a1ng h\u1ed7<\/h2>\n<p class=\"fucoidan-point-lead\">Qu\u00e1 tr\u00ecnh nghi\u00ean c\u1ee9u v\u00e0 ph\u00e1t tri\u1ec3n cho Umi No Shizuku t\u1eadp trung v\u00e0o vi\u1ec7c t\u1ea1o ra m\u1ed9t ch\u1ea5t b\u1ed5 sung cung c\u1ea5p kh\u1ea3 n\u0103ng h\u1ed7 tr\u1ee3 mi\u1ec5n d\u1ecbch t\u1ed1i \u01b0u. N\u1ea5m Agaricus l\u00e0 m\u1ed9t trong nh\u1eefng nguy\u00ean li\u1ec7u \u0111\u01b0\u1ee3c ch\u00fang t\u00f4i l\u1ef1a ch\u1ecdn \u0111\u1ec3 k\u1ebft h\u1ee3p v\u1edbi Fucoidan.<\/p>\n<p><img decoding=\"async\" style=\"display: block; margin-left: auto; margin-right: auto;\" src=\"https:\/\/www.kfucoidan.com\/wp-content\/uploads\/2022\/04\/others-750-02.jpg\" alt=\"So s\u00e1nh c\u00e1c v\u1eadt li\u1ec7u kh\u00e1c nhau\" \/><\/p>\n<p class=\"fucoidan-point-lead\">\nKhi ch\u00fang t\u00f4i ph\u00e1t tri\u1ec3n Umi No Shizuku, ch\u00fang t\u00f4i \u0111\u00e3 th\u1eed nghi\u1ec7m k\u1ebft h\u1ee3p Fucoidan v\u00e0 nhi\u1ec1u th\u00e0nh ph\u1ea7n kh\u00e1c nhau \u0111\u01b0\u1ee3c cho l\u00e0 c\u00f3 kh\u1ea3 n\u0103ng h\u1ed7 tr\u1ee3 mi\u1ec5n d\u1ecbch t\u0103ng tr\u01b0\u1edfng nh\u01b0: n\u1ea5m M\u00f3ng \u0111en (Phellinus linteus), n\u1ea5m S\u00e2u b\u01b0\u1edbm (Ophiocordyceps sinensis), n\u1ea5m S\u00f2 v\u00e0ng (Pleurotus citrinopileatus), n\u1ea5m B\u1eddm s\u01b0 t\u1eed (Hericium erinaceum), n\u1ea5m Linh chi (Ganoderma lucidum), s\u00e1p ong, ngh\u1ec7, nh\u00e2n s\u00e2m v\u00e0 isoflavone. K\u1ebft qu\u1ea3 \u0111\u00e3 ch\u1ec9 ra r\u1eb1ng s\u1ef1 k\u1ebft h\u1ee3p hi\u1ec7u qu\u1ea3 nh\u1ea5t l\u00e0 n\u1ea5m Agaricus c\u00f9ng v\u1edbi hai lo\u1ea1i Fucoidan: m\u1ed9t s\u1ef1 pha tr\u1ed9n \u0111\u1ed9c \u0111\u00e1o m\u00e0 ch\u00fang t\u00f4i g\u1ecdi l\u00e0 Fucoidan Mix AG.<\/p>\n<\/div>\n<div class=\"container section\">\n<h2 style=\"font-weight: Bold; font-size: 22px; background: linear-gradient(transparent 60%, #d1eedc 60%);\">Ch\u1ecdn s\u1ee3i n\u1ea5m tr\u00ean qu\u1ea3 th\u1ec3<\/h2>\n<p><img decoding=\"async\" style=\"display: block; margin-left: auto; margin-right: auto; margin-top: 30px;\" src=\"https:\/\/www.kfucoidan.com\/wp-content\/uploads\/2022\/03\/mashroom-body-VN.jpg\" alt=\"Qu\u1ea3 th\u1ec3 v\u00e0 s\u1ee3i n\u1ea5m\" \/><\/p>\n<p class=\"fucoidan-point-lead\">\nN\u1ea5m c\u00f3 hai ph\u1ea7n ri\u00eang bi\u1ec7t: ph\u1ea7n m\u00e0 ch\u00fang ta g\u1ecdi l\u00e0 &#8220;qu\u1ea3 th\u1ec3&#8221; l\u00e0 ph\u1ea7n th\u01b0\u1eddng \u0111\u01b0\u1ee3c s\u1eed d\u1ee5ng v\u00e0 ph\u1ea7n \u0111\u01b0\u1ee3c g\u1ecdi l\u00e0 &#8220;s\u1ee3i n\u1ea5m&#8221; l\u00e0 c\u1ea5u tr\u00fac gi\u1ed1ng nh\u01b0 s\u1ee3i ch\u1ec9 \u1edf ph\u1ea7n r\u1ec5 c\u1ee7a n\u1ea5m . Th\u00e0nh ph\u1ea7n trong hai b\u1ed9 ph\u1eadn n\u00e0y l\u00e0 kh\u00e1c nhau v\u00e0 n\u1ea5m Agaricus c\u0169ng kh\u00f4ng ngo\u1ea1i l\u1ec7. Trong n\u1ea5m Agaricus, h\u00e0m l\u01b0\u1ee3ng \u03b2-glucan cao nh\u1ea5t &#8211; \u0111\u01b0\u1ee3c cho l\u00e0 ngu\u1ed3n g\u1ed1c c\u1ee7a c\u00e1c t\u00e1c d\u1ee5ng c\u00f3 l\u1ee3i c\u1ee7a n\u1ea5m &#8211; \u0111\u01b0\u1ee3c t\u00ecm th\u1ea5y trong qu\u1ea3 th\u1ec3. Tuy nhi\u00ean, v\u1edbi Umi No Shizuku, ch\u00fang t\u00f4i ch\u1ec9 s\u1eed d\u1ee5ng s\u1ee3i n\u1ea5m v\u00ec n\u00f3 an to\u00e0n h\u01a1n v\u00e0 \u0111\u1ed3ng th\u1eddi v\u1eabn ch\u1ee9a \u03b2-glucan, mang \u0111\u1ebfn s\u1ef1 c\u00e2n b\u1eb1ng t\u1ed1t h\u01a1n v\u1edbi c\u00e1c ch\u1ea5t dinh d\u01b0\u1ee1ng kh\u00e1c, bao g\u1ed3m protein, axit amin v\u00e0 kho\u00e1ng ch\u1ea5t.<\/p>\n<\/div>\n<div class=\"container\">\n<h2 style=\"font-weight: Bold; font-size: 22px; background: linear-gradient(transparent 60%, #d1eedc 60%);\">Nu\u00f4i tr\u1ed3ng n\u1ea5m Agaricus b\u1eb1ng b\u00e3 m\u00eda cho ra s\u1ea3n ph\u1ea9m ch\u1ea5t l\u01b0\u1ee3ng cao<\/h3>\n<p>&nbsp;<br \/>\n<img decoding=\"async\" style=\"float: left; margin-right: 20px; margin-bottom: 30px; width: 412px; height: 100%;\" src=\"https:\/\/www.kfucoidan.com\/wp-content\/uploads\/2022\/02\/sugar_cane_field-1.jpg\" alt=\"Ru\u1ed9ng m\u00eda\" \/><\/p>\n<p class=\"fucoidan-point-lead\">\nN\u1ea5m Agaricus \u0111\u01b0\u1ee3c s\u1eed d\u1ee5ng trong Umi No Shizuku c\u0169ng r\u1ea5t kh\u00e1c bi\u1ec7t. Th\u00f4ng th\u01b0\u1eddng, n\u1ea5m \u0111\u01b0\u1ee3c nu\u00f4i tr\u1ed3ng b\u1eb1ng c\u00e1ch s\u1eed d\u1ee5ng m\u00f9n c\u01b0a v\u00e0 ph\u1ebf li\u1ec7u g\u1ed7 l\u00e0m m\u00f4i tr\u01b0\u1eddng nu\u00f4i c\u1ea5y. Tuy nhi\u00ean, n\u1ea5m Agaricus d\u1ec5 b\u1ecb t\u1ed5n th\u01b0\u01a1ng b\u1edfi nhi\u1ec1u lo\u1ea1i vi khu\u1ea9n khi\u1ebfn vi\u1ec7c nu\u00f4i tr\u1ed3ng ch\u00fang tr\u00ean m\u00f9n c\u01b0a r\u1ea5t kh\u00f3 kh\u0103n. C\u00f3 th\u1ec3 nu\u00f4i tr\u00f4ng n\u1ea5m Agaricus nhanh tr\u00f3ng trong m\u00f4i tr\u01b0\u1eddng n\u01b0\u1edbc nh\u01b0ng t\u1ed1c \u0111\u1ed9 ph\u00e1t tri\u1ec3n c\u1ee7a n\u1ea5m trong ph\u01b0\u01a1ng ph\u00e1p nu\u00f4i c\u1ea5y c\u00f3 th\u1ec3 l\u00e0m gi\u1ea3m ch\u1ee9c n\u0103ng c\u1ee7a n\u1ea5m. \u0110\u1ec3 tr\u00e1nh \u0111i\u1ec1u \u0111\u00f3, Umi No Shizuku \u0111\u00e3 s\u1eed d\u1ee5ng m\u1ed9t gi\u1ea3i ph\u00e1p thay th\u1ebf duy nh\u1ea5t cho m\u00f9n c\u01b0a v\u00e0 n\u01b0\u1edbc \u0111\u00f3 l\u00e0 nu\u00f4i tr\u1ed3ng b\u1eb1ng b\u00e3 m\u00eda.\n<\/p>\n<div style=\"clear: both\"><\/div>\n<\/div>\n<div class=\"container\">\n<img decoding=\"async\" style=\"float: left; margin-right: 20px; margin-bottom: 10px; width: 412px; height: 100%;\" src=\"https:\/\/www.kfucoidan.com\/wp-content\/uploads\/2022\/02\/sugar_cane02.jpg\" alt=\"\u0111\u01b0\u1eddng m\u00eda\" \/><\/p>\n<p class=\"fucoidan-point-lead\">\n&#8220;B\u00e3 m\u00eda&#8221; l\u00e0 v\u1eadt li\u1ec7u d\u1ea1ng s\u1ee3i c\u00f2n s\u00f3t l\u1ea1i sau khi n\u01b0\u1edbc m\u00eda \u0111\u01b0\u1ee3c chi\u1ebft xu\u1ea5t. N\u1ea5m Agaricus \u0111\u01b0\u1ee3c nu\u00f4i tr\u1ed3ng b\u1eb1ng b\u00e3 m\u00eda ch\u1ee9a nhi\u1ec1u ch\u1ea5t dinh d\u01b0\u1ee1ng, c\u00f3 th\u1ec3 ra r\u1ec5 trong m\u00f4i tr\u01b0\u1eddng nu\u00f4i c\u1ea5y \u1edf th\u1ec3 kh\u00f4 r\u00e1o, s\u1ea1ch v\u00e0 gi\u00e0u ch\u1ea5t dinh d\u01b0\u1ee1ng.<\/p>\n<p>  Umi No Shizuku \u0111\u01b0\u1ee3c b\u00e0o ch\u1ebf v\u1edbi s\u1ef1 pha tr\u1ed9n \u0111\u1ed9c \u0111\u00e1o gi\u1eefa s\u1ee3i n\u1ea5m Agaricus \u0111\u01b0\u1ee3c tr\u1ed3ng t\u1eeb b\u00e3 m\u00eda v\u00e0 hai lo\u1ea1i Fucoidan Mozuku [Cladosiphon okamuranus] v\u00e0 Mekabu [Undaria pinnatifida], \u0111\u01b0\u1ee3c ph\u00e1t tri\u1ec3n \u0111\u1ec3 h\u1ed7 tr\u1ee3 mi\u1ec5n d\u1ecbch t\u1ed1i \u01b0u.<\/p>\n<div style=\"clear: both\"><\/div>\n<\/div>\n","protected":false},"excerpt":{"rendered":"<p>Agaricus l\u00e0 g\u00ec? \u201cN\u1ea5m c\u1ee7a Th\u01b0\u1ee3ng \u0110\u1ebf\u201d? &nbsp; Ngo\u00e0i Fucoidan, th\u00e0nh ph\u1ea7n quan tr\u1ecdng kh\u00e1c trong s\u1ea3n ph\u1ea9m Umi No Shizuku l\u00e0 Agaricus. T\u00ean khoa h\u1ecdc c\u1ee7a lo\u1ea1i n\u1ea5m n\u00e0y l\u00e0 Agaricus Blazei Murill, trong khi \u0111\u00f3 \u1edf Nh\u1eadt B\u1ea3n n\u00f3 \u0111\u01b0\u1ee3c g\u1ecdi v\u1edbi t\u00ean l\u00e0 \u201chime-matsutake&#8221; ho\u1eb7c &#8220;kawari-haratake&#8221;. T\u1eeb l\u00e2u n\u1ea5m Agaricus \u0111\u00e3 \u0111\u01b0\u1ee3c [&hellip;]<\/p>\n","protected":false},"author":16438,"featured_media":0,"parent":0,"menu_order":0,"comment_status":"closed","ping_status":"closed","template":"page-templates\/fullwidthpage.php","meta":{"footnotes":""},"class_list":["post-213723","page","type-page","status-publish","hentry"],"yoast_head":"<!-- This site is optimized with the Yoast SEO plugin v24.4 - https:\/\/yoast.com\/wordpress\/plugins\/seo\/ -->\n<title>Agaricus l\u00e0 g\u00ec, \u201cN\u1ea5m c\u1ee7a Th\u01b0\u1ee3ng \u0110\u1ebf\u201d? - Fucoidan Supplement from Okinawa, Made in Japan<\/title>\n<meta name=\"robots\" content=\"index, follow, max-snippet:-1, max-image-preview:large, max-video-preview:-1\" \/>\n<link rel=\"canonical\" href=\"https:\/\/www.kfucoidan.com\/vi\/agaricus\/\" \/>\n<meta property=\"og:locale\" content=\"vi_VN\" \/>\n<meta property=\"og:type\" content=\"article\" \/>\n<meta property=\"og:title\" content=\"Agaricus l\u00e0 g\u00ec, \u201cN\u1ea5m c\u1ee7a Th\u01b0\u1ee3ng \u0110\u1ebf\u201d? - Fucoidan Supplement from Okinawa, Made in Japan\" \/>\n<meta property=\"og:description\" content=\"Agaricus l\u00e0 g\u00ec? \u201cN\u1ea5m c\u1ee7a Th\u01b0\u1ee3ng \u0110\u1ebf\u201d? &nbsp; Ngo\u00e0i Fucoidan, th\u00e0nh ph\u1ea7n quan tr\u1ecdng kh\u00e1c trong s\u1ea3n ph\u1ea9m Umi No Shizuku l\u00e0 Agaricus. T\u00ean khoa h\u1ecdc c\u1ee7a lo\u1ea1i n\u1ea5m n\u00e0y l\u00e0 Agaricus Blazei Murill, trong khi \u0111\u00f3 \u1edf Nh\u1eadt B\u1ea3n n\u00f3 \u0111\u01b0\u1ee3c g\u1ecdi v\u1edbi t\u00ean l\u00e0 \u201chime-matsutake&#8221; ho\u1eb7c &#8220;kawari-haratake&#8221;. T\u1eeb l\u00e2u n\u1ea5m Agaricus \u0111\u00e3 \u0111\u01b0\u1ee3c [&hellip;]\" \/>\n<meta property=\"og:url\" content=\"https:\/\/www.kfucoidan.com\/vi\/agaricus\/\" \/>\n<meta property=\"og:site_name\" content=\"Fucoidan Supplement from Okinawa, Made in Japan\" \/>\n<meta property=\"article:publisher\" content=\"https:\/\/www.facebook.com\/kfucoidan\" \/>\n<meta property=\"article:modified_time\" content=\"2022-04-05T00:53:44+00:00\" \/>\n<meta property=\"og:image\" content=\"https:\/\/www.kfucoidan.com\/wp-content\/uploads\/2022\/03\/agaricus-main-1200.jpg\" \/>\n<meta name=\"twitter:card\" content=\"summary_large_image\" \/>\n<meta name=\"twitter:site\" content=\"@kfucoidan\" \/>\n<meta name=\"twitter:label1\" content=\"\u01af\u1edbc t\u00ednh th\u1eddi gian \u0111\u1ecdc\" \/>\n\t<meta name=\"twitter:data1\" content=\"6 ph\u00fat\" \/>\n<script type=\"application\/ld+json\" class=\"yoast-schema-graph\">{\"@context\":\"https:\/\/schema.org\",\"@graph\":[{\"@type\":\"WebPage\",\"@id\":\"https:\/\/www.kfucoidan.com\/vi\/agaricus\/\",\"url\":\"https:\/\/www.kfucoidan.com\/vi\/agaricus\/\",\"name\":\"Agaricus l\u00e0 g\u00ec, \u201cN\u1ea5m c\u1ee7a Th\u01b0\u1ee3ng \u0110\u1ebf\u201d? - Fucoidan Supplement from Okinawa, Made in Japan\",\"isPartOf\":{\"@id\":\"https:\/\/www.kfucoidan.com\/#website\"},\"primaryImageOfPage\":{\"@id\":\"https:\/\/www.kfucoidan.com\/vi\/agaricus\/#primaryimage\"},\"image\":{\"@id\":\"https:\/\/www.kfucoidan.com\/vi\/agaricus\/#primaryimage\"},\"thumbnailUrl\":\"https:\/\/www.kfucoidan.com\/wp-content\/uploads\/2022\/03\/agaricus-main-1200.jpg\",\"datePublished\":\"2022-03-28T19:09:39+00:00\",\"dateModified\":\"2022-04-05T00:53:44+00:00\",\"breadcrumb\":{\"@id\":\"https:\/\/www.kfucoidan.com\/vi\/agaricus\/#breadcrumb\"},\"inLanguage\":\"vi\",\"potentialAction\":[{\"@type\":\"ReadAction\",\"target\":[\"https:\/\/www.kfucoidan.com\/vi\/agaricus\/\"]}]},{\"@type\":\"ImageObject\",\"inLanguage\":\"vi\",\"@id\":\"https:\/\/www.kfucoidan.com\/vi\/agaricus\/#primaryimage\",\"url\":\"https:\/\/www.kfucoidan.com\/wp-content\/uploads\/2022\/03\/agaricus-main-1200.jpg\",\"contentUrl\":\"https:\/\/www.kfucoidan.com\/wp-content\/uploads\/2022\/03\/agaricus-main-1200.jpg\"},{\"@type\":\"BreadcrumbList\",\"@id\":\"https:\/\/www.kfucoidan.com\/vi\/agaricus\/#breadcrumb\",\"itemListElement\":[{\"@type\":\"ListItem\",\"position\":1,\"name\":\"Home\",\"item\":\"https:\/\/www.kfucoidan.com\/\"},{\"@type\":\"ListItem\",\"position\":2,\"name\":\"Agaricus l\u00e0 g\u00ec, \u201cN\u1ea5m c\u1ee7a Th\u01b0\u1ee3ng \u0110\u1ebf\u201d?\"}]},{\"@type\":\"WebSite\",\"@id\":\"https:\/\/www.kfucoidan.com\/#website\",\"url\":\"https:\/\/www.kfucoidan.com\/\",\"name\":\"Fucoidan Supplement from Okinawa, Made in Japan\",\"description\":\"Best Fucoidan and Agaricus mushroom supplement for immune support\",\"publisher\":{\"@id\":\"https:\/\/www.kfucoidan.com\/#organization\"},\"potentialAction\":[{\"@type\":\"SearchAction\",\"target\":{\"@type\":\"EntryPoint\",\"urlTemplate\":\"https:\/\/www.kfucoidan.com\/?s={search_term_string}\"},\"query-input\":{\"@type\":\"PropertyValueSpecification\",\"valueRequired\":true,\"valueName\":\"search_term_string\"}}],\"inLanguage\":\"vi\"},{\"@type\":\"Organization\",\"@id\":\"https:\/\/www.kfucoidan.com\/#organization\",\"name\":\"Fucoidan Umi No shizuku\",\"url\":\"https:\/\/www.kfucoidan.com\/\",\"logo\":{\"@type\":\"ImageObject\",\"inLanguage\":\"vi\",\"@id\":\"https:\/\/www.kfucoidan.com\/#\/schema\/logo\/image\/\",\"url\":\"https:\/\/www.kfucoidan.com\/wp-content\/uploads\/2020\/08\/logo.jpg\",\"contentUrl\":\"https:\/\/www.kfucoidan.com\/wp-content\/uploads\/2020\/08\/logo.jpg\",\"width\":960,\"height\":960,\"caption\":\"Fucoidan Umi No shizuku\"},\"image\":{\"@id\":\"https:\/\/www.kfucoidan.com\/#\/schema\/logo\/image\/\"},\"sameAs\":[\"https:\/\/www.facebook.com\/kfucoidan\",\"https:\/\/x.com\/kfucoidan\",\"https:\/\/www.instagram.com\/kfucoidan\/\",\"https:\/\/www.youtube.com\/channel\/UCJ6f6KE078t9bLQpmYwdiEw\"]}]}<\/script>\n<!-- \/ Yoast SEO plugin. -->","yoast_head_json":{"title":"Agaricus l\u00e0 g\u00ec, \u201cN\u1ea5m c\u1ee7a Th\u01b0\u1ee3ng \u0110\u1ebf\u201d? - Fucoidan Supplement from Okinawa, Made in Japan","robots":{"index":"index","follow":"follow","max-snippet":"max-snippet:-1","max-image-preview":"max-image-preview:large","max-video-preview":"max-video-preview:-1"},"canonical":"https:\/\/www.kfucoidan.com\/vi\/agaricus\/","og_locale":"vi_VN","og_type":"article","og_title":"Agaricus l\u00e0 g\u00ec, \u201cN\u1ea5m c\u1ee7a Th\u01b0\u1ee3ng \u0110\u1ebf\u201d? - Fucoidan Supplement from Okinawa, Made in Japan","og_description":"Agaricus l\u00e0 g\u00ec? \u201cN\u1ea5m c\u1ee7a Th\u01b0\u1ee3ng \u0110\u1ebf\u201d? &nbsp; Ngo\u00e0i Fucoidan, th\u00e0nh ph\u1ea7n quan tr\u1ecdng kh\u00e1c trong s\u1ea3n ph\u1ea9m Umi No Shizuku l\u00e0 Agaricus. T\u00ean khoa h\u1ecdc c\u1ee7a lo\u1ea1i n\u1ea5m n\u00e0y l\u00e0 Agaricus Blazei Murill, trong khi \u0111\u00f3 \u1edf Nh\u1eadt B\u1ea3n n\u00f3 \u0111\u01b0\u1ee3c g\u1ecdi v\u1edbi t\u00ean l\u00e0 \u201chime-matsutake&#8221; ho\u1eb7c &#8220;kawari-haratake&#8221;. T\u1eeb l\u00e2u n\u1ea5m Agaricus \u0111\u00e3 \u0111\u01b0\u1ee3c [&hellip;]","og_url":"https:\/\/www.kfucoidan.com\/vi\/agaricus\/","og_site_name":"Fucoidan Supplement from Okinawa, Made in Japan","article_publisher":"https:\/\/www.facebook.com\/kfucoidan","article_modified_time":"2022-04-05T00:53:44+00:00","og_image":[{"url":"https:\/\/www.kfucoidan.com\/wp-content\/uploads\/2022\/03\/agaricus-main-1200.jpg","type":"","width":"","height":""}],"twitter_card":"summary_large_image","twitter_site":"@kfucoidan","twitter_misc":{"\u01af\u1edbc t\u00ednh th\u1eddi gian \u0111\u1ecdc":"6 ph\u00fat"},"schema":{"@context":"https:\/\/schema.org","@graph":[{"@type":"WebPage","@id":"https:\/\/www.kfucoidan.com\/vi\/agaricus\/","url":"https:\/\/www.kfucoidan.com\/vi\/agaricus\/","name":"Agaricus l\u00e0 g\u00ec, \u201cN\u1ea5m c\u1ee7a Th\u01b0\u1ee3ng \u0110\u1ebf\u201d? - Fucoidan Supplement from Okinawa, Made in Japan","isPartOf":{"@id":"https:\/\/www.kfucoidan.com\/#website"},"primaryImageOfPage":{"@id":"https:\/\/www.kfucoidan.com\/vi\/agaricus\/#primaryimage"},"image":{"@id":"https:\/\/www.kfucoidan.com\/vi\/agaricus\/#primaryimage"},"thumbnailUrl":"https:\/\/www.kfucoidan.com\/wp-content\/uploads\/2022\/03\/agaricus-main-1200.jpg","datePublished":"2022-03-28T19:09:39+00:00","dateModified":"2022-04-05T00:53:44+00:00","breadcrumb":{"@id":"https:\/\/www.kfucoidan.com\/vi\/agaricus\/#breadcrumb"},"inLanguage":"vi","potentialAction":[{"@type":"ReadAction","target":["https:\/\/www.kfucoidan.com\/vi\/agaricus\/"]}]},{"@type":"ImageObject","inLanguage":"vi","@id":"https:\/\/www.kfucoidan.com\/vi\/agaricus\/#primaryimage","url":"https:\/\/www.kfucoidan.com\/wp-content\/uploads\/2022\/03\/agaricus-main-1200.jpg","contentUrl":"https:\/\/www.kfucoidan.com\/wp-content\/uploads\/2022\/03\/agaricus-main-1200.jpg"},{"@type":"BreadcrumbList","@id":"https:\/\/www.kfucoidan.com\/vi\/agaricus\/#breadcrumb","itemListElement":[{"@type":"ListItem","position":1,"name":"Home","item":"https:\/\/www.kfucoidan.com\/"},{"@type":"ListItem","position":2,"name":"Agaricus l\u00e0 g\u00ec, \u201cN\u1ea5m c\u1ee7a Th\u01b0\u1ee3ng \u0110\u1ebf\u201d?"}]},{"@type":"WebSite","@id":"https:\/\/www.kfucoidan.com\/#website","url":"https:\/\/www.kfucoidan.com\/","name":"Fucoidan Supplement from Okinawa, Made in Japan","description":"Best Fucoidan and Agaricus mushroom supplement for immune support","publisher":{"@id":"https:\/\/www.kfucoidan.com\/#organization"},"potentialAction":[{"@type":"SearchAction","target":{"@type":"EntryPoint","urlTemplate":"https:\/\/www.kfucoidan.com\/?s={search_term_string}"},"query-input":{"@type":"PropertyValueSpecification","valueRequired":true,"valueName":"search_term_string"}}],"inLanguage":"vi"},{"@type":"Organization","@id":"https:\/\/www.kfucoidan.com\/#organization","name":"Fucoidan Umi No shizuku","url":"https:\/\/www.kfucoidan.com\/","logo":{"@type":"ImageObject","inLanguage":"vi","@id":"https:\/\/www.kfucoidan.com\/#\/schema\/logo\/image\/","url":"https:\/\/www.kfucoidan.com\/wp-content\/uploads\/2020\/08\/logo.jpg","contentUrl":"https:\/\/www.kfucoidan.com\/wp-content\/uploads\/2020\/08\/logo.jpg","width":960,"height":960,"caption":"Fucoidan Umi No shizuku"},"image":{"@id":"https:\/\/www.kfucoidan.com\/#\/schema\/logo\/image\/"},"sameAs":["https:\/\/www.facebook.com\/kfucoidan","https:\/\/x.com\/kfucoidan","https:\/\/www.instagram.com\/kfucoidan\/","https:\/\/www.youtube.com\/channel\/UCJ6f6KE078t9bLQpmYwdiEw"]}]}},"_links":{"self":[{"href":"https:\/\/www.kfucoidan.com\/vi\/wp-json\/wp\/v2\/pages\/213723","targetHints":{"allow":["GET"]}}],"collection":[{"href":"https:\/\/www.kfucoidan.com\/vi\/wp-json\/wp\/v2\/pages"}],"about":[{"href":"https:\/\/www.kfucoidan.com\/vi\/wp-json\/wp\/v2\/types\/page"}],"author":[{"embeddable":true,"href":"https:\/\/www.kfucoidan.com\/vi\/wp-json\/wp\/v2\/users\/16438"}],"replies":[{"embeddable":true,"href":"https:\/\/www.kfucoidan.com\/vi\/wp-json\/wp\/v2\/comments?post=213723"}],"version-history":[{"count":7,"href":"https:\/\/www.kfucoidan.com\/vi\/wp-json\/wp\/v2\/pages\/213723\/revisions"}],"predecessor-version":[{"id":214977,"href":"https:\/\/www.kfucoidan.com\/vi\/wp-json\/wp\/v2\/pages\/213723\/revisions\/214977"}],"wp:attachment":[{"href":"https:\/\/www.kfucoidan.com\/vi\/wp-json\/wp\/v2\/media?parent=213723"}],"curies":[{"name":"wp","href":"https:\/\/api.w.org\/{rel}","templated":true}]}}