{"id":19717,"date":"2020-12-23T19:29:16","date_gmt":"2020-12-24T03:29:16","guid":{"rendered":"https:\/\/www.kfucoidan.com\/?page_id=19717"},"modified":"2020-12-23T19:30:03","modified_gmt":"2020-12-24T03:30:03","slug":"fucoidan-powder","status":"publish","type":"page","link":"https:\/\/www.kfucoidan.com\/vi\/fucoidan-powder\/","title":{"rendered":"Fucoidan Umi  No Shizuku Powder type"},"content":{"rendered":"<div id=\"shop-frame\" class=\"en-shop-frame section\" style=\"margin: -2em 0 -5em 0;\">\n<div class=\"container\">\n<section class=\"item-wrap\">\n<div class=\"item\">\n         <a id=\"powder\" class=\"item-a-link\"><\/a><\/p>\n<div id=\"298\" class=\"is-clearfix\">\n          <div class=\"woocommerce\">\t\t\t<div class=\"single-product\" data-product-page-preselected-id=\"0\">\n\t\t\t\t<div class=\"woocommerce-notices-wrapper\"><\/div><div id=\"product-4938\" class=\"product type-product post-4938 status-publish first instock product_cat-powd-caps-vi has-post-thumbnail taxable shipping-taxable purchasable product-type-simple\">\n\n\t<div class=\"woocommerce-product-gallery woocommerce-product-gallery--with-images woocommerce-product-gallery--columns-4 images\" data-columns=\"4\" style=\"opacity: 0; transition: opacity .25s ease-in-out;\">\n\t<figure class=\"woocommerce-product-gallery__wrapper\">\n\t\t<div data-thumb=\"https:\/\/www.kfucoidan.com\/wp-content\/uploads\/2019\/09\/Powder_1-01-100x100.jpg\" data-thumb-alt=\"Fucoidan powder supplement, Umi No Shizuku\" data-thumb-srcset=\"https:\/\/www.kfucoidan.com\/wp-content\/uploads\/2019\/09\/Powder_1-01-100x100.jpg 100w, https:\/\/www.kfucoidan.com\/wp-content\/uploads\/2019\/09\/Powder_1-01-300x300.jpg 300w, https:\/\/www.kfucoidan.com\/wp-content\/uploads\/2019\/09\/Powder_1-01-1024x1024.jpg 1024w, https:\/\/www.kfucoidan.com\/wp-content\/uploads\/2019\/09\/Powder_1-01-150x150.jpg 150w, https:\/\/www.kfucoidan.com\/wp-content\/uploads\/2019\/09\/Powder_1-01-768x768.jpg 768w, https:\/\/www.kfucoidan.com\/wp-content\/uploads\/2019\/09\/Powder_1-01-600x600.jpg 600w, https:\/\/www.kfucoidan.com\/wp-content\/uploads\/2019\/09\/Powder_1-01.jpg 1250w\"  data-thumb-sizes=\"(max-width: 100px) 100vw, 100px\" class=\"woocommerce-product-gallery__image\"><a href=\"https:\/\/www.kfucoidan.com\/wp-content\/uploads\/2019\/09\/Powder_1-01.jpg\"><img loading=\"lazy\" decoding=\"async\" width=\"600\" height=\"600\" src=\"https:\/\/www.kfucoidan.com\/wp-content\/uploads\/2019\/09\/Powder_1-01-600x600.jpg\" class=\"wp-post-image\" alt=\"Fucoidan powder supplement, Umi No Shizuku\" data-caption=\"\" data-src=\"https:\/\/www.kfucoidan.com\/wp-content\/uploads\/2019\/09\/Powder_1-01.jpg\" data-large_image=\"https:\/\/www.kfucoidan.com\/wp-content\/uploads\/2019\/09\/Powder_1-01.jpg\" data-large_image_width=\"1250\" data-large_image_height=\"1250\" srcset=\"https:\/\/www.kfucoidan.com\/wp-content\/uploads\/2019\/09\/Powder_1-01-600x600.jpg 600w, https:\/\/www.kfucoidan.com\/wp-content\/uploads\/2019\/09\/Powder_1-01-300x300.jpg 300w, https:\/\/www.kfucoidan.com\/wp-content\/uploads\/2019\/09\/Powder_1-01-1024x1024.jpg 1024w, https:\/\/www.kfucoidan.com\/wp-content\/uploads\/2019\/09\/Powder_1-01-150x150.jpg 150w, https:\/\/www.kfucoidan.com\/wp-content\/uploads\/2019\/09\/Powder_1-01-768x768.jpg 768w, https:\/\/www.kfucoidan.com\/wp-content\/uploads\/2019\/09\/Powder_1-01-100x100.jpg 100w, https:\/\/www.kfucoidan.com\/wp-content\/uploads\/2019\/09\/Powder_1-01.jpg 1250w\" sizes=\"auto, (max-width: 600px) 100vw, 600px\" \/><\/a><\/div><div data-thumb=\"https:\/\/www.kfucoidan.com\/wp-content\/uploads\/2019\/09\/Powder_1-02-100x100.jpg\" data-thumb-alt=\"Fucoidan powder supplement, Umi No Shizuku\" data-thumb-srcset=\"https:\/\/www.kfucoidan.com\/wp-content\/uploads\/2019\/09\/Powder_1-02-100x100.jpg 100w, https:\/\/www.kfucoidan.com\/wp-content\/uploads\/2019\/09\/Powder_1-02-300x300.jpg 300w, https:\/\/www.kfucoidan.com\/wp-content\/uploads\/2019\/09\/Powder_1-02-1024x1024.jpg 1024w, https:\/\/www.kfucoidan.com\/wp-content\/uploads\/2019\/09\/Powder_1-02-150x150.jpg 150w, https:\/\/www.kfucoidan.com\/wp-content\/uploads\/2019\/09\/Powder_1-02-768x767.jpg 768w, https:\/\/www.kfucoidan.com\/wp-content\/uploads\/2019\/09\/Powder_1-02-600x600.jpg 600w, https:\/\/www.kfucoidan.com\/wp-content\/uploads\/2019\/09\/Powder_1-02.jpg 1251w\"  data-thumb-sizes=\"(max-width: 100px) 100vw, 100px\" class=\"woocommerce-product-gallery__image\"><a href=\"https:\/\/www.kfucoidan.com\/wp-content\/uploads\/2019\/09\/Powder_1-02.jpg\"><img loading=\"lazy\" decoding=\"async\" width=\"100\" height=\"100\" src=\"https:\/\/www.kfucoidan.com\/wp-content\/uploads\/2019\/09\/Powder_1-02-100x100.jpg\" class=\"\" alt=\"Fucoidan powder supplement, Umi No Shizuku\" data-caption=\"\" data-src=\"https:\/\/www.kfucoidan.com\/wp-content\/uploads\/2019\/09\/Powder_1-02.jpg\" data-large_image=\"https:\/\/www.kfucoidan.com\/wp-content\/uploads\/2019\/09\/Powder_1-02.jpg\" data-large_image_width=\"1251\" data-large_image_height=\"1250\" srcset=\"https:\/\/www.kfucoidan.com\/wp-content\/uploads\/2019\/09\/Powder_1-02-100x100.jpg 100w, https:\/\/www.kfucoidan.com\/wp-content\/uploads\/2019\/09\/Powder_1-02-300x300.jpg 300w, https:\/\/www.kfucoidan.com\/wp-content\/uploads\/2019\/09\/Powder_1-02-1024x1024.jpg 1024w, https:\/\/www.kfucoidan.com\/wp-content\/uploads\/2019\/09\/Powder_1-02-150x150.jpg 150w, https:\/\/www.kfucoidan.com\/wp-content\/uploads\/2019\/09\/Powder_1-02-768x767.jpg 768w, https:\/\/www.kfucoidan.com\/wp-content\/uploads\/2019\/09\/Powder_1-02-600x600.jpg 600w, https:\/\/www.kfucoidan.com\/wp-content\/uploads\/2019\/09\/Powder_1-02.jpg 1251w\" sizes=\"auto, (max-width: 100px) 100vw, 100px\" \/><\/a><\/div><div data-thumb=\"https:\/\/www.kfucoidan.com\/wp-content\/uploads\/2019\/09\/Powder_1-03-100x100.jpg\" data-thumb-alt=\"2 packs of Fucoidan powder supplement, Umi No Shizuku\" data-thumb-srcset=\"https:\/\/www.kfucoidan.com\/wp-content\/uploads\/2019\/09\/Powder_1-03-100x100.jpg 100w, https:\/\/www.kfucoidan.com\/wp-content\/uploads\/2019\/09\/Powder_1-03-300x300.jpg 300w, https:\/\/www.kfucoidan.com\/wp-content\/uploads\/2019\/09\/Powder_1-03-1024x1024.jpg 1024w, https:\/\/www.kfucoidan.com\/wp-content\/uploads\/2019\/09\/Powder_1-03-150x150.jpg 150w, https:\/\/www.kfucoidan.com\/wp-content\/uploads\/2019\/09\/Powder_1-03-768x767.jpg 768w, https:\/\/www.kfucoidan.com\/wp-content\/uploads\/2019\/09\/Powder_1-03-600x600.jpg 600w, https:\/\/www.kfucoidan.com\/wp-content\/uploads\/2019\/09\/Powder_1-03.jpg 1251w\"  data-thumb-sizes=\"(max-width: 100px) 100vw, 100px\" class=\"woocommerce-product-gallery__image\"><a href=\"https:\/\/www.kfucoidan.com\/wp-content\/uploads\/2019\/09\/Powder_1-03.jpg\"><img loading=\"lazy\" decoding=\"async\" width=\"100\" height=\"100\" src=\"https:\/\/www.kfucoidan.com\/wp-content\/uploads\/2019\/09\/Powder_1-03-100x100.jpg\" class=\"\" alt=\"2 packs of Fucoidan powder supplement, Umi No Shizuku\" data-caption=\"\" data-src=\"https:\/\/www.kfucoidan.com\/wp-content\/uploads\/2019\/09\/Powder_1-03.jpg\" data-large_image=\"https:\/\/www.kfucoidan.com\/wp-content\/uploads\/2019\/09\/Powder_1-03.jpg\" data-large_image_width=\"1251\" data-large_image_height=\"1250\" srcset=\"https:\/\/www.kfucoidan.com\/wp-content\/uploads\/2019\/09\/Powder_1-03-100x100.jpg 100w, https:\/\/www.kfucoidan.com\/wp-content\/uploads\/2019\/09\/Powder_1-03-300x300.jpg 300w, https:\/\/www.kfucoidan.com\/wp-content\/uploads\/2019\/09\/Powder_1-03-1024x1024.jpg 1024w, https:\/\/www.kfucoidan.com\/wp-content\/uploads\/2019\/09\/Powder_1-03-150x150.jpg 150w, https:\/\/www.kfucoidan.com\/wp-content\/uploads\/2019\/09\/Powder_1-03-768x767.jpg 768w, https:\/\/www.kfucoidan.com\/wp-content\/uploads\/2019\/09\/Powder_1-03-600x600.jpg 600w, https:\/\/www.kfucoidan.com\/wp-content\/uploads\/2019\/09\/Powder_1-03.jpg 1251w\" sizes=\"auto, (max-width: 100px) 100vw, 100px\" \/><\/a><\/div><div data-thumb=\"https:\/\/www.kfucoidan.com\/wp-content\/uploads\/2019\/09\/Powder_1-04-100x100.jpg\" data-thumb-alt=\"Fucoidan powder supplement, Umi No Shizuku box\" data-thumb-srcset=\"https:\/\/www.kfucoidan.com\/wp-content\/uploads\/2019\/09\/Powder_1-04-100x100.jpg 100w, https:\/\/www.kfucoidan.com\/wp-content\/uploads\/2019\/09\/Powder_1-04-300x300.jpg 300w, https:\/\/www.kfucoidan.com\/wp-content\/uploads\/2019\/09\/Powder_1-04-1024x1024.jpg 1024w, https:\/\/www.kfucoidan.com\/wp-content\/uploads\/2019\/09\/Powder_1-04-150x150.jpg 150w, https:\/\/www.kfucoidan.com\/wp-content\/uploads\/2019\/09\/Powder_1-04-768x767.jpg 768w, https:\/\/www.kfucoidan.com\/wp-content\/uploads\/2019\/09\/Powder_1-04-600x600.jpg 600w, https:\/\/www.kfucoidan.com\/wp-content\/uploads\/2019\/09\/Powder_1-04.jpg 1251w\"  data-thumb-sizes=\"(max-width: 100px) 100vw, 100px\" class=\"woocommerce-product-gallery__image\"><a href=\"https:\/\/www.kfucoidan.com\/wp-content\/uploads\/2019\/09\/Powder_1-04.jpg\"><img loading=\"lazy\" decoding=\"async\" width=\"100\" height=\"100\" src=\"https:\/\/www.kfucoidan.com\/wp-content\/uploads\/2019\/09\/Powder_1-04-100x100.jpg\" class=\"\" alt=\"Fucoidan powder supplement, Umi No Shizuku box\" data-caption=\"\" data-src=\"https:\/\/www.kfucoidan.com\/wp-content\/uploads\/2019\/09\/Powder_1-04.jpg\" data-large_image=\"https:\/\/www.kfucoidan.com\/wp-content\/uploads\/2019\/09\/Powder_1-04.jpg\" data-large_image_width=\"1251\" data-large_image_height=\"1250\" srcset=\"https:\/\/www.kfucoidan.com\/wp-content\/uploads\/2019\/09\/Powder_1-04-100x100.jpg 100w, https:\/\/www.kfucoidan.com\/wp-content\/uploads\/2019\/09\/Powder_1-04-300x300.jpg 300w, https:\/\/www.kfucoidan.com\/wp-content\/uploads\/2019\/09\/Powder_1-04-1024x1024.jpg 1024w, https:\/\/www.kfucoidan.com\/wp-content\/uploads\/2019\/09\/Powder_1-04-150x150.jpg 150w, https:\/\/www.kfucoidan.com\/wp-content\/uploads\/2019\/09\/Powder_1-04-768x767.jpg 768w, https:\/\/www.kfucoidan.com\/wp-content\/uploads\/2019\/09\/Powder_1-04-600x600.jpg 600w, https:\/\/www.kfucoidan.com\/wp-content\/uploads\/2019\/09\/Powder_1-04.jpg 1251w\" sizes=\"auto, (max-width: 100px) 100vw, 100px\" \/><\/a><\/div><div data-thumb=\"https:\/\/www.kfucoidan.com\/wp-content\/uploads\/2019\/09\/Powder-300x300.jpg\" data-thumb-alt=\"Fucoidan D\u1ea1ng B\u1ed9t\" data-thumb-srcset=\"\"  data-thumb-sizes=\"(max-width: 100px) 100vw, 100px\" class=\"woocommerce-product-gallery__image\"><a href=\"https:\/\/www.kfucoidan.com\/wp-content\/uploads\/2019\/09\/Powder.jpg\"><img loading=\"lazy\" decoding=\"async\" width=\"100\" height=\"100\" src=\"https:\/\/www.kfucoidan.com\/wp-content\/uploads\/2019\/09\/Powder-300x300.jpg\" class=\"\" alt=\"Fucoidan D\u1ea1ng B\u1ed9t\" data-caption=\"\" data-src=\"https:\/\/www.kfucoidan.com\/wp-content\/uploads\/2019\/09\/Powder.jpg\" data-large_image=\"https:\/\/www.kfucoidan.com\/wp-content\/uploads\/2019\/09\/Powder.jpg\" data-large_image_width=\"1869\" data-large_image_height=\"746\" \/><\/a><\/div>\t<\/figure>\n\t\n\t\t<div class=\"price-and-num\">\n\n\n                <!--start \u30d9\u30c8\u30ca\u30e0\u8a9e -->\n                <p id=\"base-price\" class=\"item-intro\">\u0110\u01a1n Gi\u00e1\uff1a<span class=\"woocommerce-Price-amount amount\"><bdi><span class=\"woocommerce-Price-currencySymbol\">&#36;<\/span>80.00<\/bdi><\/span>\/<span class=\"unit-in\"><\/span>\uff08<span class=\"size-in\"><\/span>\uff09<\/p>\n\t<label class='select-ttl label' for='powder-buy-num'>S\u1ed1 L\u01b0\u1ee3ng<\/label>\n        <!--\u30d9\u30c8\u30ca\u30e0\u8a9e end-->\n        \n\n\n\t<\/div>\n\t\n\t<!--?php echo $string; ?-->\n\t<!--?php\n\t\ndo_action( 'woocommerce_after_shop_loop_item' );\n\n\n\t?-->\n\n<script type=\"text\/javascript\">\n\n<script>\n $(document).ready(function(){\n      $( \"#product-301 .cart\" ).appendTo($(\"\uff03product-301  #base-price\"));\n  });\n<\/script>\n<\/script>\n\n\t\n<\/div>\n\n\n\n\n\t<div class=\"summary entry-summary\">\n\t\t<h2 class=\"item-ttl\"><span class=\"item-name\">Fucoidan D\u1ea1ng B\u1ed9t<\/span><br><\/h2><p class=\"price\"><span class=\"woocommerce-Price-amount amount\"><bdi><span class=\"woocommerce-Price-currencySymbol\">&#36;<\/span>80.00<\/bdi><\/span><\/p>\n<div class=\"woocommerce-product-details__short-description\">\n\t<p><!-- \/.item-detail --><span class=\"item-num\">K\u00fd hi\u1ec7u s\u1ea3n ph\u1ea9m: KS1<\/span><\/p>\n<div id=\"item-powder\" class=\"item-detail\">\n<p class=\"item-intro\">Fucoidan Mix AG (Th\u00e0nh ph\u1ea7n \u0111\u1ed9c quy\u1ec1n c\u00f3 trong s\u1ea3n ph\u1ea9m UMI NO SHIZUKU, pha tr\u1ed9n gi\u1eefa Fucoidan t\u1eeb t\u1ea3o n\u00e2u Mozuku, Fucoidan t\u1eeb t\u1ea3o n\u00e2u Mekabu v\u00e0 chi\u1ebft xu\u1ea5t n\u1ea5m Agaricus) theo t\u1ef7 l\u1ec7 \u0111\u1ed9c quy\u1ec1n, k\u1ebft h\u1ee3p v\u1edbi l\u00e1 l\u00faa m\u1ea1ch non, tr\u00e0 xanh v\u00e0 men bia \u0111\u1ec3 t\u1ea1o n\u00ean s\u1ea3n ph\u1ea9m d\u1ec5 ti\u00eau h\u00f3a. Theo h\u01b0\u1edbng d\u1eabn chung, h\u00e3y u\u1ed1ng 1-2 g\u00f3i m\u1ed7i ng\u00e0y, 1 g\u00f3i  c\u00f3 th\u1ec3 h\u00f2a tan trong 100-150cc n\u01b0\u1edbc.<\/p>\n<div class=\"item-description\">\n<p><span class=\"item-quantity\">Th\u00e0nh ph\u1ea7n: 45g (1.5g \u00d7 <span class=\"size is-inline\">30 g\u00f3i<\/span>)<\/span><br \/>\n<span class=\"item-fucoidan has-text-black\">H\u00e0m l\u01b0\u1ee3ng Fucoidan: 100mg \/ g\u00f3i<\/span><\/p>\n<div class=\"columns is-multiline\">\n<div class=\"column is-5\" data-delighter=\"\">\nTh\u00e0nh ph\u1ea7n ch\u00ednh<\/p>\n<ul>\n<li>\u30fbFucoidan Mix AG<\/li>\n<li>\u30fbL\u00e1 l\u00faa m\u1ea1ch non<\/li>\n<li>\u30fbTr\u00e0 xanh<\/li>\n<li>\u30fbMen bia<\/li>\n<\/ul>\n<p>&nbsp;\n<\/p><\/div>\n<div class=\"column is-5\" data-delighter=\"\">\n    <img decoding=\"async\" src=\"\/wp-content\/uploads\/2019\/09\/AG-FINAL.jpg\" alt=\"Fucoidan Mix AG\" class=\"fm-ag\" style=\"width:50%;\">\n<\/div>\n<\/div>\n<p><!--a class=\"has-text-black modal-button\" rel=\"noopener noreferrer\" data-target=\"modal-bis\">Supplement Facts<\/a--><\/p>\n<div id=\"modal-bis\" class=\"modal\">\n<div class=\"modal-background\"><\/div>\n<div class=\"modal-content\">\n<p class=\"image is-4by3\"><img decoding=\"async\" style=\"width: 724px; height: 624px;\" src=\"\/wp-content\/uploads\/2019\/09\/Powder_SupplementsFacts.jpg\" alt=\"Fucoidan powder supplement\"><\/p>\n<\/div>\n<p>&nbsp;<\/p>\n<\/div>\n<\/div>\n<div class=\"item-price\">\n<div class=\"table-scroll\">\n<h4 class=\"discount\">Chi\u1ebft Kh\u1ea5u<\/h4>\n<table class=\"table is-fullwidth is-striped table-discount\">\n<thead>\n<tr>\n<th>S\u1ed1 l\u01b0\u1ee3ng <!--(<span class=\"unit is-inline\">h\u1ed9p<\/span>)--><\/th>\n<th colspan=\"2\">\n<p style=\"margin-left: 5.5em;\">\u0110\u01a1n gi\u00e1<\/p>\n<\/th>\n<th><\/th>\n<\/tr>\n<\/thead>\n<tbody>\n<tr>\n<td>1-2 h\u1ed9p<\/td>\n<td><\/td>\n<td class=\"table-itemprice\"><span class=\"woocommerce-Price-amount amount\"><bdi><span class=\"woocommerce-Price-currencySymbol\">&#36;<\/span>80.00<\/bdi><\/span><small class=\"has-text-black has-text-weight-light\"> \/<span class=\"unit\"> h\u1ed9p<\/span><\/small><\/td>\n<td><\/td>\n<\/tr>\n<tr>\n<td>3-5 h\u1ed9p<\/td>\n<td class=\"has-text-right\"><del class=\"has-text-black has-text-weight-light\"><small>$80.00<\/small><\/del><\/td>\n<td class=\"table-itemprice\">$70.00<small class=\"has-text-black has-text-weight-light\"> \/ h\u1ed9p<\/small> <b class=\"has-text-black has-text-weight-light\">(Gi\u1ea3m $10)<\/b>\n<\/td>\n<td><\/td>\n<\/tr>\n<\/tbody>\n<\/table>\n<p class=\"discount-msg\"><a href=\"#guide-a-link\">Vui l\u00f2ng li\u00ean h\u1ec7 v\u1edbi ch\u00fang t\u00f4i<br \/>\u0111\u1ec3 \u0111\u1eb7t h\u00e0ng v\u1edbi s\u1ed1 l\u01b0\u1ee3ng nhi\u1ec1u h\u01a1n 6 h\u1ed9p<\/a><\/p>\n<\/div>\n<\/div>\n<\/div>\n<\/div>\n\n\t\n\n\t<form class=\"cart\" action=\"https:\/\/www.kfucoidan.com\/vi\/cart\/\" method=\"post\" enctype='multipart\/form-data'>\n\t\t\n\t\t<div class=\"control\"><div class=\"select\"><select id=\"quantity_69f389fc2ec65\" name=\"quantity\"><option value=\"1\">1<\/option><option value=\"2\">2<\/option><option value=\"3\">3<\/option><option value=\"4\">4<\/option><option value=\"5\">5<\/option><\/select><\/div><\/div>\n\t\t<button type=\"submit\" name=\"add-to-cart\" value=\"4938\" class=\"button is-primary\">Th\u00eam v\u00e0o gi\u1ecf h\u00e0ng<\/button>\n\n\t\t\t<\/form>\n\n\t\n\n<!--div class=\"product_meta\">\n\n\t\n\t\n\t\t<span class=\"sku_wrapper\">M\u00e3: <span class=\"sku\">KS1<\/span><\/span>\n\n\t\n\t<span class=\"posted_in\">Danh m\u1ee5c: <a href=\"https:\/\/www.kfucoidan.com\/vi\/danh-muc-san-pham\/powd-caps-vi\/\" rel=\"tag\">powd-caps<\/a><\/span>\n\t\n\t\n<\/div-->\n<div class='productinfo-show-discounts'><\/div>\t<\/div>\n\n<\/div>\n\n\n\n\n\n\n\n\t\t\t<\/div>\n\t\t\t<\/div>\n        <\/div>\n<p><!--        <a id=\"capsule\" class=\"item-a-link\"><\/a>\n        \n\n<div id=\"301\" class=\"is-clearfix\">\n          [product_page id=\"2995\"]\n        <\/div>\n\n\n      <a id=\"bottle\" class=\"item-a-link\"><\/a>\n        \n\n<div id=\"303\" class=\"is-clearfix\">\n          [product_page id=\"2993\"]\n        <\/div>\n\n --><\/p><\/div>\n<\/section><\/div>\n<\/div>\n","protected":false},"excerpt":{"rendered":"","protected":false},"author":3,"featured_media":4537,"parent":0,"menu_order":0,"comment_status":"closed","ping_status":"closed","template":"","meta":{"footnotes":""},"class_list":["post-19717","page","type-page","status-publish","has-post-thumbnail","hentry"],"yoast_head":"<!-- This site is optimized with the Yoast SEO plugin v24.4 - https:\/\/yoast.com\/wordpress\/plugins\/seo\/ -->\n<title>Fucoidan Umi No Shizuku Powder type - Fucoidan Supplement from Okinawa, Made in Japan<\/title>\n<meta name=\"robots\" content=\"index, follow, max-snippet:-1, max-image-preview:large, max-video-preview:-1\" \/>\n<link rel=\"canonical\" href=\"https:\/\/www.kfucoidan.com\/vi\/fucoidan-powder\/\" \/>\n<meta property=\"og:locale\" content=\"vi_VN\" \/>\n<meta property=\"og:type\" content=\"article\" \/>\n<meta property=\"og:title\" content=\"Fucoidan Umi No Shizuku Powder type - Fucoidan Supplement from Okinawa, Made in Japan\" \/>\n<meta property=\"og:url\" content=\"https:\/\/www.kfucoidan.com\/vi\/fucoidan-powder\/\" \/>\n<meta property=\"og:site_name\" content=\"Fucoidan Supplement from Okinawa, Made in Japan\" \/>\n<meta property=\"article:publisher\" content=\"https:\/\/www.facebook.com\/kfucoidan\" \/>\n<meta property=\"article:modified_time\" content=\"2020-12-24T03:30:03+00:00\" \/>\n<meta property=\"og:image\" content=\"https:\/\/www.kfucoidan.com\/wp-content\/uploads\/2019\/09\/item-img-powder-4.jpg\" \/>\n\t<meta property=\"og:image:width\" content=\"640\" \/>\n\t<meta property=\"og:image:height\" content=\"640\" \/>\n\t<meta property=\"og:image:type\" content=\"image\/jpeg\" \/>\n<meta name=\"twitter:card\" content=\"summary_large_image\" \/>\n<meta name=\"twitter:site\" content=\"@kfucoidan\" \/>\n<script type=\"application\/ld+json\" class=\"yoast-schema-graph\">{\"@context\":\"https:\/\/schema.org\",\"@graph\":[{\"@type\":\"WebPage\",\"@id\":\"https:\/\/www.kfucoidan.com\/vi\/fucoidan-powder\/\",\"url\":\"https:\/\/www.kfucoidan.com\/vi\/fucoidan-powder\/\",\"name\":\"Fucoidan Umi No Shizuku Powder type - Fucoidan Supplement from Okinawa, Made in Japan\",\"isPartOf\":{\"@id\":\"https:\/\/www.kfucoidan.com\/#website\"},\"primaryImageOfPage\":{\"@id\":\"https:\/\/www.kfucoidan.com\/vi\/fucoidan-powder\/#primaryimage\"},\"image\":{\"@id\":\"https:\/\/www.kfucoidan.com\/vi\/fucoidan-powder\/#primaryimage\"},\"thumbnailUrl\":\"https:\/\/www.kfucoidan.com\/wp-content\/uploads\/2019\/09\/item-img-powder-4.jpg\",\"datePublished\":\"2020-12-24T03:29:16+00:00\",\"dateModified\":\"2020-12-24T03:30:03+00:00\",\"breadcrumb\":{\"@id\":\"https:\/\/www.kfucoidan.com\/vi\/fucoidan-powder\/#breadcrumb\"},\"inLanguage\":\"vi\",\"potentialAction\":[{\"@type\":\"ReadAction\",\"target\":[\"https:\/\/www.kfucoidan.com\/vi\/fucoidan-powder\/\"]}]},{\"@type\":\"ImageObject\",\"inLanguage\":\"vi\",\"@id\":\"https:\/\/www.kfucoidan.com\/vi\/fucoidan-powder\/#primaryimage\",\"url\":\"https:\/\/www.kfucoidan.com\/wp-content\/uploads\/2019\/09\/item-img-powder-4.jpg\",\"contentUrl\":\"https:\/\/www.kfucoidan.com\/wp-content\/uploads\/2019\/09\/item-img-powder-4.jpg\",\"width\":640,\"height\":640,\"caption\":\"Fucoidan powder supplement, Umi No Shizuku\"},{\"@type\":\"BreadcrumbList\",\"@id\":\"https:\/\/www.kfucoidan.com\/vi\/fucoidan-powder\/#breadcrumb\",\"itemListElement\":[{\"@type\":\"ListItem\",\"position\":1,\"name\":\"Home\",\"item\":\"https:\/\/www.kfucoidan.com\/\"},{\"@type\":\"ListItem\",\"position\":2,\"name\":\"Fucoidan Umi No Shizuku Powder type\"}]},{\"@type\":\"WebSite\",\"@id\":\"https:\/\/www.kfucoidan.com\/#website\",\"url\":\"https:\/\/www.kfucoidan.com\/\",\"name\":\"Fucoidan Supplement from Okinawa, Made in Japan\",\"description\":\"Best Fucoidan and Agaricus mushroom supplement for immune support\",\"publisher\":{\"@id\":\"https:\/\/www.kfucoidan.com\/#organization\"},\"potentialAction\":[{\"@type\":\"SearchAction\",\"target\":{\"@type\":\"EntryPoint\",\"urlTemplate\":\"https:\/\/www.kfucoidan.com\/?s={search_term_string}\"},\"query-input\":{\"@type\":\"PropertyValueSpecification\",\"valueRequired\":true,\"valueName\":\"search_term_string\"}}],\"inLanguage\":\"vi\"},{\"@type\":\"Organization\",\"@id\":\"https:\/\/www.kfucoidan.com\/#organization\",\"name\":\"Fucoidan Umi No shizuku\",\"url\":\"https:\/\/www.kfucoidan.com\/\",\"logo\":{\"@type\":\"ImageObject\",\"inLanguage\":\"vi\",\"@id\":\"https:\/\/www.kfucoidan.com\/#\/schema\/logo\/image\/\",\"url\":\"https:\/\/www.kfucoidan.com\/wp-content\/uploads\/2020\/08\/logo.jpg\",\"contentUrl\":\"https:\/\/www.kfucoidan.com\/wp-content\/uploads\/2020\/08\/logo.jpg\",\"width\":960,\"height\":960,\"caption\":\"Fucoidan Umi No shizuku\"},\"image\":{\"@id\":\"https:\/\/www.kfucoidan.com\/#\/schema\/logo\/image\/\"},\"sameAs\":[\"https:\/\/www.facebook.com\/kfucoidan\",\"https:\/\/x.com\/kfucoidan\",\"https:\/\/www.instagram.com\/kfucoidan\/\",\"https:\/\/www.youtube.com\/channel\/UCJ6f6KE078t9bLQpmYwdiEw\"]}]}<\/script>\n<!-- \/ Yoast SEO plugin. -->","yoast_head_json":{"title":"Fucoidan Umi No Shizuku Powder type - Fucoidan Supplement from Okinawa, Made in Japan","robots":{"index":"index","follow":"follow","max-snippet":"max-snippet:-1","max-image-preview":"max-image-preview:large","max-video-preview":"max-video-preview:-1"},"canonical":"https:\/\/www.kfucoidan.com\/vi\/fucoidan-powder\/","og_locale":"vi_VN","og_type":"article","og_title":"Fucoidan Umi No Shizuku Powder type - Fucoidan Supplement from Okinawa, Made in Japan","og_url":"https:\/\/www.kfucoidan.com\/vi\/fucoidan-powder\/","og_site_name":"Fucoidan Supplement from Okinawa, Made in Japan","article_publisher":"https:\/\/www.facebook.com\/kfucoidan","article_modified_time":"2020-12-24T03:30:03+00:00","og_image":[{"width":640,"height":640,"url":"https:\/\/www.kfucoidan.com\/wp-content\/uploads\/2019\/09\/item-img-powder-4.jpg","type":"image\/jpeg"}],"twitter_card":"summary_large_image","twitter_site":"@kfucoidan","schema":{"@context":"https:\/\/schema.org","@graph":[{"@type":"WebPage","@id":"https:\/\/www.kfucoidan.com\/vi\/fucoidan-powder\/","url":"https:\/\/www.kfucoidan.com\/vi\/fucoidan-powder\/","name":"Fucoidan Umi No Shizuku Powder type - Fucoidan Supplement from Okinawa, Made in Japan","isPartOf":{"@id":"https:\/\/www.kfucoidan.com\/#website"},"primaryImageOfPage":{"@id":"https:\/\/www.kfucoidan.com\/vi\/fucoidan-powder\/#primaryimage"},"image":{"@id":"https:\/\/www.kfucoidan.com\/vi\/fucoidan-powder\/#primaryimage"},"thumbnailUrl":"https:\/\/www.kfucoidan.com\/wp-content\/uploads\/2019\/09\/item-img-powder-4.jpg","datePublished":"2020-12-24T03:29:16+00:00","dateModified":"2020-12-24T03:30:03+00:00","breadcrumb":{"@id":"https:\/\/www.kfucoidan.com\/vi\/fucoidan-powder\/#breadcrumb"},"inLanguage":"vi","potentialAction":[{"@type":"ReadAction","target":["https:\/\/www.kfucoidan.com\/vi\/fucoidan-powder\/"]}]},{"@type":"ImageObject","inLanguage":"vi","@id":"https:\/\/www.kfucoidan.com\/vi\/fucoidan-powder\/#primaryimage","url":"https:\/\/www.kfucoidan.com\/wp-content\/uploads\/2019\/09\/item-img-powder-4.jpg","contentUrl":"https:\/\/www.kfucoidan.com\/wp-content\/uploads\/2019\/09\/item-img-powder-4.jpg","width":640,"height":640,"caption":"Fucoidan powder supplement, Umi No Shizuku"},{"@type":"BreadcrumbList","@id":"https:\/\/www.kfucoidan.com\/vi\/fucoidan-powder\/#breadcrumb","itemListElement":[{"@type":"ListItem","position":1,"name":"Home","item":"https:\/\/www.kfucoidan.com\/"},{"@type":"ListItem","position":2,"name":"Fucoidan Umi No Shizuku Powder type"}]},{"@type":"WebSite","@id":"https:\/\/www.kfucoidan.com\/#website","url":"https:\/\/www.kfucoidan.com\/","name":"Fucoidan Supplement from Okinawa, Made in Japan","description":"Best Fucoidan and Agaricus mushroom supplement for immune support","publisher":{"@id":"https:\/\/www.kfucoidan.com\/#organization"},"potentialAction":[{"@type":"SearchAction","target":{"@type":"EntryPoint","urlTemplate":"https:\/\/www.kfucoidan.com\/?s={search_term_string}"},"query-input":{"@type":"PropertyValueSpecification","valueRequired":true,"valueName":"search_term_string"}}],"inLanguage":"vi"},{"@type":"Organization","@id":"https:\/\/www.kfucoidan.com\/#organization","name":"Fucoidan Umi No shizuku","url":"https:\/\/www.kfucoidan.com\/","logo":{"@type":"ImageObject","inLanguage":"vi","@id":"https:\/\/www.kfucoidan.com\/#\/schema\/logo\/image\/","url":"https:\/\/www.kfucoidan.com\/wp-content\/uploads\/2020\/08\/logo.jpg","contentUrl":"https:\/\/www.kfucoidan.com\/wp-content\/uploads\/2020\/08\/logo.jpg","width":960,"height":960,"caption":"Fucoidan Umi No shizuku"},"image":{"@id":"https:\/\/www.kfucoidan.com\/#\/schema\/logo\/image\/"},"sameAs":["https:\/\/www.facebook.com\/kfucoidan","https:\/\/x.com\/kfucoidan","https:\/\/www.instagram.com\/kfucoidan\/","https:\/\/www.youtube.com\/channel\/UCJ6f6KE078t9bLQpmYwdiEw"]}]}},"_links":{"self":[{"href":"https:\/\/www.kfucoidan.com\/vi\/wp-json\/wp\/v2\/pages\/19717","targetHints":{"allow":["GET"]}}],"collection":[{"href":"https:\/\/www.kfucoidan.com\/vi\/wp-json\/wp\/v2\/pages"}],"about":[{"href":"https:\/\/www.kfucoidan.com\/vi\/wp-json\/wp\/v2\/types\/page"}],"author":[{"embeddable":true,"href":"https:\/\/www.kfucoidan.com\/vi\/wp-json\/wp\/v2\/users\/3"}],"replies":[{"embeddable":true,"href":"https:\/\/www.kfucoidan.com\/vi\/wp-json\/wp\/v2\/comments?post=19717"}],"version-history":[{"count":2,"href":"https:\/\/www.kfucoidan.com\/vi\/wp-json\/wp\/v2\/pages\/19717\/revisions"}],"predecessor-version":[{"id":23731,"href":"https:\/\/www.kfucoidan.com\/vi\/wp-json\/wp\/v2\/pages\/19717\/revisions\/23731"}],"wp:featuredmedia":[{"embeddable":true,"href":"https:\/\/www.kfucoidan.com\/vi\/wp-json\/wp\/v2\/media\/4537"}],"wp:attachment":[{"href":"https:\/\/www.kfucoidan.com\/vi\/wp-json\/wp\/v2\/media?parent=19717"}],"curies":[{"name":"wp","href":"https:\/\/api.w.org\/{rel}","templated":true}]}}