{"id":19714,"date":"2020-12-23T19:24:56","date_gmt":"2020-12-24T03:24:56","guid":{"rendered":"https:\/\/www.kfucoidan.com\/?page_id=19714"},"modified":"2020-12-23T19:24:56","modified_gmt":"2020-12-24T03:24:56","slug":"fucoidan-drink","status":"publish","type":"page","link":"https:\/\/www.kfucoidan.com\/vi\/fucoidan-drink\/","title":{"rendered":"Fucoidan Umi No Shizuku Drink type"},"content":{"rendered":"<div id=\"shop-frame\" class=\"en-shop-frame section\" style=\"margin: -2em 0 -5em 0;\">\n<div class=\"container\">\n<section class=\"item-wrap\">\n<div class=\"item\">\n<!--         <a id=\"powder\" class=\"item-a-link\"><\/a>\n        \n\n<div id=\"298\" class=\"is-clearfix\">\n          [product_page id=\"2997\"]\n        <\/div>\n\n \n        <a id=\"capsule\" class=\"item-a-link\"><\/a>\n        \n\n<div id=\"301\" class=\"is-clearfix\">\n          [product_page id=\"2995\"]\n        <\/div>\n\n--><br \/>\n       <a id=\"bottle\" class=\"item-a-link\"><\/a><\/p>\n<div id=\"303\" class=\"is-clearfix\">\n          <div class=\"woocommerce\">\t\t\t<div class=\"single-product\" data-product-page-preselected-id=\"0\">\n\t\t\t\t<div class=\"woocommerce-notices-wrapper\"><\/div><div id=\"product-4924\" class=\"product type-product post-4924 status-publish first instock product_cat-drink-vi has-post-thumbnail taxable shipping-taxable purchasable product-type-simple\">\n\n\t<div class=\"woocommerce-product-gallery woocommerce-product-gallery--with-images woocommerce-product-gallery--columns-4 images\" data-columns=\"4\" style=\"opacity: 0; transition: opacity .25s ease-in-out;\">\n\t<figure class=\"woocommerce-product-gallery__wrapper\">\n\t\t<div data-thumb=\"https:\/\/www.kfucoidan.com\/wp-content\/uploads\/2019\/09\/SQ-Product-Drink.jpg\" data-thumb-alt=\"Fucoidan liquid supplement, Umi No Shizuku\" data-thumb-srcset=\"\"  data-thumb-sizes=\"(max-width: 100px) 100vw, 100px\" class=\"woocommerce-product-gallery__image\"><a href=\"https:\/\/www.kfucoidan.com\/wp-content\/uploads\/2019\/09\/SQ-Product-Drink.jpg\"><img loading=\"lazy\" decoding=\"async\" width=\"600\" height=\"600\" src=\"https:\/\/www.kfucoidan.com\/wp-content\/uploads\/2019\/09\/SQ-Product-Drink.jpg\" class=\"wp-post-image\" alt=\"Fucoidan liquid supplement, Umi No Shizuku\" data-caption=\"\" data-src=\"https:\/\/www.kfucoidan.com\/wp-content\/uploads\/2019\/09\/SQ-Product-Drink.jpg\" data-large_image=\"https:\/\/www.kfucoidan.com\/wp-content\/uploads\/2019\/09\/SQ-Product-Drink.jpg\" data-large_image_width=\"640\" data-large_image_height=\"640\" \/><\/a><\/div><div data-thumb=\"https:\/\/www.kfucoidan.com\/wp-content\/uploads\/2019\/09\/SQ-Drink-Bottle.jpg\" data-thumb-alt=\"Fucoidan liquid supplement, Umi No Shizuku\" data-thumb-srcset=\"\"  data-thumb-sizes=\"(max-width: 100px) 100vw, 100px\" class=\"woocommerce-product-gallery__image\"><a href=\"https:\/\/www.kfucoidan.com\/wp-content\/uploads\/2019\/09\/SQ-Drink-Bottle.jpg\"><img loading=\"lazy\" decoding=\"async\" width=\"100\" height=\"100\" src=\"https:\/\/www.kfucoidan.com\/wp-content\/uploads\/2019\/09\/SQ-Drink-Bottle.jpg\" class=\"\" alt=\"Fucoidan liquid supplement, Umi No Shizuku\" data-caption=\"\" data-src=\"https:\/\/www.kfucoidan.com\/wp-content\/uploads\/2019\/09\/SQ-Drink-Bottle.jpg\" data-large_image=\"https:\/\/www.kfucoidan.com\/wp-content\/uploads\/2019\/09\/SQ-Drink-Bottle.jpg\" data-large_image_width=\"640\" data-large_image_height=\"640\" \/><\/a><\/div><div data-thumb=\"https:\/\/www.kfucoidan.com\/wp-content\/uploads\/2019\/09\/SQ-Drink-Bottle-Wood.jpg\" data-thumb-alt=\"Fucoidan liquid supplement, Umi No Shizuku\" data-thumb-srcset=\"\"  data-thumb-sizes=\"(max-width: 100px) 100vw, 100px\" class=\"woocommerce-product-gallery__image\"><a href=\"https:\/\/www.kfucoidan.com\/wp-content\/uploads\/2019\/09\/SQ-Drink-Bottle-Wood.jpg\"><img loading=\"lazy\" decoding=\"async\" width=\"100\" height=\"100\" src=\"https:\/\/www.kfucoidan.com\/wp-content\/uploads\/2019\/09\/SQ-Drink-Bottle-Wood.jpg\" class=\"\" alt=\"Fucoidan liquid supplement, Umi No Shizuku\" data-caption=\"\" data-src=\"https:\/\/www.kfucoidan.com\/wp-content\/uploads\/2019\/09\/SQ-Drink-Bottle-Wood.jpg\" data-large_image=\"https:\/\/www.kfucoidan.com\/wp-content\/uploads\/2019\/09\/SQ-Drink-Bottle-Wood.jpg\" data-large_image_width=\"640\" data-large_image_height=\"640\" \/><\/a><\/div><div data-thumb=\"https:\/\/www.kfucoidan.com\/wp-content\/uploads\/2019\/09\/SQ-Drink-Box.jpg\" data-thumb-alt=\"Fucoidan liquid supplement, Umi No Shizuku box\" data-thumb-srcset=\"\"  data-thumb-sizes=\"(max-width: 100px) 100vw, 100px\" class=\"woocommerce-product-gallery__image\"><a href=\"https:\/\/www.kfucoidan.com\/wp-content\/uploads\/2019\/09\/SQ-Drink-Box.jpg\"><img loading=\"lazy\" decoding=\"async\" width=\"100\" height=\"100\" src=\"https:\/\/www.kfucoidan.com\/wp-content\/uploads\/2019\/09\/SQ-Drink-Box.jpg\" class=\"\" alt=\"Fucoidan liquid supplement, Umi No Shizuku box\" data-caption=\"\" data-src=\"https:\/\/www.kfucoidan.com\/wp-content\/uploads\/2019\/09\/SQ-Drink-Box.jpg\" data-large_image=\"https:\/\/www.kfucoidan.com\/wp-content\/uploads\/2019\/09\/SQ-Drink-Box.jpg\" data-large_image_width=\"640\" data-large_image_height=\"640\" \/><\/a><\/div><div data-thumb=\"https:\/\/www.kfucoidan.com\/wp-content\/uploads\/2019\/09\/Drink-300x300.jpg\" data-thumb-alt=\"Fucoidan D\u1ea1ng N\u01b0\u1edbc\" data-thumb-srcset=\"\"  data-thumb-sizes=\"(max-width: 100px) 100vw, 100px\" class=\"woocommerce-product-gallery__image\"><a href=\"https:\/\/www.kfucoidan.com\/wp-content\/uploads\/2019\/09\/Drink.jpg\"><img loading=\"lazy\" decoding=\"async\" width=\"100\" height=\"100\" src=\"https:\/\/www.kfucoidan.com\/wp-content\/uploads\/2019\/09\/Drink-300x300.jpg\" class=\"\" alt=\"Fucoidan D\u1ea1ng N\u01b0\u1edbc\" data-caption=\"\" data-src=\"https:\/\/www.kfucoidan.com\/wp-content\/uploads\/2019\/09\/Drink.jpg\" data-large_image=\"https:\/\/www.kfucoidan.com\/wp-content\/uploads\/2019\/09\/Drink.jpg\" data-large_image_width=\"898\" data-large_image_height=\"1000\" \/><\/a><\/div>\t<\/figure>\n\t\n\t\t<div class=\"price-and-num\">\n\n\n                <!--start \u30d9\u30c8\u30ca\u30e0\u8a9e -->\n                <p id=\"base-price\" class=\"item-intro\">\u0110\u01a1n Gi\u00e1\uff1a<span class=\"woocommerce-Price-amount amount\"><bdi><span class=\"woocommerce-Price-currencySymbol\">&#36;<\/span>880.00<\/bdi><\/span>\/<span class=\"unit-in\"><\/span>\uff08<span class=\"size-in\"><\/span>\uff09<\/p>\n\t<label class='select-ttl label' for='powder-buy-num'>S\u1ed1 L\u01b0\u1ee3ng<\/label>\n        <!--\u30d9\u30c8\u30ca\u30e0\u8a9e end-->\n        \n\n\n\t<\/div>\n\t\n\t<!--?php echo $string; ?-->\n\t<!--?php\n\t\ndo_action( 'woocommerce_after_shop_loop_item' );\n\n\n\t?-->\n\n<script type=\"text\/javascript\">\n\n<script>\n $(document).ready(function(){\n      $( \"#product-301 .cart\" ).appendTo($(\"\uff03product-301  #base-price\"));\n  });\n<\/script>\n<\/script>\n\n\t\n<\/div>\n\n\n\n\n\t<div class=\"summary entry-summary\">\n\t\t<h2 class=\"item-ttl\"><span class=\"item-name\">Fucoidan D\u1ea1ng N\u01b0\u1edbc<\/span><br><\/h2><p class=\"price\"><span class=\"woocommerce-Price-amount amount\"><bdi><span class=\"woocommerce-Price-currencySymbol\">&#36;<\/span>880.00<\/bdi><\/span><\/p>\n<div class=\"woocommerce-product-details__short-description\">\n\t<p><!-- \/.item-detail --><span class=\"item-num\">K\u00fd hi\u1ec7u s\u1ea3n ph\u1ea9m: KS3<\/span><\/p>\n<div class=\"item-detail\" id=\"item-bottle\">\n<p class=\"item-intro\">\n Th\u1ef1c ph\u1ea9m b\u1ed5 sung dinh d\u01b0\u1ee1ng v\u00e0 s\u1ee9c kh\u1ecfe v\u1edbi d\u1ea1ng n\u01b0\u1edbc, c\u00f3 c\u00f4ng th\u1ee9c c\u00e2n b\u1eb1ng \u0111\u1ed9c quy\u1ec1n bao g\u1ed3m vitamin C, vitamin B6, vitamin B2 v\u00e0 c\u00e1c th\u00e0nh ph\u1ea7n \u0111\u01b0\u1ee3c l\u1ef1a ch\u1ecdn c\u1ea9n th\u1eadn kh\u00e1c \u0111\u1ec3 duy tr\u00ec s\u1ee9c kh\u1ecfe, \u0111\u01b0\u1ee3c b\u1ed5 sung v\u00e0o Fucoidan Mix AG.\n                                    <\/p>\n<div class=\"item-description\">\n<p>\n<span class=\"item-quantity\">Th\u00e0nh ph\u1ea7n: 50mL x <span class=\"is-inline size\">30 chai<\/span><\/span><br \/>\n                      <span class=\"item-fucoidan has-text-black\">H\u00e0m l\u01b0\u1ee3ng Fucoidan: 2,125mg \/ chai (50mL m\u1ed7i chai)<\/span>\n                      <\/p>\n<div class=\"columns is-multiline\">\n<div class=\"column is-5\" data-delighter=\"\">\n<p>                                            <span>Th\u00e0nh ph\u1ea7n ch\u00ednh<\/p>\n<ul>\n<li>\u30fbFucoidan Mix AG<\/li>\n<li>\u30fbVitamin C<\/li>\n<li>\u30fbVitamin E<\/li>\n<li>\u30fbVitamin B2<\/li>\n<li>\u30fbVitamin B6<\/li>\n<\/ul>\n<\/div>\n<div class=\"column is-5\" data-delighter=\"\">\n    <img decoding=\"async\" src=\"\/wp-content\/uploads\/2019\/09\/AG-FINAL.jpg\" alt=\"Fucoidan Mix AG\" class=\"fm-ag\" style=\"width:50%\">\n<\/div>\n<\/div>\n<p>                     <\/span><\/p>\n<p>  <!--a class=\"has-text-black modal-button\" data-target=\"modal-bis3\" rel=\"noopener noreferrer\"&gt;Supplement Facts&lt;\/a-->           <\/p>\n<div id=\"modal-bis3\" class=\"modal\">\n<div class=\"modal-background\"><\/div>\n<div class=\"modal-content\">\n<p class=\"image is-4by3\">\n      <img decoding=\"async\" src=\"\/wp-content\/uploads\/2019\/09\/Drink_SupplementsFacts.jpg\" alt=\"\" style=\"width: 627px;height: 814px\">\n    <\/p>\n<\/p><\/div>\n<p>  <button class=\"modal-close is-large\" aria-label=\"close\"><\/button>\n<\/div>\n<\/p><\/div>\n<div class=\"item-price\">\n<div class=\"table-scroll\">\n<h4 class=\"discount\">Chi\u1ebft Kh\u1ea5u<\/h4>\n<table class=\"table is-fullwidth is-striped table-discount\">\n<thead>\n<tr>\n<th>S\u1ed1 l\u01b0\u1ee3ng<\/th>\n<th colspan=\"2\">\n<p style=\"margin-left: 5.5em\">\u0110\u01a1n gi\u00e1<\/p>\n<\/th>\n<th><\/th>\n<\/tr>\n<\/thead>\n<tbody>\n<tr>\n<td>1-2 h\u1ed9p<\/td>\n<td><\/td>\n<td class=\"table-itemprice\"><span class=\"woocommerce-Price-amount amount\"><bdi><span class=\"woocommerce-Price-currencySymbol\">&#36;<\/span>880.00<\/bdi><\/span><small class=\"has-text-black has-text-weight-light\">\/<span class=\"unit\"> h\u1ed9p<\/span><\/small><\/td>\n<\/tr>\n<tr>\n<td>3-5 h\u1ed9p<\/td>\n<td class=\"has-text-right\"><del class=\"has-text-black has-text-weight-light\"><small>$880.00<\/small><\/del> <\/td>\n<td class=\"table-itemprice\">$850.00<small class=\"has-text-black has-text-weight-light\">\/ h\u1ed9p<\/small> <b class=\"has-text-black has-text-weight-light\">(Gi\u1ea3m $30)<\/b><\/td>\n<\/tr>\n<p><!--\n\n\n<td>6\u7bb1 \u4ee5\u4e0a<\/td>\n\n\n\n\n<td class=\"has-text-right\"><del class=\"has-text-black has-text-weight-light\"><small>$880<\/small><\/del> <\/td>\n\n\n\n\n<td class=\"table-itemprice\">$800<small class=\"has-text-black has-text-weight-light\">\/ h\u1ed9p<\/small> <b class=\"has-text-black has-text-weight-light\">($80 OFF)<\/b><\/td>\n\n--><\/p>\n<\/tbody>\n<\/table>\n<p class=\"discount-msg\"><a href=\"#guide-a-link\">Vui l\u00f2ng li\u00ean h\u1ec7 v\u1edbi ch\u00fang t\u00f4i<br \/>\u0111\u1ec3 \u0111\u1eb7t h\u00e0ng v\u1edbi s\u1ed1 l\u01b0\u1ee3ng nhi\u1ec1u h\u01a1n 6 h\u1ed9p<\/a><\/p>\n<\/div>\n<\/div>\n<\/div>\n<\/div>\n\n\t\n\n\t<form class=\"cart\" action=\"https:\/\/www.kfucoidan.com\/vi\/cart\/\" method=\"post\" enctype='multipart\/form-data'>\n\t\t\n\t\t<div class=\"control\"><div class=\"select\"><select id=\"quantity_6a0751d638a5b\" name=\"quantity\"><option value=\"1\">1<\/option><option value=\"2\">2<\/option><option value=\"3\">3<\/option><option value=\"4\">4<\/option><option value=\"5\">5<\/option><\/select><\/div><\/div>\n\t\t<button type=\"submit\" name=\"add-to-cart\" value=\"4924\" class=\"button is-primary\">Th\u00eam v\u00e0o gi\u1ecf h\u00e0ng<\/button>\n\n\t\t\t<\/form>\n\n\t\n\n<!--div class=\"product_meta\">\n\n\t\n\t\n\t\t<span class=\"sku_wrapper\">M\u00e3: <span class=\"sku\">KS3<\/span><\/span>\n\n\t\n\t<span class=\"posted_in\">Danh m\u1ee5c: <a href=\"https:\/\/www.kfucoidan.com\/vi\/danh-muc-san-pham\/drink-vi\/\" rel=\"tag\">drink<\/a><\/span>\n\t\n\t\n<\/div-->\n<div class='productinfo-show-discounts'><\/div>\t<\/div>\n\n<\/div>\n\n\n\n\n\n\n\n\t\t\t<\/div>\n\t\t\t<\/div>\n        <\/div>\n<\/p><\/div>\n<\/section><\/div>\n<\/div>\n","protected":false},"excerpt":{"rendered":"","protected":false},"author":3,"featured_media":0,"parent":0,"menu_order":0,"comment_status":"closed","ping_status":"closed","template":"","meta":{"footnotes":""},"class_list":["post-19714","page","type-page","status-publish","hentry"],"yoast_head":"<!-- This site is optimized with the Yoast SEO plugin v24.4 - https:\/\/yoast.com\/wordpress\/plugins\/seo\/ -->\n<title>Fucoidan Umi No Shizuku Drink type - Fucoidan Supplement from Okinawa, Made in Japan<\/title>\n<meta name=\"robots\" content=\"index, follow, max-snippet:-1, max-image-preview:large, max-video-preview:-1\" \/>\n<link rel=\"canonical\" href=\"https:\/\/www.kfucoidan.com\/vi\/fucoidan-drink\/\" \/>\n<meta property=\"og:locale\" content=\"vi_VN\" \/>\n<meta property=\"og:type\" content=\"article\" \/>\n<meta property=\"og:title\" content=\"Fucoidan Umi No Shizuku Drink type - Fucoidan Supplement from Okinawa, Made in Japan\" \/>\n<meta property=\"og:url\" content=\"https:\/\/www.kfucoidan.com\/vi\/fucoidan-drink\/\" \/>\n<meta property=\"og:site_name\" content=\"Fucoidan Supplement from Okinawa, Made in Japan\" \/>\n<meta property=\"article:publisher\" content=\"https:\/\/www.facebook.com\/kfucoidan\" \/>\n<meta property=\"og:image\" content=\"https:\/\/www.kfucoidan.com\/wp-content\/uploads\/2021\/10\/socialmedia_preview.png\" \/>\n\t<meta property=\"og:image:width\" content=\"1200\" \/>\n\t<meta property=\"og:image:height\" content=\"630\" \/>\n\t<meta property=\"og:image:type\" content=\"image\/png\" \/>\n<meta name=\"twitter:card\" content=\"summary_large_image\" \/>\n<meta name=\"twitter:site\" content=\"@kfucoidan\" \/>\n<script type=\"application\/ld+json\" class=\"yoast-schema-graph\">{\"@context\":\"https:\/\/schema.org\",\"@graph\":[{\"@type\":\"WebPage\",\"@id\":\"https:\/\/www.kfucoidan.com\/vi\/fucoidan-drink\/\",\"url\":\"https:\/\/www.kfucoidan.com\/vi\/fucoidan-drink\/\",\"name\":\"Fucoidan Umi No Shizuku Drink type - Fucoidan Supplement from Okinawa, Made in Japan\",\"isPartOf\":{\"@id\":\"https:\/\/www.kfucoidan.com\/#website\"},\"datePublished\":\"2020-12-24T03:24:56+00:00\",\"breadcrumb\":{\"@id\":\"https:\/\/www.kfucoidan.com\/vi\/fucoidan-drink\/#breadcrumb\"},\"inLanguage\":\"vi\",\"potentialAction\":[{\"@type\":\"ReadAction\",\"target\":[\"https:\/\/www.kfucoidan.com\/vi\/fucoidan-drink\/\"]}]},{\"@type\":\"BreadcrumbList\",\"@id\":\"https:\/\/www.kfucoidan.com\/vi\/fucoidan-drink\/#breadcrumb\",\"itemListElement\":[{\"@type\":\"ListItem\",\"position\":1,\"name\":\"Home\",\"item\":\"https:\/\/www.kfucoidan.com\/\"},{\"@type\":\"ListItem\",\"position\":2,\"name\":\"Fucoidan Umi No Shizuku Drink type\"}]},{\"@type\":\"WebSite\",\"@id\":\"https:\/\/www.kfucoidan.com\/#website\",\"url\":\"https:\/\/www.kfucoidan.com\/\",\"name\":\"Fucoidan Supplement from Okinawa, Made in Japan\",\"description\":\"Best Fucoidan and Agaricus mushroom supplement for immune support\",\"publisher\":{\"@id\":\"https:\/\/www.kfucoidan.com\/#organization\"},\"potentialAction\":[{\"@type\":\"SearchAction\",\"target\":{\"@type\":\"EntryPoint\",\"urlTemplate\":\"https:\/\/www.kfucoidan.com\/?s={search_term_string}\"},\"query-input\":{\"@type\":\"PropertyValueSpecification\",\"valueRequired\":true,\"valueName\":\"search_term_string\"}}],\"inLanguage\":\"vi\"},{\"@type\":\"Organization\",\"@id\":\"https:\/\/www.kfucoidan.com\/#organization\",\"name\":\"Fucoidan Umi No shizuku\",\"url\":\"https:\/\/www.kfucoidan.com\/\",\"logo\":{\"@type\":\"ImageObject\",\"inLanguage\":\"vi\",\"@id\":\"https:\/\/www.kfucoidan.com\/#\/schema\/logo\/image\/\",\"url\":\"https:\/\/www.kfucoidan.com\/wp-content\/uploads\/2020\/08\/logo.jpg\",\"contentUrl\":\"https:\/\/www.kfucoidan.com\/wp-content\/uploads\/2020\/08\/logo.jpg\",\"width\":960,\"height\":960,\"caption\":\"Fucoidan Umi No shizuku\"},\"image\":{\"@id\":\"https:\/\/www.kfucoidan.com\/#\/schema\/logo\/image\/\"},\"sameAs\":[\"https:\/\/www.facebook.com\/kfucoidan\",\"https:\/\/x.com\/kfucoidan\",\"https:\/\/www.instagram.com\/kfucoidan\/\",\"https:\/\/www.youtube.com\/channel\/UCJ6f6KE078t9bLQpmYwdiEw\"]}]}<\/script>\n<!-- \/ Yoast SEO plugin. -->","yoast_head_json":{"title":"Fucoidan Umi No Shizuku Drink type - Fucoidan Supplement from Okinawa, Made in Japan","robots":{"index":"index","follow":"follow","max-snippet":"max-snippet:-1","max-image-preview":"max-image-preview:large","max-video-preview":"max-video-preview:-1"},"canonical":"https:\/\/www.kfucoidan.com\/vi\/fucoidan-drink\/","og_locale":"vi_VN","og_type":"article","og_title":"Fucoidan Umi No Shizuku Drink type - Fucoidan Supplement from Okinawa, Made in Japan","og_url":"https:\/\/www.kfucoidan.com\/vi\/fucoidan-drink\/","og_site_name":"Fucoidan Supplement from Okinawa, Made in Japan","article_publisher":"https:\/\/www.facebook.com\/kfucoidan","og_image":[{"width":1200,"height":630,"url":"https:\/\/www.kfucoidan.com\/wp-content\/uploads\/2021\/10\/socialmedia_preview.png","type":"image\/png"}],"twitter_card":"summary_large_image","twitter_site":"@kfucoidan","schema":{"@context":"https:\/\/schema.org","@graph":[{"@type":"WebPage","@id":"https:\/\/www.kfucoidan.com\/vi\/fucoidan-drink\/","url":"https:\/\/www.kfucoidan.com\/vi\/fucoidan-drink\/","name":"Fucoidan Umi No Shizuku Drink type - Fucoidan Supplement from Okinawa, Made in Japan","isPartOf":{"@id":"https:\/\/www.kfucoidan.com\/#website"},"datePublished":"2020-12-24T03:24:56+00:00","breadcrumb":{"@id":"https:\/\/www.kfucoidan.com\/vi\/fucoidan-drink\/#breadcrumb"},"inLanguage":"vi","potentialAction":[{"@type":"ReadAction","target":["https:\/\/www.kfucoidan.com\/vi\/fucoidan-drink\/"]}]},{"@type":"BreadcrumbList","@id":"https:\/\/www.kfucoidan.com\/vi\/fucoidan-drink\/#breadcrumb","itemListElement":[{"@type":"ListItem","position":1,"name":"Home","item":"https:\/\/www.kfucoidan.com\/"},{"@type":"ListItem","position":2,"name":"Fucoidan Umi No Shizuku Drink type"}]},{"@type":"WebSite","@id":"https:\/\/www.kfucoidan.com\/#website","url":"https:\/\/www.kfucoidan.com\/","name":"Fucoidan Supplement from Okinawa, Made in Japan","description":"Best Fucoidan and Agaricus mushroom supplement for immune support","publisher":{"@id":"https:\/\/www.kfucoidan.com\/#organization"},"potentialAction":[{"@type":"SearchAction","target":{"@type":"EntryPoint","urlTemplate":"https:\/\/www.kfucoidan.com\/?s={search_term_string}"},"query-input":{"@type":"PropertyValueSpecification","valueRequired":true,"valueName":"search_term_string"}}],"inLanguage":"vi"},{"@type":"Organization","@id":"https:\/\/www.kfucoidan.com\/#organization","name":"Fucoidan Umi No shizuku","url":"https:\/\/www.kfucoidan.com\/","logo":{"@type":"ImageObject","inLanguage":"vi","@id":"https:\/\/www.kfucoidan.com\/#\/schema\/logo\/image\/","url":"https:\/\/www.kfucoidan.com\/wp-content\/uploads\/2020\/08\/logo.jpg","contentUrl":"https:\/\/www.kfucoidan.com\/wp-content\/uploads\/2020\/08\/logo.jpg","width":960,"height":960,"caption":"Fucoidan Umi No shizuku"},"image":{"@id":"https:\/\/www.kfucoidan.com\/#\/schema\/logo\/image\/"},"sameAs":["https:\/\/www.facebook.com\/kfucoidan","https:\/\/x.com\/kfucoidan","https:\/\/www.instagram.com\/kfucoidan\/","https:\/\/www.youtube.com\/channel\/UCJ6f6KE078t9bLQpmYwdiEw"]}]}},"_links":{"self":[{"href":"https:\/\/www.kfucoidan.com\/vi\/wp-json\/wp\/v2\/pages\/19714","targetHints":{"allow":["GET"]}}],"collection":[{"href":"https:\/\/www.kfucoidan.com\/vi\/wp-json\/wp\/v2\/pages"}],"about":[{"href":"https:\/\/www.kfucoidan.com\/vi\/wp-json\/wp\/v2\/types\/page"}],"author":[{"embeddable":true,"href":"https:\/\/www.kfucoidan.com\/vi\/wp-json\/wp\/v2\/users\/3"}],"replies":[{"embeddable":true,"href":"https:\/\/www.kfucoidan.com\/vi\/wp-json\/wp\/v2\/comments?post=19714"}],"version-history":[{"count":2,"href":"https:\/\/www.kfucoidan.com\/vi\/wp-json\/wp\/v2\/pages\/19714\/revisions"}],"predecessor-version":[{"id":19716,"href":"https:\/\/www.kfucoidan.com\/vi\/wp-json\/wp\/v2\/pages\/19714\/revisions\/19716"}],"wp:attachment":[{"href":"https:\/\/www.kfucoidan.com\/vi\/wp-json\/wp\/v2\/media?parent=19714"}],"curies":[{"name":"wp","href":"https:\/\/api.w.org\/{rel}","templated":true}]}}