{"id":19465,"date":"2020-12-21T18:51:35","date_gmt":"2020-12-22T02:51:35","guid":{"rendered":"https:\/\/www.kfucoidan.com\/?page_id=19465"},"modified":"2021-10-28T16:29:15","modified_gmt":"2021-10-28T23:29:15","slug":"fucoidan-capsule","status":"publish","type":"page","link":"https:\/\/www.kfucoidan.com\/vi\/fucoidan-capsule\/","title":{"rendered":"Fucoidan Umi No Shizuku Capsule Type"},"content":{"rendered":"<div id=\"shop-frame\" class=\"en-shop-frame section\" style=\"margin: -2em 0 -5em 0;\">\n<div class=\"container\">\n<section class=\"item-wrap\">\n<div class=\"item\">\n<p><a id=\"capsule\" class=\"item-a-link\"><\/a><\/p>\n<div id=\"301\" class=\"is-clearfix\">\n<div class=\"woocommerce\">\t\t\t<div class=\"single-product\" data-product-page-preselected-id=\"0\">\n\t\t\t\t<div class=\"woocommerce-notices-wrapper\"><\/div><div id=\"product-4931\" class=\"product type-product post-4931 status-publish first instock product_cat-powd-caps-vi has-post-thumbnail taxable shipping-taxable purchasable product-type-simple\">\n\n\t<div class=\"woocommerce-product-gallery woocommerce-product-gallery--with-images woocommerce-product-gallery--columns-4 images\" data-columns=\"4\" style=\"opacity: 0; transition: opacity .25s ease-in-out;\">\n\t<figure class=\"woocommerce-product-gallery__wrapper\">\n\t\t<div data-thumb=\"https:\/\/www.kfucoidan.com\/wp-content\/uploads\/2019\/09\/SQ-Drink-Bottle-Wood-1.jpg\" data-thumb-alt=\"Fucoidan liquid supplement, Umi No Shizuku\" data-thumb-srcset=\"\"  data-thumb-sizes=\"(max-width: 100px) 100vw, 100px\" class=\"woocommerce-product-gallery__image\"><a href=\"https:\/\/www.kfucoidan.com\/wp-content\/uploads\/2019\/09\/SQ-Drink-Bottle-Wood-1.jpg\"><img loading=\"lazy\" decoding=\"async\" width=\"600\" height=\"600\" src=\"https:\/\/www.kfucoidan.com\/wp-content\/uploads\/2019\/09\/SQ-Drink-Bottle-Wood-1.jpg\" class=\"wp-post-image\" alt=\"Fucoidan liquid supplement, Umi No Shizuku\" data-caption=\"\" data-src=\"https:\/\/www.kfucoidan.com\/wp-content\/uploads\/2019\/09\/SQ-Drink-Bottle-Wood-1.jpg\" data-large_image=\"https:\/\/www.kfucoidan.com\/wp-content\/uploads\/2019\/09\/SQ-Drink-Bottle-Wood-1.jpg\" data-large_image_width=\"640\" data-large_image_height=\"640\" \/><\/a><\/div><div data-thumb=\"https:\/\/www.kfucoidan.com\/wp-content\/uploads\/2019\/09\/SQ-Capsule-Box.jpg\" data-thumb-alt=\"Fucoidan capsule supplement Umi No Shizuku\" data-thumb-srcset=\"\"  data-thumb-sizes=\"(max-width: 100px) 100vw, 100px\" class=\"woocommerce-product-gallery__image\"><a href=\"https:\/\/www.kfucoidan.com\/wp-content\/uploads\/2019\/09\/SQ-Capsule-Box.jpg\"><img loading=\"lazy\" decoding=\"async\" width=\"100\" height=\"100\" src=\"https:\/\/www.kfucoidan.com\/wp-content\/uploads\/2019\/09\/SQ-Capsule-Box.jpg\" class=\"\" alt=\"Fucoidan capsule supplement Umi No Shizuku\" data-caption=\"\" data-src=\"https:\/\/www.kfucoidan.com\/wp-content\/uploads\/2019\/09\/SQ-Capsule-Box.jpg\" data-large_image=\"https:\/\/www.kfucoidan.com\/wp-content\/uploads\/2019\/09\/SQ-Capsule-Box.jpg\" data-large_image_width=\"640\" data-large_image_height=\"640\" \/><\/a><\/div><div data-thumb=\"https:\/\/www.kfucoidan.com\/wp-content\/uploads\/2019\/09\/SQ-Capsule-Bottle.jpg\" data-thumb-alt=\"Fucoidan capsule supplement Umi No Shizuku\" data-thumb-srcset=\"\"  data-thumb-sizes=\"(max-width: 100px) 100vw, 100px\" class=\"woocommerce-product-gallery__image\"><a href=\"https:\/\/www.kfucoidan.com\/wp-content\/uploads\/2019\/09\/SQ-Capsule-Bottle.jpg\"><img loading=\"lazy\" decoding=\"async\" width=\"100\" height=\"100\" src=\"https:\/\/www.kfucoidan.com\/wp-content\/uploads\/2019\/09\/SQ-Capsule-Bottle.jpg\" class=\"\" alt=\"Fucoidan capsule supplement Umi No Shizuku\" data-caption=\"\" data-src=\"https:\/\/www.kfucoidan.com\/wp-content\/uploads\/2019\/09\/SQ-Capsule-Bottle.jpg\" data-large_image=\"https:\/\/www.kfucoidan.com\/wp-content\/uploads\/2019\/09\/SQ-Capsule-Bottle.jpg\" data-large_image_width=\"640\" data-large_image_height=\"640\" \/><\/a><\/div><div data-thumb=\"https:\/\/www.kfucoidan.com\/wp-content\/uploads\/2019\/09\/SQ-Capsule-Bottle-Wood.jpg\" data-thumb-alt=\"Fucoidan capsule supplement Umi No Shizuku\" data-thumb-srcset=\"\"  data-thumb-sizes=\"(max-width: 100px) 100vw, 100px\" class=\"woocommerce-product-gallery__image\"><a href=\"https:\/\/www.kfucoidan.com\/wp-content\/uploads\/2019\/09\/SQ-Capsule-Bottle-Wood.jpg\"><img loading=\"lazy\" decoding=\"async\" width=\"100\" height=\"100\" src=\"https:\/\/www.kfucoidan.com\/wp-content\/uploads\/2019\/09\/SQ-Capsule-Bottle-Wood.jpg\" class=\"\" alt=\"Fucoidan capsule supplement Umi No Shizuku\" data-caption=\"\" data-src=\"https:\/\/www.kfucoidan.com\/wp-content\/uploads\/2019\/09\/SQ-Capsule-Bottle-Wood.jpg\" data-large_image=\"https:\/\/www.kfucoidan.com\/wp-content\/uploads\/2019\/09\/SQ-Capsule-Bottle-Wood.jpg\" data-large_image_width=\"640\" data-large_image_height=\"640\" \/><\/a><\/div><div data-thumb=\"https:\/\/www.kfucoidan.com\/wp-content\/uploads\/2019\/09\/Capsule-300x300.jpg\" data-thumb-alt=\"Fucoidan Lo\u1ea1i Vi\u00ean Nang\" data-thumb-srcset=\"\"  data-thumb-sizes=\"(max-width: 100px) 100vw, 100px\" class=\"woocommerce-product-gallery__image\"><a href=\"https:\/\/www.kfucoidan.com\/wp-content\/uploads\/2019\/09\/Capsule.jpg\"><img loading=\"lazy\" decoding=\"async\" width=\"100\" height=\"100\" src=\"https:\/\/www.kfucoidan.com\/wp-content\/uploads\/2019\/09\/Capsule-300x300.jpg\" class=\"\" alt=\"Fucoidan Lo\u1ea1i Vi\u00ean Nang\" data-caption=\"\" data-src=\"https:\/\/www.kfucoidan.com\/wp-content\/uploads\/2019\/09\/Capsule.jpg\" data-large_image=\"https:\/\/www.kfucoidan.com\/wp-content\/uploads\/2019\/09\/Capsule.jpg\" data-large_image_width=\"633\" data-large_image_height=\"864\" \/><\/a><\/div>\t<\/figure>\n\t\n\t\t<div class=\"price-and-num\">\n\n\n                <!--start \u30d9\u30c8\u30ca\u30e0\u8a9e -->\n                <p id=\"base-price\" class=\"item-intro\">\u0110\u01a1n Gi\u00e1\uff1a<span class=\"woocommerce-Price-amount amount\"><bdi><span class=\"woocommerce-Price-currencySymbol\">&#36;<\/span>330.00<\/bdi><\/span>\/<span class=\"unit-in\"><\/span>\uff08<span class=\"size-in\"><\/span>\uff09<\/p>\n\t<label class='select-ttl label' for='powder-buy-num'>S\u1ed1 L\u01b0\u1ee3ng<\/label>\n        <!--\u30d9\u30c8\u30ca\u30e0\u8a9e end-->\n        \n\n\n\t<\/div>\n\t\n\t<!--?php echo $string; ?-->\n\t<!--?php\n\t\ndo_action( 'woocommerce_after_shop_loop_item' );\n\n\n\t?-->\n\n<script type=\"text\/javascript\">\n\n<script>\n $(document).ready(function(){\n      $( \"#product-301 .cart\" ).appendTo($(\"\uff03product-301  #base-price\"));\n  });\n<\/script>\n<\/script>\n\n\t\n<\/div>\n\n\n\n\n\t<div class=\"summary entry-summary\">\n\t\t<h2 class=\"item-ttl\"><span class=\"item-name\">Fucoidan Lo\u1ea1i Vi\u00ean Nang<\/span><br><\/h2><p class=\"price\"><span class=\"woocommerce-Price-amount amount\"><bdi><span class=\"woocommerce-Price-currencySymbol\">&#36;<\/span>330.00<\/bdi><\/span><\/p>\n<div class=\"woocommerce-product-details__short-description\">\n\t<p><!-- \/.item-detail --><span class=\"item-num\">k\u00fd hi\u1ec7u s\u1ea3n ph\u1ea9m: KS2<\/span><\/p>\n<div class=\"item-detail\" id=\"item-capsule\">\n<p class=\"item-intro\">\n Nguy\u00ean ch\u1ea5t Fucoidan Mix AG, s\u1ea3n ph\u1ea9m \u0111\u01b0\u1ee3c l\u00e0m d\u01b0\u1edbi d\u1ea1ng vi\u00ean nang g\u1ed1c th\u1ef1c v\u1eadt d\u1ec5 ti\u00eau h\u00f3a. C\u00f3 th\u1ec3 d\u1ec5 d\u00e0ng \u0111i\u1ec1u ch\u1ec9nh l\u01b0\u1ee3ng h\u1ea5p th\u1ee5 b\u1eb1ng c\u00e1ch u\u1ed1ng v\u00e0i vi\u00ean trong su\u1ed1t c\u1ea3 ng\u00e0y. (H\u00e0m l\u01b0\u1ee3ng Fucoidan: 212.5 mg\/ vi\u00ean nang) Theo h\u01b0\u1edbng d\u1eabn chung, 3-5 vi\u00ean m\u1ed7i ng\u00e0y, kh\u00f4ng c\u1ea7n nhai.\n                                    <\/p>\n<div class=\"item-description\">\n<p>\n                                            <span class=\"item-quantity\">Th\u00e0nh ph\u1ea7n: (310mg \u00d7 <span class=\"size is-inline\">120 vi\u00ean<\/span>)<\/span><br \/>\n                                            <span class=\"item-fucoidan has-text-black\">H\u00e0m l\u01b0\u1ee3ng Fucoidan: 212.5mg\/ vi\u00ean<\/span>\n                                            <\/p>\n<div class=\"columns is-multiline\">\n<div class=\"column is-5\" data-delighter=\"\">\n<span>Th\u00e0nh ph\u1ea7n ch\u00ednh<\/p>\n<ul>\n<li>\u30fbFucoidan Mix AG<\/li>\n<li>\u30fbVi\u00ean nang g\u1ed1c th\u1ef1c v\u1eadt<\/li>\n<\/ul>\n<\/div>\n<div class=\"column is-5\" data-delighter=\"\">\n    <img decoding=\"async\" src=\"\/wp-content\/uploads\/2019\/09\/AG-FINAL.jpg\" alt=\"Fucoidan Mix AG\" class=\"fm-ag\" style=\"width:50%;\">\n<\/div>\n<\/div>\n<p>                                         <\/span><\/p>\n<p>  <!--a class=\"has-text-black modal-button\" data-target=\"modal-bis2\" rel=\"noopener noreferrer\">Supplement Facts<\/a-->           <\/p>\n<div id=\"modal-bis2\" class=\"modal\">\n<div class=\"modal-background\"><\/div>\n<div class=\"modal-content\">\n<p class=\"image is-4by3\">\n      <img decoding=\"async\" src=\"\/wp-content\/uploads\/2019\/09\/Capsule_SupplementsFacts.jpg\" alt=\"\" style=\"width: 572px;height: 637px;\">\n    <\/p>\n<\/p><\/div>\n<p>  <button class=\"modal-close is-large\" aria-label=\"close\"><\/button>\n<\/div>\n<\/div>\n<div class=\"item-price\">\n<div class=\"table-scroll\">\n<h4 class=\"discount\">Chi\u1ebft Kh\u1ea5u<\/h4>\n<table class=\"table is-fullwidth is-striped table-discount\">\n<thead>\n<tr>\n<th>S\u1ed1 l\u01b0\u1ee3ng <!--(<span class=\"unit is-inline\">chai<\/span>)--><\/th>\n<th colspan=\"2\">\n<p style=\"margin-left: 5.5em;\">\u0110\u01a1n gi\u00e1<\/p>\n<\/th>\n<th><\/th>\n<\/tr>\n<\/thead>\n<tbody>\n<tr>\n<td>1-2 chai<\/td>\n<td><\/td>\n<td class=\"table-itemprice\"><span class=\"woocommerce-Price-amount amount\"><bdi><span class=\"woocommerce-Price-currencySymbol\">&#36;<\/span>330.00<\/bdi><\/span><small class=\"has-text-black has-text-weight-light\">\/<span class=\"unit\"> chai<\/span><\/small><\/td>\n<\/tr>\n<tr>\n<td>3-5 chai<\/td>\n<td class=\"has-text-right\"><del class=\"has-text-black has-text-weight-light\"><small>$330.00<\/small><\/del> <\/td>\n<td class=\"table-itemprice\">$300.00<small class=\"has-text-black has-text-weight-light\">\/ chai<\/small> <b class=\"has-text-black has-text-weight-light\">(Gi\u1ea3m $30)<\/b><\/td>\n<\/tr>\n<p><!--tr>\n\n\n<td>6 \u2013 11chai<\/td>\n\n\n\n\n<td class=\"has-text-right\"><del class=\"has-text-black has-text-weight-light\"><small>$330<\/small><\/del><\/td>\n\n\n\n\n<td class=\"table-itemprice\">$270<small class=\"has-text-black has-text-weight-light\">\/ chai<\/small> <b class=\"has-text-black has-text-weight-light\">($60 OFF)<\/b><\/td>\n\n\n<\/tr>\n\n\n\n\n<tr>\n\n\n<td>12 \u2013 23chai<\/td>\n\n\n\n\n<td class=\"has-text-right\"><del class=\"has-text-black has-text-weight-light\"><small>$330<\/small><\/del><\/td>\n\n\n\n\n<td class=\"table-itemprice\">$260<small class=\"has-text-black has-text-weight-light\">\/chai<\/small> <b class=\"has-text-black has-text-weight-light\">($70 OFF)<\/b><\/td>\n\n\n<\/tr>\n\n\n\n\n<tr>\n\n\n<td>24 tr\u1edf l\u00ean<\/td>\n\n\n\n\n<td class=\"has-text-right\"><del class=\"has-text-black has-text-weight-light\"><small>$330<\/small><\/del><\/td>\n\n\n\n\n<td class=\"table-itemprice\">$250<small class=\"has-text-black has-text-weight-light\">\/chai<\/small> <b class=\"has-text-black has-text-weight-light\">($80 OFF)<\/b><\/td>\n\n\n<\/tr-->\n<\/tbody>\n<\/table>\n<p class=\"discount-msg\"><a href=\"#guide-a-link\">Vui l\u00f2ng li\u00ean h\u1ec7 v\u1edbi ch\u00fang t\u00f4i<br \/>\u0111\u1ec3 \u0111\u1eb7t h\u00e0ng v\u1edbi s\u1ed1 l\u01b0\u1ee3ng nhi\u1ec1u h\u01a1n 6 h\u1ed9p<\/a><\/p>\n<\/div>\n<\/div>\n<\/div>\n<\/div>\n\n\t\n\n\t<form class=\"cart\" action=\"https:\/\/www.kfucoidan.com\/vi\/cart\/\" method=\"post\" enctype='multipart\/form-data'>\n\t\t\n\t\t<div class=\"control\"><div class=\"select\"><select id=\"quantity_69d3a03e8f3a7\" name=\"quantity\"><option value=\"1\">1<\/option><option value=\"2\">2<\/option><option value=\"3\">3<\/option><option value=\"4\">4<\/option><option value=\"5\">5<\/option><\/select><\/div><\/div>\n\t\t<button type=\"submit\" name=\"add-to-cart\" value=\"4931\" class=\"button is-primary\">Th\u00eam v\u00e0o gi\u1ecf h\u00e0ng<\/button>\n\n\t\t\t<\/form>\n\n\t\n\n<!--div class=\"product_meta\">\n\n\t\n\t\n\t\t<span class=\"sku_wrapper\">M\u00e3: <span class=\"sku\">KS2<\/span><\/span>\n\n\t\n\t<span class=\"posted_in\">Danh m\u1ee5c: <a href=\"https:\/\/www.kfucoidan.com\/vi\/danh-muc-san-pham\/powd-caps-vi\/\" rel=\"tag\">powd-caps<\/a><\/span>\n\t\n\t\n<\/div-->\n<div class='productinfo-show-discounts'><\/div>\t<\/div>\n\n<\/div>\n\n\n\n\n\n\n\n\t\t\t<\/div>\n\t\t\t<\/div>\n<\/div>\n<\/div>\n<\/section>\n<\/div>\n<\/div>\n","protected":false},"excerpt":{"rendered":"","protected":false},"author":3,"featured_media":17862,"parent":0,"menu_order":0,"comment_status":"closed","ping_status":"closed","template":"","meta":{"footnotes":""},"class_list":["post-19465","page","type-page","status-publish","has-post-thumbnail","hentry"],"yoast_head":"<!-- This site is optimized with the Yoast SEO plugin v24.4 - https:\/\/yoast.com\/wordpress\/plugins\/seo\/ -->\n<title>Fucoidan Umi No Shizuku Capsule Type - Fucoidan Supplement from Okinawa, Made in Japan<\/title>\n<meta name=\"robots\" content=\"index, follow, max-snippet:-1, max-image-preview:large, max-video-preview:-1\" \/>\n<link rel=\"canonical\" href=\"https:\/\/www.kfucoidan.com\/fucoidan-capsule\/\" \/>\n<meta property=\"og:locale\" content=\"vi_VN\" \/>\n<meta property=\"og:type\" content=\"article\" \/>\n<meta property=\"og:title\" content=\"Fucoidan Umi No Shizuku Capsule Type - Fucoidan Supplement from Okinawa, Made in Japan\" \/>\n<meta property=\"og:url\" content=\"https:\/\/www.kfucoidan.com\/fucoidan-capsule\/\" \/>\n<meta property=\"og:site_name\" content=\"Fucoidan Supplement from Okinawa, Made in Japan\" \/>\n<meta property=\"article:publisher\" content=\"https:\/\/www.facebook.com\/kfucoidan\" \/>\n<meta property=\"article:modified_time\" content=\"2021-10-28T23:29:15+00:00\" \/>\n<meta property=\"og:image\" content=\"https:\/\/www.kfucoidan.com\/wp-content\/uploads\/2019\/09\/item-img-capsule-3-1.jpg\" \/>\n\t<meta property=\"og:image:width\" content=\"640\" \/>\n\t<meta property=\"og:image:height\" content=\"640\" \/>\n\t<meta property=\"og:image:type\" content=\"image\/jpeg\" \/>\n<meta name=\"twitter:card\" content=\"summary_large_image\" \/>\n<meta name=\"twitter:site\" content=\"@kfucoidan\" \/>\n<script type=\"application\/ld+json\" class=\"yoast-schema-graph\">{\"@context\":\"https:\/\/schema.org\",\"@graph\":[{\"@type\":\"WebPage\",\"@id\":\"https:\/\/www.kfucoidan.com\/fucoidan-capsule\/\",\"url\":\"https:\/\/www.kfucoidan.com\/fucoidan-capsule\/\",\"name\":\"Fucoidan Umi No Shizuku Capsule Type - Fucoidan Supplement from Okinawa, Made in Japan\",\"isPartOf\":{\"@id\":\"https:\/\/www.kfucoidan.com\/#website\"},\"primaryImageOfPage\":{\"@id\":\"https:\/\/www.kfucoidan.com\/fucoidan-capsule\/#primaryimage\"},\"image\":{\"@id\":\"https:\/\/www.kfucoidan.com\/fucoidan-capsule\/#primaryimage\"},\"thumbnailUrl\":\"https:\/\/www.kfucoidan.com\/wp-content\/uploads\/2019\/09\/item-img-capsule-3-1.jpg\",\"datePublished\":\"2020-12-22T02:51:35+00:00\",\"dateModified\":\"2021-10-28T23:29:15+00:00\",\"breadcrumb\":{\"@id\":\"https:\/\/www.kfucoidan.com\/fucoidan-capsule\/#breadcrumb\"},\"inLanguage\":\"vi\",\"potentialAction\":[{\"@type\":\"ReadAction\",\"target\":[\"https:\/\/www.kfucoidan.com\/fucoidan-capsule\/\"]}]},{\"@type\":\"ImageObject\",\"inLanguage\":\"vi\",\"@id\":\"https:\/\/www.kfucoidan.com\/fucoidan-capsule\/#primaryimage\",\"url\":\"https:\/\/www.kfucoidan.com\/wp-content\/uploads\/2019\/09\/item-img-capsule-3-1.jpg\",\"contentUrl\":\"https:\/\/www.kfucoidan.com\/wp-content\/uploads\/2019\/09\/item-img-capsule-3-1.jpg\",\"width\":640,\"height\":640,\"caption\":\"Fucoidan capsule supplement, Umi No Shizuku\"},{\"@type\":\"BreadcrumbList\",\"@id\":\"https:\/\/www.kfucoidan.com\/fucoidan-capsule\/#breadcrumb\",\"itemListElement\":[{\"@type\":\"ListItem\",\"position\":1,\"name\":\"Home\",\"item\":\"https:\/\/www.kfucoidan.com\/\"},{\"@type\":\"ListItem\",\"position\":2,\"name\":\"Fucoidan Umi No Shizuku Capsule Type\"}]},{\"@type\":\"WebSite\",\"@id\":\"https:\/\/www.kfucoidan.com\/#website\",\"url\":\"https:\/\/www.kfucoidan.com\/\",\"name\":\"Fucoidan Supplement from Okinawa, Made in Japan\",\"description\":\"Best Fucoidan and Agaricus mushroom supplement for immune support\",\"publisher\":{\"@id\":\"https:\/\/www.kfucoidan.com\/#organization\"},\"potentialAction\":[{\"@type\":\"SearchAction\",\"target\":{\"@type\":\"EntryPoint\",\"urlTemplate\":\"https:\/\/www.kfucoidan.com\/?s={search_term_string}\"},\"query-input\":{\"@type\":\"PropertyValueSpecification\",\"valueRequired\":true,\"valueName\":\"search_term_string\"}}],\"inLanguage\":\"vi\"},{\"@type\":\"Organization\",\"@id\":\"https:\/\/www.kfucoidan.com\/#organization\",\"name\":\"Fucoidan Umi No shizuku\",\"url\":\"https:\/\/www.kfucoidan.com\/\",\"logo\":{\"@type\":\"ImageObject\",\"inLanguage\":\"vi\",\"@id\":\"https:\/\/www.kfucoidan.com\/#\/schema\/logo\/image\/\",\"url\":\"https:\/\/www.kfucoidan.com\/wp-content\/uploads\/2020\/08\/logo.jpg\",\"contentUrl\":\"https:\/\/www.kfucoidan.com\/wp-content\/uploads\/2020\/08\/logo.jpg\",\"width\":960,\"height\":960,\"caption\":\"Fucoidan Umi No shizuku\"},\"image\":{\"@id\":\"https:\/\/www.kfucoidan.com\/#\/schema\/logo\/image\/\"},\"sameAs\":[\"https:\/\/www.facebook.com\/kfucoidan\",\"https:\/\/x.com\/kfucoidan\",\"https:\/\/www.instagram.com\/kfucoidan\/\",\"https:\/\/www.youtube.com\/channel\/UCJ6f6KE078t9bLQpmYwdiEw\"]}]}<\/script>\n<!-- \/ Yoast SEO plugin. -->","yoast_head_json":{"title":"Fucoidan Umi No Shizuku Capsule Type - Fucoidan Supplement from Okinawa, Made in Japan","robots":{"index":"index","follow":"follow","max-snippet":"max-snippet:-1","max-image-preview":"max-image-preview:large","max-video-preview":"max-video-preview:-1"},"canonical":"https:\/\/www.kfucoidan.com\/fucoidan-capsule\/","og_locale":"vi_VN","og_type":"article","og_title":"Fucoidan Umi No Shizuku Capsule Type - Fucoidan Supplement from Okinawa, Made in Japan","og_url":"https:\/\/www.kfucoidan.com\/fucoidan-capsule\/","og_site_name":"Fucoidan Supplement from Okinawa, Made in Japan","article_publisher":"https:\/\/www.facebook.com\/kfucoidan","article_modified_time":"2021-10-28T23:29:15+00:00","og_image":[{"width":640,"height":640,"url":"https:\/\/www.kfucoidan.com\/wp-content\/uploads\/2019\/09\/item-img-capsule-3-1.jpg","type":"image\/jpeg"}],"twitter_card":"summary_large_image","twitter_site":"@kfucoidan","schema":{"@context":"https:\/\/schema.org","@graph":[{"@type":"WebPage","@id":"https:\/\/www.kfucoidan.com\/fucoidan-capsule\/","url":"https:\/\/www.kfucoidan.com\/fucoidan-capsule\/","name":"Fucoidan Umi No Shizuku Capsule Type - Fucoidan Supplement from Okinawa, Made in Japan","isPartOf":{"@id":"https:\/\/www.kfucoidan.com\/#website"},"primaryImageOfPage":{"@id":"https:\/\/www.kfucoidan.com\/fucoidan-capsule\/#primaryimage"},"image":{"@id":"https:\/\/www.kfucoidan.com\/fucoidan-capsule\/#primaryimage"},"thumbnailUrl":"https:\/\/www.kfucoidan.com\/wp-content\/uploads\/2019\/09\/item-img-capsule-3-1.jpg","datePublished":"2020-12-22T02:51:35+00:00","dateModified":"2021-10-28T23:29:15+00:00","breadcrumb":{"@id":"https:\/\/www.kfucoidan.com\/fucoidan-capsule\/#breadcrumb"},"inLanguage":"vi","potentialAction":[{"@type":"ReadAction","target":["https:\/\/www.kfucoidan.com\/fucoidan-capsule\/"]}]},{"@type":"ImageObject","inLanguage":"vi","@id":"https:\/\/www.kfucoidan.com\/fucoidan-capsule\/#primaryimage","url":"https:\/\/www.kfucoidan.com\/wp-content\/uploads\/2019\/09\/item-img-capsule-3-1.jpg","contentUrl":"https:\/\/www.kfucoidan.com\/wp-content\/uploads\/2019\/09\/item-img-capsule-3-1.jpg","width":640,"height":640,"caption":"Fucoidan capsule supplement, Umi No Shizuku"},{"@type":"BreadcrumbList","@id":"https:\/\/www.kfucoidan.com\/fucoidan-capsule\/#breadcrumb","itemListElement":[{"@type":"ListItem","position":1,"name":"Home","item":"https:\/\/www.kfucoidan.com\/"},{"@type":"ListItem","position":2,"name":"Fucoidan Umi No Shizuku Capsule Type"}]},{"@type":"WebSite","@id":"https:\/\/www.kfucoidan.com\/#website","url":"https:\/\/www.kfucoidan.com\/","name":"Fucoidan Supplement from Okinawa, Made in Japan","description":"Best Fucoidan and Agaricus mushroom supplement for immune support","publisher":{"@id":"https:\/\/www.kfucoidan.com\/#organization"},"potentialAction":[{"@type":"SearchAction","target":{"@type":"EntryPoint","urlTemplate":"https:\/\/www.kfucoidan.com\/?s={search_term_string}"},"query-input":{"@type":"PropertyValueSpecification","valueRequired":true,"valueName":"search_term_string"}}],"inLanguage":"vi"},{"@type":"Organization","@id":"https:\/\/www.kfucoidan.com\/#organization","name":"Fucoidan Umi No shizuku","url":"https:\/\/www.kfucoidan.com\/","logo":{"@type":"ImageObject","inLanguage":"vi","@id":"https:\/\/www.kfucoidan.com\/#\/schema\/logo\/image\/","url":"https:\/\/www.kfucoidan.com\/wp-content\/uploads\/2020\/08\/logo.jpg","contentUrl":"https:\/\/www.kfucoidan.com\/wp-content\/uploads\/2020\/08\/logo.jpg","width":960,"height":960,"caption":"Fucoidan Umi No shizuku"},"image":{"@id":"https:\/\/www.kfucoidan.com\/#\/schema\/logo\/image\/"},"sameAs":["https:\/\/www.facebook.com\/kfucoidan","https:\/\/x.com\/kfucoidan","https:\/\/www.instagram.com\/kfucoidan\/","https:\/\/www.youtube.com\/channel\/UCJ6f6KE078t9bLQpmYwdiEw"]}]}},"_links":{"self":[{"href":"https:\/\/www.kfucoidan.com\/vi\/wp-json\/wp\/v2\/pages\/19465","targetHints":{"allow":["GET"]}}],"collection":[{"href":"https:\/\/www.kfucoidan.com\/vi\/wp-json\/wp\/v2\/pages"}],"about":[{"href":"https:\/\/www.kfucoidan.com\/vi\/wp-json\/wp\/v2\/types\/page"}],"author":[{"embeddable":true,"href":"https:\/\/www.kfucoidan.com\/vi\/wp-json\/wp\/v2\/users\/3"}],"replies":[{"embeddable":true,"href":"https:\/\/www.kfucoidan.com\/vi\/wp-json\/wp\/v2\/comments?post=19465"}],"version-history":[{"count":8,"href":"https:\/\/www.kfucoidan.com\/vi\/wp-json\/wp\/v2\/pages\/19465\/revisions"}],"predecessor-version":[{"id":37927,"href":"https:\/\/www.kfucoidan.com\/vi\/wp-json\/wp\/v2\/pages\/19465\/revisions\/37927"}],"wp:featuredmedia":[{"embeddable":true,"href":"https:\/\/www.kfucoidan.com\/vi\/wp-json\/wp\/v2\/media\/17862"}],"wp:attachment":[{"href":"https:\/\/www.kfucoidan.com\/vi\/wp-json\/wp\/v2\/media?parent=19465"}],"curies":[{"name":"wp","href":"https:\/\/api.w.org\/{rel}","templated":true}]}}