{"id":18226,"date":"2020-09-17T15:21:13","date_gmt":"2020-09-17T22:21:13","guid":{"rendered":"https:\/\/www.kfucoidan.com\/?page_id=18226"},"modified":"2021-11-30T09:00:32","modified_gmt":"2021-11-30T17:00:32","slug":"product-safety","status":"publish","type":"page","link":"https:\/\/www.kfucoidan.com\/vi\/product-safety\/","title":{"rendered":"\u0110\u00e3 v\u01b0\u1ee3t qua ki\u1ec3m tra ch\u1ea5t ph\u00f3ng x\u1ea1 v\u00e0 kim lo\u1ea1i n\u1eb7ng."},"content":{"rendered":"<link rel=\"stylesheet\" href=\"https:\/\/stackpath.bootstrapcdn.com\/font-awesome\/4.7.0\/css\/font-awesome.min.css\" integrity=\"sha384-wvfXpqpZZVQGK6TAh5PVlGOfQNHSoD2xbE+QkPxCAFlNEevoEH3Sl0sibVcOQVnN\" crossorigin=\"anonymous\">\n<style>\n* {\n  box-sizing: border-box;\n}\n.contents {\n     width: 100%;\n     max-width: 1200px;\n     margin: auto;\n }\n .contents img {\n     width: 100%;\n }\n .text-center {\n     text-align: center;\n }\n .flexbox {\n     display: flex;\n }\n .box1 {\n     width: 50%;\n     margin: auto;\n }<\/p>\n<p> @media screen and (max-width: 767px) {\n     .flexbox {\n         display: block;\n     }\n     .flexbox .box1 {\n         width: 100%;\n         margin: 0 auto;\n     }\n     .flexbox .box1 {\n         width: 100%;\n         margin: 0 auto;\n     }\n }\n<\/style>\n<p style=\"text-align:center\">\n<img loading=\"lazy\" decoding=\"async\" src=\"https:\/\/www.kfucoidan.com\/wp-content\/uploads\/2020\/08\/safetly_title_VN.jpg\" alt=\"UMI NO SHIZUKU: Ch\u1ea5t l\u01b0\u1ee3ng v\u00e0 An to\u00e0n\" width=\"720\" height=\"150\" class=\"alignnone size-full wp-image-17692\" \/>\n<\/p>\n<h2 style=\"font-size:170%; text-align: center;\"><span style=\"color: #black; font-weight:bold; \">\u0110\u00e3 v\u01b0\u1ee3t qua ki\u1ec3m tra ch\u1ea5t ph\u00f3ng x\u1ea1 v\u00e0 kim lo\u1ea1i n\u1eb7ng.<\/span><\/h2>\n<p class=\"blogp\">UMI NO SHIZUKU l\u00e0 \u0111\u01a1n v\u1ecb \u0111\u00e3 \u0111\u01b0\u1ee3c t\u1ed5 ch\u1ee9c th\u1ee9 ba (SGS, JFRL) ki\u1ec3m nghi\u1ec7m v\u1ec1 ch\u1ea5t ph\u00f3ng x\u1ea1, kim lo\u1ea1i n\u1eb7ng v\u00e0 \u0111\u01b0\u1ee3c c\u1ea5p ch\u1ee9ng nh\u1eadn an to\u00e0n. C\u1ee5 th\u1ec3, nh\u1eefng ki\u1ec3m nghi\u1ec7m n\u00e0y cho ch\u00fang ta bi\u1ebft r\u00f5 m\u1ee9c \u0111\u1ed9 c\u1ee7a c\u00e1c ch\u1ea5t ph\u00f3ng x\u1ea1 bao g\u1ed3m i-\u1ed1t, x\u00easi trong ti\u00eau chu\u1ea9n cho ph\u00e9p, c\u0169ng nh\u01b0 \u0111\u1ed1i v\u1edbi c\u00e1c kim lo\u1ea1i n\u1eb7ng nh\u01b0 asen.\n<\/p>\n<div class=\"contents\">\n<div class=\"flexbox\">\n<div class=\"box1\">\n            <img loading=\"lazy\" decoding=\"async\" src=\"https:\/\/www.kfucoidan.com\/wp-content\/uploads\/2020\/12\/safetly_SGS_01_VN.jpg\" alt=SGS\"\" width=\"500\" height=\"311\" class=\"alignnone size-full wp-image-19641\" \/>\n         <\/div>\n<div class=\"box1\">\n            <img loading=\"lazy\" decoding=\"async\" src=\"https:\/\/www.kfucoidan.com\/wp-content\/uploads\/2020\/12\/safetly_SGS_02_VN.jpg\" alt=\"JFRL\" width=\"500\" height=\"311\" class=\"alignnone size-full wp-image-19648\" \/>\n         <\/div>\n<\/p><\/div>\n<\/p><\/div>\n<div class =\"pagebody\">\n<h3 style=\"font-size:150%;font-weight:bold;\"><i class=\"fab fa-pagelines\"><\/i> Th\u00e0nh ph\u1ea7n<\/h3>\n<p><img loading=\"lazy\" decoding=\"async\" src=\"https:\/\/www.kfucoidan.com\/wp-content\/uploads\/2020\/12\/safetly_SGS_07.jpg\" alt=\"Okinawa b\u1ea3n \u0111\u1ed3\" width=\"280\" height=\"211\" align=\"right\" class=\"size-full wp-image-19570\" \/><\/p>\n<p>Okinawa Mozuku (Cladosiphon okamuranus) c\u00f3 trong UMI NO SHIZUKU \u0111\u01b0\u1ee3c thu ho\u1ea1ch \u1edf Okinawa, c\u00e1ch Fukushima kho\u1ea3ng 1.740 km (1.081 d\u1eb7m).<\/p>\n<h3 style=\"font-size:150%;font-weight:bold;\"><i class=\"fas fa-industry\"><\/i> Nh\u00e0 m\u00e1y<\/h3>\n<p>UMI NO SHIZUKU \u0111\u01b0\u1ee3c s\u1ea3n xu\u1ea5t t\u1ea1i nh\u00e0 m\u00e1y \u0111\u01b0\u1ee3c c\u1ea5p ch\u1ee9ng nh\u1eadn c\u1ee7a Hi\u1ec7p H\u1ed9i Th\u1ef1c Ph\u1ea9m Dinh D\u01b0\u1ee1ng v\u00e0 S\u1ee9c Kh\u1ecfe Nh\u1eadt B\u1ea3n (JHNFA).<\/p>\n<h3 style=\"font-size:150%;font-weight:bold;\"><i class=\"fas fa-ship\"><\/i> Nh\u1eadp kh\u1ea9u<\/h3>\n<p>UMI NO SHIZUKU ch\u1ecbu s\u1ef1 ki\u1ec3m tra nghi\u00eam ng\u1eb7t c\u1ee7a FDA khi nh\u1eadp kh\u1ea9u v\u00e0o M\u1ef9.<\/p>\n<\/div>\n<p class =\"blogp\">\n\u0110\u1ec3 \u0111\u1ea3m b\u1ea3o r\u1eb1ng kh\u00e1ch h\u00e0ng c\u1ee7a ch\u00fang t\u00f4i ho\u00e0n to\u00e0n y\u00ean t\u00e2m khi s\u1eed d\u1ee5ng UMI NO SHIZUKU, ch\u00fang t\u00f4i t\u1eadp trung v\u00e0o ch\u1ea5t l\u01b0\u1ee3ng v\u00e0 an to\u00e0n c\u1ee7a s\u1ea3n ph\u1ea9m. Ch\u00fang t\u00f4i t\u00ecm ki\u1ebfm v\u00e0 l\u1ef1a ch\u1ecdn ngu\u1ed3n nguy\u00ean li\u1ec7u c\u00f3 ch\u1ea5t l\u01b0\u1ee3ng cao v\u00e0 th\u1ef1c hi\u1ec7n quy tr\u00ecnh qu\u1ea3n l\u00fd ch\u1ea5t l\u01b0\u1ee3ng s\u1ea3n ph\u1ea9m nghi\u00eam ng\u1eb7t.<\/p>\n","protected":false},"excerpt":{"rendered":"<p>\u0110\u00e3 v\u01b0\u1ee3t qua ki\u1ec3m tra ch\u1ea5t ph\u00f3ng x\u1ea1 v\u00e0 kim lo\u1ea1i n\u1eb7ng. UMI NO SHIZUKU l\u00e0 \u0111\u01a1n v\u1ecb \u0111\u00e3 \u0111\u01b0\u1ee3c t\u1ed5 ch\u1ee9c th\u1ee9 ba (SGS, JFRL) ki\u1ec3m nghi\u1ec7m v\u1ec1 ch\u1ea5t ph\u00f3ng x\u1ea1, kim lo\u1ea1i n\u1eb7ng v\u00e0 \u0111\u01b0\u1ee3c c\u1ea5p ch\u1ee9ng nh\u1eadn an to\u00e0n. C\u1ee5 th\u1ec3, nh\u1eefng ki\u1ec3m nghi\u1ec7m n\u00e0y cho ch\u00fang ta bi\u1ebft r\u00f5 m\u1ee9c \u0111\u1ed9 [&hellip;]<\/p>\n","protected":false},"author":2078,"featured_media":18236,"parent":0,"menu_order":0,"comment_status":"closed","ping_status":"closed","template":"","meta":{"footnotes":""},"class_list":["post-18226","page","type-page","status-publish","has-post-thumbnail","hentry"],"yoast_head":"<!-- This site is optimized with the Yoast SEO plugin v24.4 - https:\/\/yoast.com\/wordpress\/plugins\/seo\/ -->\n<title>\u0110\u00e3 v\u01b0\u1ee3t qua ki\u1ec3m tra ch\u1ea5t ph\u00f3ng x\u1ea1 v\u00e0 kim lo\u1ea1i n\u1eb7ng. - Fucoidan Supplement from Okinawa, Made in Japan<\/title>\n<meta name=\"robots\" content=\"index, follow, max-snippet:-1, max-image-preview:large, max-video-preview:-1\" \/>\n<link rel=\"canonical\" href=\"https:\/\/www.kfucoidan.com\/vi\/product-safety\/\" \/>\n<meta property=\"og:locale\" content=\"vi_VN\" \/>\n<meta property=\"og:type\" content=\"article\" \/>\n<meta property=\"og:title\" content=\"\u0110\u00e3 v\u01b0\u1ee3t qua ki\u1ec3m tra ch\u1ea5t ph\u00f3ng x\u1ea1 v\u00e0 kim lo\u1ea1i n\u1eb7ng. - Fucoidan Supplement from Okinawa, Made in Japan\" \/>\n<meta property=\"og:description\" content=\"\u0110\u00e3 v\u01b0\u1ee3t qua ki\u1ec3m tra ch\u1ea5t ph\u00f3ng x\u1ea1 v\u00e0 kim lo\u1ea1i n\u1eb7ng. UMI NO SHIZUKU l\u00e0 \u0111\u01a1n v\u1ecb \u0111\u00e3 \u0111\u01b0\u1ee3c t\u1ed5 ch\u1ee9c th\u1ee9 ba (SGS, JFRL) ki\u1ec3m nghi\u1ec7m v\u1ec1 ch\u1ea5t ph\u00f3ng x\u1ea1, kim lo\u1ea1i n\u1eb7ng v\u00e0 \u0111\u01b0\u1ee3c c\u1ea5p ch\u1ee9ng nh\u1eadn an to\u00e0n. C\u1ee5 th\u1ec3, nh\u1eefng ki\u1ec3m nghi\u1ec7m n\u00e0y cho ch\u00fang ta bi\u1ebft r\u00f5 m\u1ee9c \u0111\u1ed9 [&hellip;]\" \/>\n<meta property=\"og:url\" content=\"https:\/\/www.kfucoidan.com\/vi\/product-safety\/\" \/>\n<meta property=\"og:site_name\" content=\"Fucoidan Supplement from Okinawa, Made in Japan\" \/>\n<meta property=\"article:publisher\" content=\"https:\/\/www.facebook.com\/kfucoidan\" \/>\n<meta property=\"article:modified_time\" content=\"2021-11-30T17:00:32+00:00\" \/>\n<meta property=\"og:image\" content=\"https:\/\/www.kfucoidan.com\/wp-content\/uploads\/2020\/09\/safetly_SGS_02_VN.jpg\" \/>\n\t<meta property=\"og:image:width\" content=\"720\" \/>\n\t<meta property=\"og:image:height\" content=\"448\" \/>\n\t<meta property=\"og:image:type\" content=\"image\/jpeg\" \/>\n<meta name=\"twitter:card\" content=\"summary_large_image\" \/>\n<meta name=\"twitter:site\" content=\"@kfucoidan\" \/>\n<meta name=\"twitter:label1\" content=\"\u01af\u1edbc t\u00ednh th\u1eddi gian \u0111\u1ecdc\" \/>\n\t<meta name=\"twitter:data1\" content=\"2 ph\u00fat\" \/>\n<script type=\"application\/ld+json\" class=\"yoast-schema-graph\">{\"@context\":\"https:\/\/schema.org\",\"@graph\":[{\"@type\":\"WebPage\",\"@id\":\"https:\/\/www.kfucoidan.com\/vi\/product-safety\/\",\"url\":\"https:\/\/www.kfucoidan.com\/vi\/product-safety\/\",\"name\":\"\u0110\u00e3 v\u01b0\u1ee3t qua ki\u1ec3m tra ch\u1ea5t ph\u00f3ng x\u1ea1 v\u00e0 kim lo\u1ea1i n\u1eb7ng. - Fucoidan Supplement from Okinawa, Made in Japan\",\"isPartOf\":{\"@id\":\"https:\/\/www.kfucoidan.com\/#website\"},\"primaryImageOfPage\":{\"@id\":\"https:\/\/www.kfucoidan.com\/vi\/product-safety\/#primaryimage\"},\"image\":{\"@id\":\"https:\/\/www.kfucoidan.com\/vi\/product-safety\/#primaryimage\"},\"thumbnailUrl\":\"https:\/\/www.kfucoidan.com\/wp-content\/uploads\/2020\/09\/safetly_SGS_02_VN.jpg\",\"datePublished\":\"2020-09-17T22:21:13+00:00\",\"dateModified\":\"2021-11-30T17:00:32+00:00\",\"breadcrumb\":{\"@id\":\"https:\/\/www.kfucoidan.com\/vi\/product-safety\/#breadcrumb\"},\"inLanguage\":\"vi\",\"potentialAction\":[{\"@type\":\"ReadAction\",\"target\":[\"https:\/\/www.kfucoidan.com\/vi\/product-safety\/\"]}]},{\"@type\":\"ImageObject\",\"inLanguage\":\"vi\",\"@id\":\"https:\/\/www.kfucoidan.com\/vi\/product-safety\/#primaryimage\",\"url\":\"https:\/\/www.kfucoidan.com\/wp-content\/uploads\/2020\/09\/safetly_SGS_02_VN.jpg\",\"contentUrl\":\"https:\/\/www.kfucoidan.com\/wp-content\/uploads\/2020\/09\/safetly_SGS_02_VN.jpg\",\"width\":720,\"height\":448},{\"@type\":\"BreadcrumbList\",\"@id\":\"https:\/\/www.kfucoidan.com\/vi\/product-safety\/#breadcrumb\",\"itemListElement\":[{\"@type\":\"ListItem\",\"position\":1,\"name\":\"Home\",\"item\":\"https:\/\/www.kfucoidan.com\/\"},{\"@type\":\"ListItem\",\"position\":2,\"name\":\"\u0110\u00e3 v\u01b0\u1ee3t qua ki\u1ec3m tra ch\u1ea5t ph\u00f3ng x\u1ea1 v\u00e0 kim lo\u1ea1i n\u1eb7ng.\"}]},{\"@type\":\"WebSite\",\"@id\":\"https:\/\/www.kfucoidan.com\/#website\",\"url\":\"https:\/\/www.kfucoidan.com\/\",\"name\":\"Fucoidan Supplement from Okinawa, Made in Japan\",\"description\":\"Best Fucoidan and Agaricus mushroom supplement for immune support\",\"publisher\":{\"@id\":\"https:\/\/www.kfucoidan.com\/#organization\"},\"potentialAction\":[{\"@type\":\"SearchAction\",\"target\":{\"@type\":\"EntryPoint\",\"urlTemplate\":\"https:\/\/www.kfucoidan.com\/?s={search_term_string}\"},\"query-input\":{\"@type\":\"PropertyValueSpecification\",\"valueRequired\":true,\"valueName\":\"search_term_string\"}}],\"inLanguage\":\"vi\"},{\"@type\":\"Organization\",\"@id\":\"https:\/\/www.kfucoidan.com\/#organization\",\"name\":\"Fucoidan Umi No shizuku\",\"url\":\"https:\/\/www.kfucoidan.com\/\",\"logo\":{\"@type\":\"ImageObject\",\"inLanguage\":\"vi\",\"@id\":\"https:\/\/www.kfucoidan.com\/#\/schema\/logo\/image\/\",\"url\":\"https:\/\/www.kfucoidan.com\/wp-content\/uploads\/2020\/08\/logo.jpg\",\"contentUrl\":\"https:\/\/www.kfucoidan.com\/wp-content\/uploads\/2020\/08\/logo.jpg\",\"width\":960,\"height\":960,\"caption\":\"Fucoidan Umi No shizuku\"},\"image\":{\"@id\":\"https:\/\/www.kfucoidan.com\/#\/schema\/logo\/image\/\"},\"sameAs\":[\"https:\/\/www.facebook.com\/kfucoidan\",\"https:\/\/x.com\/kfucoidan\",\"https:\/\/www.instagram.com\/kfucoidan\/\",\"https:\/\/www.youtube.com\/channel\/UCJ6f6KE078t9bLQpmYwdiEw\"]}]}<\/script>\n<!-- \/ Yoast SEO plugin. -->","yoast_head_json":{"title":"\u0110\u00e3 v\u01b0\u1ee3t qua ki\u1ec3m tra ch\u1ea5t ph\u00f3ng x\u1ea1 v\u00e0 kim lo\u1ea1i n\u1eb7ng. - Fucoidan Supplement from Okinawa, Made in Japan","robots":{"index":"index","follow":"follow","max-snippet":"max-snippet:-1","max-image-preview":"max-image-preview:large","max-video-preview":"max-video-preview:-1"},"canonical":"https:\/\/www.kfucoidan.com\/vi\/product-safety\/","og_locale":"vi_VN","og_type":"article","og_title":"\u0110\u00e3 v\u01b0\u1ee3t qua ki\u1ec3m tra ch\u1ea5t ph\u00f3ng x\u1ea1 v\u00e0 kim lo\u1ea1i n\u1eb7ng. - Fucoidan Supplement from Okinawa, Made in Japan","og_description":"\u0110\u00e3 v\u01b0\u1ee3t qua ki\u1ec3m tra ch\u1ea5t ph\u00f3ng x\u1ea1 v\u00e0 kim lo\u1ea1i n\u1eb7ng. UMI NO SHIZUKU l\u00e0 \u0111\u01a1n v\u1ecb \u0111\u00e3 \u0111\u01b0\u1ee3c t\u1ed5 ch\u1ee9c th\u1ee9 ba (SGS, JFRL) ki\u1ec3m nghi\u1ec7m v\u1ec1 ch\u1ea5t ph\u00f3ng x\u1ea1, kim lo\u1ea1i n\u1eb7ng v\u00e0 \u0111\u01b0\u1ee3c c\u1ea5p ch\u1ee9ng nh\u1eadn an to\u00e0n. C\u1ee5 th\u1ec3, nh\u1eefng ki\u1ec3m nghi\u1ec7m n\u00e0y cho ch\u00fang ta bi\u1ebft r\u00f5 m\u1ee9c \u0111\u1ed9 [&hellip;]","og_url":"https:\/\/www.kfucoidan.com\/vi\/product-safety\/","og_site_name":"Fucoidan Supplement from Okinawa, Made in Japan","article_publisher":"https:\/\/www.facebook.com\/kfucoidan","article_modified_time":"2021-11-30T17:00:32+00:00","og_image":[{"width":720,"height":448,"url":"https:\/\/www.kfucoidan.com\/wp-content\/uploads\/2020\/09\/safetly_SGS_02_VN.jpg","type":"image\/jpeg"}],"twitter_card":"summary_large_image","twitter_site":"@kfucoidan","twitter_misc":{"\u01af\u1edbc t\u00ednh th\u1eddi gian \u0111\u1ecdc":"2 ph\u00fat"},"schema":{"@context":"https:\/\/schema.org","@graph":[{"@type":"WebPage","@id":"https:\/\/www.kfucoidan.com\/vi\/product-safety\/","url":"https:\/\/www.kfucoidan.com\/vi\/product-safety\/","name":"\u0110\u00e3 v\u01b0\u1ee3t qua ki\u1ec3m tra ch\u1ea5t ph\u00f3ng x\u1ea1 v\u00e0 kim lo\u1ea1i n\u1eb7ng. - Fucoidan Supplement from Okinawa, Made in Japan","isPartOf":{"@id":"https:\/\/www.kfucoidan.com\/#website"},"primaryImageOfPage":{"@id":"https:\/\/www.kfucoidan.com\/vi\/product-safety\/#primaryimage"},"image":{"@id":"https:\/\/www.kfucoidan.com\/vi\/product-safety\/#primaryimage"},"thumbnailUrl":"https:\/\/www.kfucoidan.com\/wp-content\/uploads\/2020\/09\/safetly_SGS_02_VN.jpg","datePublished":"2020-09-17T22:21:13+00:00","dateModified":"2021-11-30T17:00:32+00:00","breadcrumb":{"@id":"https:\/\/www.kfucoidan.com\/vi\/product-safety\/#breadcrumb"},"inLanguage":"vi","potentialAction":[{"@type":"ReadAction","target":["https:\/\/www.kfucoidan.com\/vi\/product-safety\/"]}]},{"@type":"ImageObject","inLanguage":"vi","@id":"https:\/\/www.kfucoidan.com\/vi\/product-safety\/#primaryimage","url":"https:\/\/www.kfucoidan.com\/wp-content\/uploads\/2020\/09\/safetly_SGS_02_VN.jpg","contentUrl":"https:\/\/www.kfucoidan.com\/wp-content\/uploads\/2020\/09\/safetly_SGS_02_VN.jpg","width":720,"height":448},{"@type":"BreadcrumbList","@id":"https:\/\/www.kfucoidan.com\/vi\/product-safety\/#breadcrumb","itemListElement":[{"@type":"ListItem","position":1,"name":"Home","item":"https:\/\/www.kfucoidan.com\/"},{"@type":"ListItem","position":2,"name":"\u0110\u00e3 v\u01b0\u1ee3t qua ki\u1ec3m tra ch\u1ea5t ph\u00f3ng x\u1ea1 v\u00e0 kim lo\u1ea1i n\u1eb7ng."}]},{"@type":"WebSite","@id":"https:\/\/www.kfucoidan.com\/#website","url":"https:\/\/www.kfucoidan.com\/","name":"Fucoidan Supplement from Okinawa, Made in Japan","description":"Best Fucoidan and Agaricus mushroom supplement for immune support","publisher":{"@id":"https:\/\/www.kfucoidan.com\/#organization"},"potentialAction":[{"@type":"SearchAction","target":{"@type":"EntryPoint","urlTemplate":"https:\/\/www.kfucoidan.com\/?s={search_term_string}"},"query-input":{"@type":"PropertyValueSpecification","valueRequired":true,"valueName":"search_term_string"}}],"inLanguage":"vi"},{"@type":"Organization","@id":"https:\/\/www.kfucoidan.com\/#organization","name":"Fucoidan Umi No shizuku","url":"https:\/\/www.kfucoidan.com\/","logo":{"@type":"ImageObject","inLanguage":"vi","@id":"https:\/\/www.kfucoidan.com\/#\/schema\/logo\/image\/","url":"https:\/\/www.kfucoidan.com\/wp-content\/uploads\/2020\/08\/logo.jpg","contentUrl":"https:\/\/www.kfucoidan.com\/wp-content\/uploads\/2020\/08\/logo.jpg","width":960,"height":960,"caption":"Fucoidan Umi No shizuku"},"image":{"@id":"https:\/\/www.kfucoidan.com\/#\/schema\/logo\/image\/"},"sameAs":["https:\/\/www.facebook.com\/kfucoidan","https:\/\/x.com\/kfucoidan","https:\/\/www.instagram.com\/kfucoidan\/","https:\/\/www.youtube.com\/channel\/UCJ6f6KE078t9bLQpmYwdiEw"]}]}},"_links":{"self":[{"href":"https:\/\/www.kfucoidan.com\/vi\/wp-json\/wp\/v2\/pages\/18226","targetHints":{"allow":["GET"]}}],"collection":[{"href":"https:\/\/www.kfucoidan.com\/vi\/wp-json\/wp\/v2\/pages"}],"about":[{"href":"https:\/\/www.kfucoidan.com\/vi\/wp-json\/wp\/v2\/types\/page"}],"author":[{"embeddable":true,"href":"https:\/\/www.kfucoidan.com\/vi\/wp-json\/wp\/v2\/users\/2078"}],"replies":[{"embeddable":true,"href":"https:\/\/www.kfucoidan.com\/vi\/wp-json\/wp\/v2\/comments?post=18226"}],"version-history":[{"count":6,"href":"https:\/\/www.kfucoidan.com\/vi\/wp-json\/wp\/v2\/pages\/18226\/revisions"}],"predecessor-version":[{"id":212538,"href":"https:\/\/www.kfucoidan.com\/vi\/wp-json\/wp\/v2\/pages\/18226\/revisions\/212538"}],"wp:featuredmedia":[{"embeddable":true,"href":"https:\/\/www.kfucoidan.com\/vi\/wp-json\/wp\/v2\/media\/18236"}],"wp:attachment":[{"href":"https:\/\/www.kfucoidan.com\/vi\/wp-json\/wp\/v2\/media?parent=18226"}],"curies":[{"name":"wp","href":"https:\/\/api.w.org\/{rel}","templated":true}]}}