{"id":17691,"date":"2021-10-21T11:18:05","date_gmt":"2021-10-21T18:18:05","guid":{"rendered":"https:\/\/www.kfucoidan.com\/?page_id=17691"},"modified":"2022-09-26T14:00:48","modified_gmt":"2022-09-26T21:00:48","slug":"jhfa-certification","status":"publish","type":"page","link":"https:\/\/www.kfucoidan.com\/vi\/jhfa-certification\/","title":{"rendered":"\u0110\u1ed9 an to\u00e0n s\u1ea3n ph\u1ea9m: JHFA Certification"},"content":{"rendered":"<p style=\"text-align:center\">\n<img loading=\"lazy\" decoding=\"async\" class=\"alignnone size-full wp-image-17692\"  src=\"https:\/\/www.kfucoidan.com\/wp-content\/uploads\/2020\/08\/safetly_title_VN.jpg\" alt=\"\" width=\"600\" height=\"125\" \/>\n<\/p>\n<h2 style=\"font-size: 170%; text-align: center;\"><span style=\"color: #black; font-weight: bold; \">Ch\u1ee9ng nh\u1eadn JHFA: l\u00e0 m\u1ed9t d\u1ea5u hi\u1ec7u ch\u1ee9ng nh\u1eadn an to\u00e0n v\u00e0 ti\u00eau chu\u1ea9n ch\u1ea5t l\u01b0\u1ee3ng v\u1ec1 th\u1ef1c ph\u1ea9m b\u1ea3o v\u1ec7 s\u1ee9c kh\u1ecfe<\/span><\/h2>\n<p class =\"blogp\">\nJHFA l\u00e0 ch\u1ee9ng nh\u1eadn c\u1ee7a Hi\u1ec7p h\u1ed9i Th\u1ef1c ph\u1ea9m Dinh d\u01b0\u1ee1ng v\u00e0 S\u1ee9c kh\u1ecfe Nh\u1eadt B\u1ea3n (JHNFA) \u0111\u1ec3 ki\u1ec3m nghi\u1ec7m, x\u00e1c nh\u1eadn c\u00e1c th\u1ef1c ph\u1ea9m b\u1ea3o v\u1ec7 s\u1ee9c kh\u1ecfe ph\u00f9 h\u1ee3p theo ti\u00eau chu\u1ea9n c\u1ee7a Hi\u1ec7p h\u1ed9i d\u1ef1a tr\u00ean n\u1ec1n t\u1ea3ng v\u00ec l\u1ee3i \u00edch c\u1ed9ng \u0111\u1ed3ng. C\u00e1c ti\u00eau chu\u1ea9n c\u1ee7a JHFA c\u1ef1c k\u1ef3 nghi\u00eam ng\u1eb7t v\u00e0 n\u1ebfu b\u1ea5t k\u1ef3 s\u1ea3n ph\u1ea9m n\u00e0o \u0111\u01b0\u1ee3c coi l\u00e0 kh\u00f4ng ph\u00f9 h\u1ee3p s\u1ebd kh\u00f4ng \u0111\u01b0\u1ee3c c\u1ea5p ch\u1ee9ng nh\u1eadn n\u00e0y. M\u1eb7c d\u00f9 hi\u1ec7n nay, c\u00f3 r\u1ea5t nhi\u1ec1u s\u1ea3n ph\u1ea9m Fucoidan tr\u00ean th\u1ecb tr\u01b0\u1eddng nh\u01b0ng ch\u1ea5t l\u01b0\u1ee3ng c\u1ee7a nh\u00e3n hi\u1ec7u UMI NO SHIZUKU \u0111\u00e3 \u0111\u01b0\u1ee3c ch\u1ee9ng nh\u1eadn b\u1edfi m\u1ed9t t\u1ed5 ch\u1ee9c th\u1ee9 ba c\u00f3 ngh\u0129a l\u00e0 b\u1ea1n c\u00f3 th\u1ec3 ho\u00e0n to\u00e0n y\u00ean t\u00e2m s\u1eed d\u1ee5ng s\u1ea3n ph\u1ea9m c\u1ee7a ch\u00fang t\u00f4i.<\/p>\n<p style=\"text-align:center\">\n<img loading=\"lazy\" decoding=\"async\" src=\"https:\/\/www.kfucoidan.com\/wp-content\/uploads\/2022\/09\/JHFA-3-VN-scaled.jpg\" alt=\"Ba ti\u00eau chu\u1ea9n ch\u00ednh c\u1ee7a ch\u1ee9ng nh\u1eadn JHFA\" width=\"672\" height=\"351\" class=\"alignnone size-full wp-image-19634\" \/>\n<\/p>\n<p style=\"text-align:center\">\n<img loading=\"lazy\" decoding=\"async\" src=\"https:\/\/www.kfucoidan.com\/wp-content\/uploads\/2020\/12\/safetly_JHFA_02.jpg\" alt=\"JHFA y\u00eau c\u1ea7u s\u1ea3n ph\u1ea9m ph\u1ea3i \u0111\u01b0\u01a1c ki\u1ec3m nghi\u1ec7m\" width=\"672\" height=\"284\" class=\"alignnone size-full wp-image-19532\" \/>\n<\/p>\n<p class =\"blogp\">\nC\u00f3 r\u1ea5t nhi\u1ec1u s\u1ea3n ph\u1ea9m \u0111\u01b0\u1ee3c qu\u1ea3ng c\u00e1o l\u00e0 s\u1ea3n xu\u1ea5t t\u1ea1i Nh\u1eadt nh\u01b0ng th\u1ef1c t\u1ebf kh\u00f4ng c\u00f3 nhi\u1ec1u lo\u1ea1i \u0111\u01b0\u1ee3c b\u00e1n t\u1ea1i Nh\u1eadt. JHFA y\u00eau c\u1ea7u c\u00e1c s\u1ea3n ph\u1ea9m ph\u1ea3i \u0111\u01b0\u1ee3c s\u1ea3n xu\u1ea5t t\u1ea1i c\u00e1c nh\u00e0 m\u00e1y \u0111\u01b0\u1ee3c t\u1ed5 ch\u1ee9c JHNFA c\u00f4ng nh\u1eadn v\u00e0 ph\u1ea3i c\u00f3 h\u1ed3 s\u01a1 x\u00e1c minh vi\u1ec7c c\u00e1c s\u1ea3n ph\u1ea9m Fucoidan \u0111\u01b0\u1ee3c ph\u00e2n ph\u1ed1i v\u00e0 b\u00e1n t\u1ea1i Nh\u1eadt.<\/p>\n<p style=\"text-align:center\">\n<img loading=\"lazy\" decoding=\"async\" src=\"https:\/\/www.kfucoidan.com\/wp-content\/uploads\/2020\/12\/safetly_JHFA_03.jpg\" alt=\"chu\u1ed7i cao ph\u00e2n t\u1eed polysaccharide\" width=\"672\" height=\"284\" class=\"alignnone size-full wp-image-19539\" \/>\n<\/p>\n<p class =\"blogp\">\nC\u00f3 r\u1ea5t nhi\u1ec1u c\u00f4ng d\u1ee5ng c\u1ee7a Fucoidan t\u1eeb chu\u1ed7i polysaccharide ph\u00e2n t\u1eed cao. C\u00f3 m\u1ed9t lo\u1ea1i Fucoidan ph\u00e2n t\u1eed th\u1ea5p c\u0169ng c\u00f3 th\u1ec3 s\u1eed d\u1ee5ng \u0111\u01b0\u1ee3c nh\u01b0ng JHFA ch\u1ec9 c\u1ea5p ch\u1ee9ng nh\u1eadn cho c\u00e1c s\u1ea3n ph\u1ea9m Fucoidan ph\u00e2n t\u1eed cao, g\u1ea7n v\u1edbi Fucoidan t\u1ef1 nhi\u00ean h\u01a1n v\u00e0 c\u00f3 hi\u1ec7u qu\u1ea3 t\u1ed1i \u01b0u h\u01a1n. C\u1ee5 th\u1ec3, JHFA y\u00eau c\u1ea7u c\u00e1c s\u1ea3n ph\u1ea9m \u0111\u01b0\u1ee3c c\u1ea5p ch\u1ee9ng nh\u1eadn ph\u1ea3i \u0111\u01b0\u1ee3c l\u00e0m t\u1eeb \u00edt nh\u1ea5t 70% Fucoidan ph\u00e2n t\u1eed cao v\u1edbi tr\u1ecdng l\u01b0\u1ee3ng ph\u00e2n t\u1eed t\u1eeb 10,000 tr\u1edf l\u00ean.<\/p>\n<p style=\"text-align:center\">\n<img loading=\"lazy\" decoding=\"async\" src=\"https:\/\/www.kfucoidan.com\/wp-content\/uploads\/2020\/12\/safetly_JHFA_04.jpg\" alt=\"Okinawa Mozuku\" width=\"672\" height=\"284\" class=\"alignnone size-full wp-image-19546\" \/><\/p>\n<p class =\"blogp\">\n\u0110i\u1ec1u quan tr\u1ecdng l\u00e0 ch\u1ea5t l\u01b0\u1ee3ng v\u00e0 th\u00e0nh ph\u1ea7n nguy\u00ean li\u1ec7u c\u1ee7a c\u00e1c th\u1ef1c ph\u1ea9m ch\u1ee9c n\u0103ng kh\u00f4ng ch\u1ec9 \u0111\u01b0\u1ee3c x\u00e9t duy\u1ec7t t\u1eeb c\u00e1c nh\u00e0 s\u1ea3n xu\u1ea5t m\u00e0 c\u00f2n b\u1edfi m\u1ed9t t\u1ed5 ch\u1ee9c th\u1ee9 ba. JHFA s\u1ebd ch\u1ec9 c\u1ea5p ch\u1ee9ng nh\u1eadn cho c\u00e1c s\u1ea3n ph\u1ea9m c\u00f3 ngu\u1ed3n g\u1ed1c t\u1eeb nh\u1eefng lo\u1ea1i Fucoidan ch\u1ea5t l\u01b0\u1ee3ng cao, c\u1ee5 th\u1ec3 l\u00e0 Okinawa Mozuku (Cladosiphon okamuranus), Mekabu (Undaria pinnatifida) v\u00e0 t\u1ea3o b\u1eb9 Gagome Kombu (Saccharina sculpera).<br \/>\n * S\u1ea3n ph\u1ea9m \u0111\u01b0\u1ee3c l\u00e0m t\u1eeb Fucoidan c\u00f3 ngu\u1ed3n g\u1ed1c t\u1eeb Hibamata (Fucus) s\u1ebd kh\u00f4ng \u0111\u01b0\u1ee3c c\u1ea5p ch\u1ee9ng nh\u1eadn.<\/p>\n","protected":false},"excerpt":{"rendered":"<p>Ch\u1ee9ng nh\u1eadn JHFA: l\u00e0 m\u1ed9t d\u1ea5u hi\u1ec7u ch\u1ee9ng nh\u1eadn an to\u00e0n v\u00e0 ti\u00eau chu\u1ea9n ch\u1ea5t l\u01b0\u1ee3ng v\u1ec1 th\u1ef1c ph\u1ea9m b\u1ea3o v\u1ec7 s\u1ee9c kh\u1ecfe JHFA l\u00e0 ch\u1ee9ng nh\u1eadn c\u1ee7a Hi\u1ec7p h\u1ed9i Th\u1ef1c ph\u1ea9m Dinh d\u01b0\u1ee1ng v\u00e0 S\u1ee9c kh\u1ecfe Nh\u1eadt B\u1ea3n (JHNFA) \u0111\u1ec3 ki\u1ec3m nghi\u1ec7m, x\u00e1c nh\u1eadn c\u00e1c th\u1ef1c ph\u1ea9m b\u1ea3o v\u1ec7 s\u1ee9c kh\u1ecfe ph\u00f9 h\u1ee3p theo [&hellip;]<\/p>\n","protected":false},"author":2078,"featured_media":17700,"parent":0,"menu_order":0,"comment_status":"closed","ping_status":"closed","template":"","meta":{"footnotes":""},"class_list":["post-17691","page","type-page","status-publish","has-post-thumbnail","hentry"],"yoast_head":"<!-- This site is optimized with the Yoast SEO plugin v24.4 - https:\/\/yoast.com\/wordpress\/plugins\/seo\/ -->\n<title>\u0110\u1ed9 an to\u00e0n s\u1ea3n ph\u1ea9m: JHFA Certification - Fucoidan Supplement from Okinawa, Made in Japan<\/title>\n<meta name=\"robots\" content=\"index, follow, max-snippet:-1, max-image-preview:large, max-video-preview:-1\" \/>\n<link rel=\"canonical\" href=\"https:\/\/www.kfucoidan.com\/vi\/jhfa-certification\/\" \/>\n<meta property=\"og:locale\" content=\"vi_VN\" \/>\n<meta property=\"og:type\" content=\"article\" \/>\n<meta property=\"og:title\" content=\"\u0110\u1ed9 an to\u00e0n s\u1ea3n ph\u1ea9m: JHFA Certification - Fucoidan Supplement from Okinawa, Made in Japan\" \/>\n<meta property=\"og:description\" content=\"Ch\u1ee9ng nh\u1eadn JHFA: l\u00e0 m\u1ed9t d\u1ea5u hi\u1ec7u ch\u1ee9ng nh\u1eadn an to\u00e0n v\u00e0 ti\u00eau chu\u1ea9n ch\u1ea5t l\u01b0\u1ee3ng v\u1ec1 th\u1ef1c ph\u1ea9m b\u1ea3o v\u1ec7 s\u1ee9c kh\u1ecfe JHFA l\u00e0 ch\u1ee9ng nh\u1eadn c\u1ee7a Hi\u1ec7p h\u1ed9i Th\u1ef1c ph\u1ea9m Dinh d\u01b0\u1ee1ng v\u00e0 S\u1ee9c kh\u1ecfe Nh\u1eadt B\u1ea3n (JHNFA) \u0111\u1ec3 ki\u1ec3m nghi\u1ec7m, x\u00e1c nh\u1eadn c\u00e1c th\u1ef1c ph\u1ea9m b\u1ea3o v\u1ec7 s\u1ee9c kh\u1ecfe ph\u00f9 h\u1ee3p theo [&hellip;]\" \/>\n<meta property=\"og:url\" content=\"https:\/\/www.kfucoidan.com\/vi\/jhfa-certification\/\" \/>\n<meta property=\"og:site_name\" content=\"Fucoidan Supplement from Okinawa, Made in Japan\" \/>\n<meta property=\"article:publisher\" content=\"https:\/\/www.facebook.com\/kfucoidan\" \/>\n<meta property=\"article:modified_time\" content=\"2022-09-26T21:00:48+00:00\" \/>\n<meta property=\"og:image\" content=\"https:\/\/www.kfucoidan.com\/wp-content\/uploads\/2020\/08\/safetly_JHFA_01_VN.jpg\" \/>\n\t<meta property=\"og:image:width\" content=\"672\" \/>\n\t<meta property=\"og:image:height\" content=\"351\" \/>\n\t<meta property=\"og:image:type\" content=\"image\/jpeg\" \/>\n<meta name=\"twitter:card\" content=\"summary_large_image\" \/>\n<meta name=\"twitter:site\" content=\"@kfucoidan\" \/>\n<meta name=\"twitter:label1\" content=\"\u01af\u1edbc t\u00ednh th\u1eddi gian \u0111\u1ecdc\" \/>\n\t<meta name=\"twitter:data1\" content=\"3 ph\u00fat\" \/>\n<script type=\"application\/ld+json\" class=\"yoast-schema-graph\">{\"@context\":\"https:\/\/schema.org\",\"@graph\":[{\"@type\":\"WebPage\",\"@id\":\"https:\/\/www.kfucoidan.com\/vi\/jhfa-certification\/\",\"url\":\"https:\/\/www.kfucoidan.com\/vi\/jhfa-certification\/\",\"name\":\"\u0110\u1ed9 an to\u00e0n s\u1ea3n ph\u1ea9m: JHFA Certification - Fucoidan Supplement from Okinawa, Made in Japan\",\"isPartOf\":{\"@id\":\"https:\/\/www.kfucoidan.com\/#website\"},\"primaryImageOfPage\":{\"@id\":\"https:\/\/www.kfucoidan.com\/vi\/jhfa-certification\/#primaryimage\"},\"image\":{\"@id\":\"https:\/\/www.kfucoidan.com\/vi\/jhfa-certification\/#primaryimage\"},\"thumbnailUrl\":\"https:\/\/www.kfucoidan.com\/wp-content\/uploads\/2020\/08\/safetly_JHFA_01_VN.jpg\",\"datePublished\":\"2021-10-21T18:18:05+00:00\",\"dateModified\":\"2022-09-26T21:00:48+00:00\",\"breadcrumb\":{\"@id\":\"https:\/\/www.kfucoidan.com\/vi\/jhfa-certification\/#breadcrumb\"},\"inLanguage\":\"vi\",\"potentialAction\":[{\"@type\":\"ReadAction\",\"target\":[\"https:\/\/www.kfucoidan.com\/vi\/jhfa-certification\/\"]}]},{\"@type\":\"ImageObject\",\"inLanguage\":\"vi\",\"@id\":\"https:\/\/www.kfucoidan.com\/vi\/jhfa-certification\/#primaryimage\",\"url\":\"https:\/\/www.kfucoidan.com\/wp-content\/uploads\/2020\/08\/safetly_JHFA_01_VN.jpg\",\"contentUrl\":\"https:\/\/www.kfucoidan.com\/wp-content\/uploads\/2020\/08\/safetly_JHFA_01_VN.jpg\",\"width\":672,\"height\":351},{\"@type\":\"BreadcrumbList\",\"@id\":\"https:\/\/www.kfucoidan.com\/vi\/jhfa-certification\/#breadcrumb\",\"itemListElement\":[{\"@type\":\"ListItem\",\"position\":1,\"name\":\"Home\",\"item\":\"https:\/\/www.kfucoidan.com\/\"},{\"@type\":\"ListItem\",\"position\":2,\"name\":\"\u0110\u1ed9 an to\u00e0n s\u1ea3n ph\u1ea9m: JHFA Certification\"}]},{\"@type\":\"WebSite\",\"@id\":\"https:\/\/www.kfucoidan.com\/#website\",\"url\":\"https:\/\/www.kfucoidan.com\/\",\"name\":\"Fucoidan Supplement from Okinawa, Made in Japan\",\"description\":\"Best Fucoidan and Agaricus mushroom supplement for immune support\",\"publisher\":{\"@id\":\"https:\/\/www.kfucoidan.com\/#organization\"},\"potentialAction\":[{\"@type\":\"SearchAction\",\"target\":{\"@type\":\"EntryPoint\",\"urlTemplate\":\"https:\/\/www.kfucoidan.com\/?s={search_term_string}\"},\"query-input\":{\"@type\":\"PropertyValueSpecification\",\"valueRequired\":true,\"valueName\":\"search_term_string\"}}],\"inLanguage\":\"vi\"},{\"@type\":\"Organization\",\"@id\":\"https:\/\/www.kfucoidan.com\/#organization\",\"name\":\"Fucoidan Umi No shizuku\",\"url\":\"https:\/\/www.kfucoidan.com\/\",\"logo\":{\"@type\":\"ImageObject\",\"inLanguage\":\"vi\",\"@id\":\"https:\/\/www.kfucoidan.com\/#\/schema\/logo\/image\/\",\"url\":\"https:\/\/www.kfucoidan.com\/wp-content\/uploads\/2020\/08\/logo.jpg\",\"contentUrl\":\"https:\/\/www.kfucoidan.com\/wp-content\/uploads\/2020\/08\/logo.jpg\",\"width\":960,\"height\":960,\"caption\":\"Fucoidan Umi No shizuku\"},\"image\":{\"@id\":\"https:\/\/www.kfucoidan.com\/#\/schema\/logo\/image\/\"},\"sameAs\":[\"https:\/\/www.facebook.com\/kfucoidan\",\"https:\/\/x.com\/kfucoidan\",\"https:\/\/www.instagram.com\/kfucoidan\/\",\"https:\/\/www.youtube.com\/channel\/UCJ6f6KE078t9bLQpmYwdiEw\"]}]}<\/script>\n<!-- \/ Yoast SEO plugin. -->","yoast_head_json":{"title":"\u0110\u1ed9 an to\u00e0n s\u1ea3n ph\u1ea9m: JHFA Certification - Fucoidan Supplement from Okinawa, Made in Japan","robots":{"index":"index","follow":"follow","max-snippet":"max-snippet:-1","max-image-preview":"max-image-preview:large","max-video-preview":"max-video-preview:-1"},"canonical":"https:\/\/www.kfucoidan.com\/vi\/jhfa-certification\/","og_locale":"vi_VN","og_type":"article","og_title":"\u0110\u1ed9 an to\u00e0n s\u1ea3n ph\u1ea9m: JHFA Certification - Fucoidan Supplement from Okinawa, Made in Japan","og_description":"Ch\u1ee9ng nh\u1eadn JHFA: l\u00e0 m\u1ed9t d\u1ea5u hi\u1ec7u ch\u1ee9ng nh\u1eadn an to\u00e0n v\u00e0 ti\u00eau chu\u1ea9n ch\u1ea5t l\u01b0\u1ee3ng v\u1ec1 th\u1ef1c ph\u1ea9m b\u1ea3o v\u1ec7 s\u1ee9c kh\u1ecfe JHFA l\u00e0 ch\u1ee9ng nh\u1eadn c\u1ee7a Hi\u1ec7p h\u1ed9i Th\u1ef1c ph\u1ea9m Dinh d\u01b0\u1ee1ng v\u00e0 S\u1ee9c kh\u1ecfe Nh\u1eadt B\u1ea3n (JHNFA) \u0111\u1ec3 ki\u1ec3m nghi\u1ec7m, x\u00e1c nh\u1eadn c\u00e1c th\u1ef1c ph\u1ea9m b\u1ea3o v\u1ec7 s\u1ee9c kh\u1ecfe ph\u00f9 h\u1ee3p theo [&hellip;]","og_url":"https:\/\/www.kfucoidan.com\/vi\/jhfa-certification\/","og_site_name":"Fucoidan Supplement from Okinawa, Made in Japan","article_publisher":"https:\/\/www.facebook.com\/kfucoidan","article_modified_time":"2022-09-26T21:00:48+00:00","og_image":[{"width":672,"height":351,"url":"https:\/\/www.kfucoidan.com\/wp-content\/uploads\/2020\/08\/safetly_JHFA_01_VN.jpg","type":"image\/jpeg"}],"twitter_card":"summary_large_image","twitter_site":"@kfucoidan","twitter_misc":{"\u01af\u1edbc t\u00ednh th\u1eddi gian \u0111\u1ecdc":"3 ph\u00fat"},"schema":{"@context":"https:\/\/schema.org","@graph":[{"@type":"WebPage","@id":"https:\/\/www.kfucoidan.com\/vi\/jhfa-certification\/","url":"https:\/\/www.kfucoidan.com\/vi\/jhfa-certification\/","name":"\u0110\u1ed9 an to\u00e0n s\u1ea3n ph\u1ea9m: JHFA Certification - Fucoidan Supplement from Okinawa, Made in Japan","isPartOf":{"@id":"https:\/\/www.kfucoidan.com\/#website"},"primaryImageOfPage":{"@id":"https:\/\/www.kfucoidan.com\/vi\/jhfa-certification\/#primaryimage"},"image":{"@id":"https:\/\/www.kfucoidan.com\/vi\/jhfa-certification\/#primaryimage"},"thumbnailUrl":"https:\/\/www.kfucoidan.com\/wp-content\/uploads\/2020\/08\/safetly_JHFA_01_VN.jpg","datePublished":"2021-10-21T18:18:05+00:00","dateModified":"2022-09-26T21:00:48+00:00","breadcrumb":{"@id":"https:\/\/www.kfucoidan.com\/vi\/jhfa-certification\/#breadcrumb"},"inLanguage":"vi","potentialAction":[{"@type":"ReadAction","target":["https:\/\/www.kfucoidan.com\/vi\/jhfa-certification\/"]}]},{"@type":"ImageObject","inLanguage":"vi","@id":"https:\/\/www.kfucoidan.com\/vi\/jhfa-certification\/#primaryimage","url":"https:\/\/www.kfucoidan.com\/wp-content\/uploads\/2020\/08\/safetly_JHFA_01_VN.jpg","contentUrl":"https:\/\/www.kfucoidan.com\/wp-content\/uploads\/2020\/08\/safetly_JHFA_01_VN.jpg","width":672,"height":351},{"@type":"BreadcrumbList","@id":"https:\/\/www.kfucoidan.com\/vi\/jhfa-certification\/#breadcrumb","itemListElement":[{"@type":"ListItem","position":1,"name":"Home","item":"https:\/\/www.kfucoidan.com\/"},{"@type":"ListItem","position":2,"name":"\u0110\u1ed9 an to\u00e0n s\u1ea3n ph\u1ea9m: JHFA Certification"}]},{"@type":"WebSite","@id":"https:\/\/www.kfucoidan.com\/#website","url":"https:\/\/www.kfucoidan.com\/","name":"Fucoidan Supplement from Okinawa, Made in Japan","description":"Best Fucoidan and Agaricus mushroom supplement for immune support","publisher":{"@id":"https:\/\/www.kfucoidan.com\/#organization"},"potentialAction":[{"@type":"SearchAction","target":{"@type":"EntryPoint","urlTemplate":"https:\/\/www.kfucoidan.com\/?s={search_term_string}"},"query-input":{"@type":"PropertyValueSpecification","valueRequired":true,"valueName":"search_term_string"}}],"inLanguage":"vi"},{"@type":"Organization","@id":"https:\/\/www.kfucoidan.com\/#organization","name":"Fucoidan Umi No shizuku","url":"https:\/\/www.kfucoidan.com\/","logo":{"@type":"ImageObject","inLanguage":"vi","@id":"https:\/\/www.kfucoidan.com\/#\/schema\/logo\/image\/","url":"https:\/\/www.kfucoidan.com\/wp-content\/uploads\/2020\/08\/logo.jpg","contentUrl":"https:\/\/www.kfucoidan.com\/wp-content\/uploads\/2020\/08\/logo.jpg","width":960,"height":960,"caption":"Fucoidan Umi No shizuku"},"image":{"@id":"https:\/\/www.kfucoidan.com\/#\/schema\/logo\/image\/"},"sameAs":["https:\/\/www.facebook.com\/kfucoidan","https:\/\/x.com\/kfucoidan","https:\/\/www.instagram.com\/kfucoidan\/","https:\/\/www.youtube.com\/channel\/UCJ6f6KE078t9bLQpmYwdiEw"]}]}},"_links":{"self":[{"href":"https:\/\/www.kfucoidan.com\/vi\/wp-json\/wp\/v2\/pages\/17691","targetHints":{"allow":["GET"]}}],"collection":[{"href":"https:\/\/www.kfucoidan.com\/vi\/wp-json\/wp\/v2\/pages"}],"about":[{"href":"https:\/\/www.kfucoidan.com\/vi\/wp-json\/wp\/v2\/types\/page"}],"author":[{"embeddable":true,"href":"https:\/\/www.kfucoidan.com\/vi\/wp-json\/wp\/v2\/users\/2078"}],"replies":[{"embeddable":true,"href":"https:\/\/www.kfucoidan.com\/vi\/wp-json\/wp\/v2\/comments?post=17691"}],"version-history":[{"count":6,"href":"https:\/\/www.kfucoidan.com\/vi\/wp-json\/wp\/v2\/pages\/17691\/revisions"}],"predecessor-version":[{"id":216922,"href":"https:\/\/www.kfucoidan.com\/vi\/wp-json\/wp\/v2\/pages\/17691\/revisions\/216922"}],"wp:featuredmedia":[{"embeddable":true,"href":"https:\/\/www.kfucoidan.com\/vi\/wp-json\/wp\/v2\/media\/17700"}],"wp:attachment":[{"href":"https:\/\/www.kfucoidan.com\/vi\/wp-json\/wp\/v2\/media?parent=17691"}],"curies":[{"name":"wp","href":"https:\/\/api.w.org\/{rel}","templated":true}]}}